{"id":5305,"date":"2024-05-22T06:50:50","date_gmt":"2024-05-22T06:50:50","guid":{"rendered":"https:\/\/23b13e8ab3.nxcli.io\/poland\/?post_type=product&#038;p=5305"},"modified":"2024-08-22T05:30:46","modified_gmt":"2024-08-22T05:30:46","slug":"energizer-vision-hd-350-headlight","status":"publish","type":"product","link":"https:\/\/energizer.com\/eu\/poland\/product\/energizer-vision-hd-350-headlight\/","title":{"rendered":"Energizer VISION HD+ 350 Headlight"},"content":{"rendered":"<ul>\n<li>Reflektor czo\u0142owy Energizer Vision HD+ LED z 3 bateriami AAA w zestawie<\/li>\n<li>Technologia LED: Ta mocna czo\u0142\u00f3wka o mocy 350 lumen\u00f3w ma zasi\u0119g 80 metr\u00f3w i zapewnia 4 razy ja\u015bniejsze \u015bwiat\u0142o ni\u017c standardowa technologia LED<\/li>\n<li>Nowa technologia wdra\u017cania: Unikaj przechodzenia przez dodatkowe cykle i natychmiast wy\u0142\u0105cz swoj\u0105 czo\u0142\u00f3wk\u0119 Energizer LED jednym naci\u015bni\u0119ciem<\/li>\n<li>Trwa\u0142a konstrukcja: Idealna do d\u0142ugotrwa\u0142ego u\u017cytkowania, ta wodoszczelna czo\u0142\u00f3wka Energizer IPX4 wytrzymuje test upadku z wysoko\u015bci 1 metra<\/li>\n<li>Wszechstronna lampka g\u0142o\u015bnom\u00f3wi\u0105ca: Ta \u0142atwa w u\u017cyciu, kompaktowa czo\u0142\u00f3wka poradzi sobie z przerwami w dostawie pr\u0105du, majsterkowaniem i nie tylko<\/li>\n<li>Wygodna konstrukcja: Skieruj \u015bwiat\u0142o tam, gdzie go potrzebujesz, dzi\u0119ki tej lekkiej czo\u0142\u00f3wce z obrotow\u0105 g\u0142owic\u0105<\/li>\n<li>Niezawodne zasilanie: Zaufaj firmie Energizer, kt\u00f3ra dostarcza obiecan\u0105 mocn\u0105 wydajno\u015b\u0107 \u2013 wszystkie \u015bwiat\u0142a Energizer s\u0105 testowane i spe\u0142niaj\u0105 rygorystyczne, niezawodne standardy ANSI<\/li>\n<\/ul>\n","protected":false},"excerpt":{"rendered":"<p>Miej wolne r\u0119ce i ciesz si\u0119 ka\u017cd\u0105 przygod\u0105 w pe\u0142ni dzi\u0119ki tej lekkiej i wszechstronnej latarce czo\u0142owej. Latarka czo\u0142owa LED Energizer Vision HD+ jest zar\u00f3wno kompaktowa, jak i nie wymaga u\u017cycia r\u0105k &#8211; idealna do majsterkowania i czynno\u015bci wymagaj\u0105cych u\u017cycia dw\u00f3ch r\u0105k. O\u015bwietli ci drog\u0119 podczas ka\u017cdej eskapady po zmroku, niezale\u017cnie od tego, czy jeste\u015b na biwaku, wspinaczce, czy wychodzisz pobiega\u0107. Ta latarka czo\u0142owa LED o mocy 350 lumen\u00f3w o\u015bwietli nawet najciemniejsze miejsca, \u015bwiec\u0105c na odleg\u0142o\u015b\u0107 do 80 metr\u00f3w w trybie wysokim &#8211; daj\u0105c ci wystarczaj\u0105c\u0105 ilo\u015b\u0107 \u015bwiat\u0142a dok\u0142adnie tam, gdzie go potrzebujesz. Dzi\u0119ki funkcji Next Push Off Technology mo\u017cna unikn\u0105\u0107 klikania przez dodatkowe cykle, a dzi\u0119ki opcji \u015bciemniania mo\u017cna kontrolowa\u0107 intensywno\u015b\u0107 \u015bwiat\u0142a. Wybierz idealny tryb o\u015bwietlenia dla swojej aktywno\u015bci, wybieraj\u0105c pomi\u0119dzy trybem czerwonym, wysokim \u015bwiat\u0142em punktowym i trybem reflektora, niskim \u015bwiat\u0142em punktowym i trybem reflektora lub wysokim \u015bwiat\u0142em punktowym i niskim trybem reflektora. Wygodny design i trwa\u0142a, wodoodporna konstrukcja tej lampy czo\u0142owej Energizer zapewnia optymalny komfort i wszechstronno\u015b\u0107 podczas ka\u017cdej przygody w pomieszczeniu lub na zewn\u0105trz. Toruj\u0105c drog\u0119 przeno\u015bnemu o\u015bwietleniu od ponad 120 lat, Energizer wprowadzi\u0142 na rynek pierwsz\u0105 na \u015bwiecie wodoodporn\u0105 latark\u0119 w 1970 roku. Energizer sprawia, \u017ce o\u015bwietlanie drogi jest \u0142atwe.<\/p>\n","protected":false},"featured_media":0,"template":"","meta":{"_acf_changed":false},"product_brand":[],"product_cat":[43],"product_tag":[],"class_list":{"0":"post-5305","1":"product","2":"type-product","3":"status-publish","5":"product_cat-hands-free","7":"first","8":"instock","9":"shipping-taxable","10":"product-type-simple"},"acf":[],"_links":{"self":[{"href":"https:\/\/energizer.com\/eu\/poland\/wp-json\/wp\/v2\/product\/5305","targetHints":{"allow":["GET"]}}],"collection":[{"href":"https:\/\/energizer.com\/eu\/poland\/wp-json\/wp\/v2\/product"}],"about":[{"href":"https:\/\/energizer.com\/eu\/poland\/wp-json\/wp\/v2\/types\/product"}],"version-history":[{"count":7,"href":"https:\/\/energizer.com\/eu\/poland\/wp-json\/wp\/v2\/product\/5305\/revisions"}],"predecessor-version":[{"id":9816,"href":"https:\/\/energizer.com\/eu\/poland\/wp-json\/wp\/v2\/product\/5305\/revisions\/9816"}],"wp:attachment":[{"href":"https:\/\/energizer.com\/eu\/poland\/wp-json\/wp\/v2\/media?parent=5305"}],"wp:term":[{"taxonomy":"product_brand","embeddable":true,"href":"https:\/\/energizer.com\/eu\/poland\/wp-json\/wp\/v2\/product_brand?post=5305"},{"taxonomy":"product_cat","embeddable":true,"href":"https:\/\/energizer.com\/eu\/poland\/wp-json\/wp\/v2\/product_cat?post=5305"},{"taxonomy":"product_tag","embeddable":true,"href":"https:\/\/energizer.com\/eu\/poland\/wp-json\/wp\/v2\/product_tag?post=5305"}],"curies":[{"name":"wp","href":"https:\/\/api.w.org\/{rel}","templated":true}]}}