{"id":5307,"date":"2024-05-22T06:55:22","date_gmt":"2024-05-22T06:55:22","guid":{"rendered":"https:\/\/23b13e8ab3.nxcli.io\/poland\/?post_type=product&#038;p=5307"},"modified":"2024-08-22T05:30:44","modified_gmt":"2024-08-22T05:30:44","slug":"energizer-led-lantern","status":"publish","type":"product","link":"https:\/\/energizer.com\/eu\/poland\/product\/energizer-led-lantern\/","title":{"rendered":"Energizer LED Lantern"},"content":{"rendered":"<ul>\n<li>Zaprojektowany do unoszenia si\u0119 na wodzie<\/li>\n<li>Wydajny reflektor &amp; soczewka<\/li>\n<li>\u0141atwy do trzymania uchwyt<\/li>\n<li>Detal przeciwwa\u0142kowy<\/li>\n<li>1 dioda LED<\/li>\n<li>Dzia\u0142a z 2 x lub 4 x baterie D (brak w zestawie)<\/li>\n<\/ul>\n","protected":false},"excerpt":{"rendered":"<p>Jasna i niezawodna latarnia LED Energizer to doskona\u0142y wyb\u00f3r do codziennych zastosowa\u0144. Dzi\u0119ki trwa\u0142ej technologii LED to ergonomiczne rozwi\u0105zanie \u015bwieci nawet 5 razy ja\u015bniej ni\u017c standardowa technologia LED. Dzi\u0119ki technologii POWER SWITCH u\u017cytkownicy zyskuj\u0105 tak\u017ce elastyczno\u015b\u0107 pracy z 2 lub 4 bateriami. U\u017cytkownicy mog\u0105 by\u0107 gotowi na codzienne lub awaryjne sytuacje, korzystaj\u0105c tylko z 2 baterii D lub mog\u0105 wyd\u0142u\u017cy\u0107 czas pracy o kilka dni, korzystaj\u0105c z 4 baterii D. Dzi\u0119ki godzinom jasnego, jednolitego \u015bwiat\u0142a u\u017cytkownicy b\u0119d\u0105 przygotowani do r\u00f3\u017cnorodnych zada\u0144 na zewn\u0105trz i wewn\u0105trz.<\/p>\n","protected":false},"featured_media":0,"template":"","meta":{"_acf_changed":false},"product_brand":[],"product_cat":[97],"product_tag":[],"class_list":{"0":"post-5307","1":"product","2":"type-product","3":"status-publish","5":"product_cat-handheld","7":"first","8":"instock","9":"shipping-taxable","10":"product-type-simple"},"acf":[],"_links":{"self":[{"href":"https:\/\/energizer.com\/eu\/poland\/wp-json\/wp\/v2\/product\/5307","targetHints":{"allow":["GET"]}}],"collection":[{"href":"https:\/\/energizer.com\/eu\/poland\/wp-json\/wp\/v2\/product"}],"about":[{"href":"https:\/\/energizer.com\/eu\/poland\/wp-json\/wp\/v2\/types\/product"}],"version-history":[{"count":7,"href":"https:\/\/energizer.com\/eu\/poland\/wp-json\/wp\/v2\/product\/5307\/revisions"}],"predecessor-version":[{"id":10511,"href":"https:\/\/energizer.com\/eu\/poland\/wp-json\/wp\/v2\/product\/5307\/revisions\/10511"}],"wp:attachment":[{"href":"https:\/\/energizer.com\/eu\/poland\/wp-json\/wp\/v2\/media?parent=5307"}],"wp:term":[{"taxonomy":"product_brand","embeddable":true,"href":"https:\/\/energizer.com\/eu\/poland\/wp-json\/wp\/v2\/product_brand?post=5307"},{"taxonomy":"product_cat","embeddable":true,"href":"https:\/\/energizer.com\/eu\/poland\/wp-json\/wp\/v2\/product_cat?post=5307"},{"taxonomy":"product_tag","embeddable":true,"href":"https:\/\/energizer.com\/eu\/poland\/wp-json\/wp\/v2\/product_tag?post=5307"}],"curies":[{"name":"wp","href":"https:\/\/api.w.org\/{rel}","templated":true}]}}