{"id":5359,"date":"2024-05-22T07:35:41","date_gmt":"2024-05-22T07:35:41","guid":{"rendered":"https:\/\/23b13e8ab3.nxcli.io\/poland\/?post_type=product&#038;p=5359"},"modified":"2024-08-22T05:30:41","modified_gmt":"2024-08-22T05:30:41","slug":"energizer-fusioncompact2in1","status":"publish","type":"product","link":"https:\/\/energizer.com\/eu\/poland\/product\/energizer-fusioncompact2in1\/","title":{"rendered":"Energizer Fusion Compact 2 in 1"},"content":{"rendered":"<ul>\n<li>Dwa \u015bwiat\u0142a w jednym &#8211; dwufunkcyjna pochodnia i latarka dzia\u0142aj\u0105 na 2 bateriach Energizer MAX AAA (w zestawie)<\/li>\n<li>Zapewnia 60 lumen\u00f3w* \u017cywego \u015bwiat\u0142a LED, kt\u00f3re \u015bwieci przez 15 godzin**, a wszystko to w wygodnym, kieszonkowym etui<\/li>\n<li>Solidna, wodoodporna konstrukcja i miejsce na smycz sprawiaj\u0105, \u017ce idealnie nadaje si\u0119 zar\u00f3wno do u\u017cytku w domu, jak i na zewn\u0105trz, od braku pr\u0105du po nocne spacery z psami<\/li>\n<li>\u0141atwo prze\u0142\u0105czaj \u015bwiat\u0142o mi\u0119dzy trybem punktowym i obszarowym za naci\u015bni\u0119ciem jednego przycisku<\/li>\n<li>Smuk\u0142a, lekka konstrukcja idealnie nadaje si\u0119 do przechowywania wsz\u0119dzie tam, gdzie mo\u017ce by\u0107 potrzebna latarnia awaryjna lub latarka LED<\/li>\n<\/ul>\n","protected":false},"excerpt":{"rendered":"<p>Idealna do kieszeni, torebek, konsoli samochodowych i toreb roboczych, lampa Energizer Compact 2 w 1 jest gotowa do u\u017cycia dzi\u0119ki 60 lumenom* jasnego \u015bwiat\u0142a LED. \u0141atwe prze\u0142\u0105czanie mi\u0119dzy trybem punktowym i obszarowym za naci\u015bni\u0119ciem jednego przycisku. Dzi\u0119ki smuk\u0142ym i lekkim designie ta kompaktowa latarka pasuje i mo\u017cna j\u0105 zabra\u0107 wsz\u0119dzie. P\u0142askie boki umo\u017cliwiaj\u0105 od\u0142o\u017cenie go, ustawienie i prac\u0119 bez u\u017cycia r\u0105k. W domu mo\u017cesz znale\u017a\u0107 pami\u0105tki przechowywane na strychu, sprawdzi\u0107, czy pod \u0142\u00f3\u017ckiem nie ma potwor\u00f3w, lub robi\u0107 przerachunki podczas przerwy w dostawie pr\u0105du. Dzi\u0119ki 15 godzinom pracy** i wodoodpornej obudowie jest r\u00f3wnie przydatny na \u015bwie\u017cym powietrzu, na biwakach i nocnych spacerach z psami, a tak\u017ce w sytuacjach wymagaj\u0105cych o\u015bwietlenia awaryjnego, np. w przypadku awarii samochodu. To mini latarka. To latarnia LED. To wszechstronna latarka Energizer Compact 2 w 1. Zawiera 2 baterie Energizer MAX AAA.<\/p>\n","protected":false},"featured_media":0,"template":"","meta":{"_acf_changed":false},"product_brand":[],"product_cat":[97],"product_tag":[],"class_list":{"0":"post-5359","1":"product","2":"type-product","3":"status-publish","5":"product_cat-handheld","7":"first","8":"instock","9":"shipping-taxable","10":"product-type-simple"},"acf":[],"_links":{"self":[{"href":"https:\/\/energizer.com\/eu\/poland\/wp-json\/wp\/v2\/product\/5359","targetHints":{"allow":["GET"]}}],"collection":[{"href":"https:\/\/energizer.com\/eu\/poland\/wp-json\/wp\/v2\/product"}],"about":[{"href":"https:\/\/energizer.com\/eu\/poland\/wp-json\/wp\/v2\/types\/product"}],"version-history":[{"count":7,"href":"https:\/\/energizer.com\/eu\/poland\/wp-json\/wp\/v2\/product\/5359\/revisions"}],"predecessor-version":[{"id":9818,"href":"https:\/\/energizer.com\/eu\/poland\/wp-json\/wp\/v2\/product\/5359\/revisions\/9818"}],"wp:attachment":[{"href":"https:\/\/energizer.com\/eu\/poland\/wp-json\/wp\/v2\/media?parent=5359"}],"wp:term":[{"taxonomy":"product_brand","embeddable":true,"href":"https:\/\/energizer.com\/eu\/poland\/wp-json\/wp\/v2\/product_brand?post=5359"},{"taxonomy":"product_cat","embeddable":true,"href":"https:\/\/energizer.com\/eu\/poland\/wp-json\/wp\/v2\/product_cat?post=5359"},{"taxonomy":"product_tag","embeddable":true,"href":"https:\/\/energizer.com\/eu\/poland\/wp-json\/wp\/v2\/product_tag?post=5359"}],"curies":[{"name":"wp","href":"https:\/\/api.w.org\/{rel}","templated":true}]}}