{"id":5361,"date":"2024-05-22T07:37:05","date_gmt":"2024-05-22T07:37:05","guid":{"rendered":"https:\/\/23b13e8ab3.nxcli.io\/poland\/?post_type=product&#038;p=5361"},"modified":"2024-08-22T05:30:38","modified_gmt":"2024-08-22T05:30:38","slug":"energizer-waterproof-handheld-led-torch","status":"publish","type":"product","link":"https:\/\/energizer.com\/eu\/poland\/product\/energizer-waterproof-handheld-led-torch\/","title":{"rendered":"Energizer Waterproof Handheld LED Torch"},"content":{"rendered":"<ul>\n<li>Wytrzyma\u0142a, wodoodporna latarka LED zasilana 2 bateriami Energizer MAX AA (w zestawie)<\/li>\n<li>Dzi\u0119ki wodoodpornej technologii latarka nie tylko unosi si\u0119 na wodzie, ale tak\u017ce dzia\u0142a nawet po ca\u0142kowitym zanurzeniu (na g\u0142\u0119boko\u015b\u0107 1 metra przez maksymalnie 30 minut)<\/li>\n<li>Ta latarka zapewnia 35 godzin \u015bwiat\u0142a i 55 lumen\u00f3w, 4 razy ja\u015bniej ni\u017c standardowa technologia LED<\/li>\n<li>Dzi\u0119ki odporno\u015bci na upadki z wysoko\u015bci do 1 metra, dobrze widocznej pomara\u0144czowej obudowie i panelom odblaskowym to \u015bwiat\u0142o idealnie sprawdza si\u0119 jako latarka awaryjna<\/li>\n<li>Zaprojektowana z my\u015bl\u0105 o niezawodno\u015bci w niezliczonych sytuacjach, od projekt\u00f3w DIY w domu, przez zaj\u0119cia na \u015bwie\u017cym powietrzu, takie jak w\u0119dr\u00f3wki i biwakowanie, po sytuacje awaryjne<\/li>\n<\/ul>\n","protected":false},"excerpt":{"rendered":"<p>Zabierz t\u0119 latark\u0119 na basen. Do lasu. A nawet przez huragan. Wodoodporna latarka r\u0119czna Energizer jest przeznaczona do pracy w mokrych warunkach. Zanurz j\u0105 na g\u0142\u0119boko\u015b\u0107 do 1 metra, a nawet po 30 minutach ta latarka LED nadal emituje 55 lumen\u00f3w jasnego \u015bwiat\u0142a przy 35-godzinnym czasie pracy. Co si\u0119 stanie, je\u015bli b\u0119dziesz w wodzie i j\u0105 pu\u015bcisz? Bez obaw \u2013 p\u0142ywa. A gdyby to nie by\u0142o wystarczaj\u0105co imponuj\u0105ce, ta latarka sprawdza si\u0119 r\u00f3wnie dobrze na suchym l\u0105dzie. Jest odporny na uderzenia i upadki z wysoko\u015bci 1 metra na beton. Je\u015bli lubisz by\u0107 przygotowany na sytuacje awaryjne (takie jak naprawy samochodu na poboczu lub przerwy w dostawie pr\u0105du), jest dost\u0119pny w Twoim ulubionym kolorze: pomara\u0144czowy o wysokiej widoczno\u015bci.<\/p>\n","protected":false},"featured_media":0,"template":"","meta":{"_acf_changed":false},"product_brand":[],"product_cat":[97],"product_tag":[],"class_list":{"0":"post-5361","1":"product","2":"type-product","3":"status-publish","5":"product_cat-handheld","7":"first","8":"instock","9":"shipping-taxable","10":"product-type-simple"},"acf":[],"_links":{"self":[{"href":"https:\/\/energizer.com\/eu\/poland\/wp-json\/wp\/v2\/product\/5361","targetHints":{"allow":["GET"]}}],"collection":[{"href":"https:\/\/energizer.com\/eu\/poland\/wp-json\/wp\/v2\/product"}],"about":[{"href":"https:\/\/energizer.com\/eu\/poland\/wp-json\/wp\/v2\/types\/product"}],"version-history":[{"count":5,"href":"https:\/\/energizer.com\/eu\/poland\/wp-json\/wp\/v2\/product\/5361\/revisions"}],"predecessor-version":[{"id":9819,"href":"https:\/\/energizer.com\/eu\/poland\/wp-json\/wp\/v2\/product\/5361\/revisions\/9819"}],"wp:attachment":[{"href":"https:\/\/energizer.com\/eu\/poland\/wp-json\/wp\/v2\/media?parent=5361"}],"wp:term":[{"taxonomy":"product_brand","embeddable":true,"href":"https:\/\/energizer.com\/eu\/poland\/wp-json\/wp\/v2\/product_brand?post=5361"},{"taxonomy":"product_cat","embeddable":true,"href":"https:\/\/energizer.com\/eu\/poland\/wp-json\/wp\/v2\/product_cat?post=5361"},{"taxonomy":"product_tag","embeddable":true,"href":"https:\/\/energizer.com\/eu\/poland\/wp-json\/wp\/v2\/product_tag?post=5361"}],"curies":[{"name":"wp","href":"https:\/\/api.w.org\/{rel}","templated":true}]}}