{"id":5363,"date":"2024-05-22T07:38:50","date_gmt":"2024-05-22T07:38:50","guid":{"rendered":"https:\/\/23b13e8ab3.nxcli.io\/poland\/?post_type=product&#038;p=5363"},"modified":"2024-08-22T05:30:34","modified_gmt":"2024-08-22T05:30:34","slug":"energizer-led-torch-2","status":"publish","type":"product","link":"https:\/\/energizer.com\/eu\/poland\/product\/energizer-led-torch-2\/","title":{"rendered":"Energizer LED Torch 1500"},"content":{"rendered":"<ul>\n<li>Pot\u0119\u017cna latarka LED Energizer Vision HD Ultra Digital Focus z 6 bateriami Energizer AA w zestawie<\/li>\n<li>Super jasna latarka: Ta latarka LED o mocy 1500 lumen\u00f3w zapewnia wyj\u0105tkow\u0105 jasno\u015b\u0107 i wysok\u0105 wydajno\u015b\u0107, umo\u017cliwiaj\u0105c widoczno\u015b\u0107 do 230 metr\u00f3w<\/li>\n<li>Cyfrowa ostro\u015b\u0107: Doskona\u0142a kontrola wi\u0105zki z \u0142atwo\u015bci\u0105 jedn\u0105 r\u0119k\u0105<\/li>\n<li>Konstrukcja z wytrzyma\u0142ego stopu: Metalowa obudowa z aluminium lotniczego i konstrukcja IPX4 zapewniaj\u0105 ochron\u0119 przed uszkodzeniami i zachlapaniami<\/li>\n<li>Godziny pracy: Latarka Energizer LED mo\u017ce \u015bwieci\u0107 do 15 godzin w trybie oszcz\u0119dzania energii<\/li>\n<li>Lekki: Trzymaj t\u0119 lekk\u0105, wszechstronn\u0105 i wydajn\u0105 latark\u0119 w szufladzie, samochodzie, domowym zestawie awaryjnym lub no\u015b j\u0105 w torbie<\/li>\n<li>Godna zaufania technologia MAX-VIZ: Pot\u0119\u017cna technologia Energizera odtwarza \u015bwiat\u0142o dzienne, zapewniaj\u0105c obraz w wysokiej rozdzielczo\u015bci, na kt\u00f3rym mo\u017cesz polega\u0107<\/li>\n<\/ul>\n","protected":false},"excerpt":{"rendered":"<p>O\u015bwietl swoje otoczenie bez wysi\u0142ku dzi\u0119ki tej wydajnej, super jasnej latarce. Latarka r\u0119czna LED Energizer Vision HD Ultra Digital Focus zapewnia wyj\u0105tkow\u0105 jasno\u015b\u0107 nawet przez 15 godzin w trybie oszcz\u0119dzania energii &#8211; idealne rozwi\u0105zanie, gdy wyruszasz na przygod\u0119 lub przygotowujesz si\u0119 do domowych sytuacji awaryjnych. Bez wzgl\u0119du na to, czy jeste\u015b na biwaku, w\u0119drujesz po g\u00f3rach, czy zabrak\u0142o pr\u0105du, miej pod r\u0119k\u0105 latark\u0119 Energizer, aby odnale\u017a\u0107 drog\u0119 w ciemno\u015bci. Latarka LED o jasno\u015bci 1500 lumen\u00f3w mo\u017ce rozja\u015bni\u0107 najciemniejsze miejsca, o\u015bwietlaj\u0105c do 230 metr\u00f3w w trybie wysokim. Funkcja cyfrowej regulacji ostro\u015bci zapewnia doskona\u0142\u0105 kontrol\u0119 nad wi\u0105zk\u0105 \u015bwiat\u0142a, z \u0142atwo\u015bci\u0105 obs\u0142ugiwan\u0105 jedn\u0105 r\u0119k\u0105, p\u0142ynnie przechodz\u0105c od ostrego blasku do szerszej ostro\u015bci.<\/p>\n","protected":false},"featured_media":0,"template":"","meta":{"_acf_changed":false},"product_brand":[],"product_cat":[97],"product_tag":[],"class_list":{"0":"post-5363","1":"product","2":"type-product","3":"status-publish","5":"product_cat-handheld","7":"first","8":"instock","9":"shipping-taxable","10":"product-type-simple"},"acf":[],"_links":{"self":[{"href":"https:\/\/energizer.com\/eu\/poland\/wp-json\/wp\/v2\/product\/5363","targetHints":{"allow":["GET"]}}],"collection":[{"href":"https:\/\/energizer.com\/eu\/poland\/wp-json\/wp\/v2\/product"}],"about":[{"href":"https:\/\/energizer.com\/eu\/poland\/wp-json\/wp\/v2\/types\/product"}],"version-history":[{"count":5,"href":"https:\/\/energizer.com\/eu\/poland\/wp-json\/wp\/v2\/product\/5363\/revisions"}],"predecessor-version":[{"id":9820,"href":"https:\/\/energizer.com\/eu\/poland\/wp-json\/wp\/v2\/product\/5363\/revisions\/9820"}],"wp:attachment":[{"href":"https:\/\/energizer.com\/eu\/poland\/wp-json\/wp\/v2\/media?parent=5363"}],"wp:term":[{"taxonomy":"product_brand","embeddable":true,"href":"https:\/\/energizer.com\/eu\/poland\/wp-json\/wp\/v2\/product_brand?post=5363"},{"taxonomy":"product_cat","embeddable":true,"href":"https:\/\/energizer.com\/eu\/poland\/wp-json\/wp\/v2\/product_cat?post=5363"},{"taxonomy":"product_tag","embeddable":true,"href":"https:\/\/energizer.com\/eu\/poland\/wp-json\/wp\/v2\/product_tag?post=5363"}],"curies":[{"name":"wp","href":"https:\/\/api.w.org\/{rel}","templated":true}]}}