{"id":5372,"date":"2024-05-22T07:59:31","date_gmt":"2024-05-22T07:59:31","guid":{"rendered":"https:\/\/23b13e8ab3.nxcli.io\/poland\/?post_type=product&#038;p=5372"},"modified":"2024-08-22T05:30:16","modified_gmt":"2024-08-22T05:30:16","slug":"energizer-rechargeable-torch","status":"publish","type":"product","link":"https:\/\/energizer.com\/eu\/poland\/product\/energizer-rechargeable-torch\/","title":{"rendered":"Energizer Rechargeable Torch 1200"},"content":{"rendered":"<ul>\n<li>Metalowa latarka akumulatorowa Energizer Vision HD z cyfrowym ustawianiem ostro\u015bci i dwukierunkowym kablem \u0142aduj\u0105cym USB<\/li>\n<li>Super jasna latarka: Ta akumulatorowa latarka LED o mocy 1200 lumen\u00f3w zapewnia wyj\u0105tkow\u0105 jasno\u015b\u0107 i wysok\u0105 wydajno\u015b\u0107, umo\u017cliwiaj\u0105c widoczno\u015b\u0107 do 200 metr\u00f3w<\/li>\n<li>Cyfrowa ostro\u015b\u0107: Doskona\u0142a kontrola wi\u0105zki dzi\u0119ki \u0142atwej obs\u0142udze jedn\u0105 r\u0119k\u0105<\/li>\n<li>Zasilanie akumulatorowe: Ta metalowa latarka ma wej\u015bcia i wyj\u015bcia USB, dzi\u0119ki czemu mo\u017cna jej u\u017cywa\u0107 do \u0142adowania innych urz\u0105dze\u0144, a tak\u017ce samej latarki<\/li>\n<li>Trwa\u0142a konstrukcja: Wytrzyma\u0142y korpus z aluminium lotniczego i konstrukcja IPX4 zapewniaj\u0105 ochron\u0119 przed uszkodzeniami i zachlapaniami<\/li>\n<li>Godziny pracy: Latarka o du\u017cej mocy mo\u017ce \u015bwieci\u0107 a\u017c do 8 godzin w trybie niskim<\/li>\n<li>Godna zaufania technologia MAX-VIZ: Pot\u0119\u017cna technologia Energizera odtwarza \u015bwiat\u0142o dzienne, zapewniaj\u0105c obraz w wysokiej rozdzielczo\u015bci, na kt\u00f3rym mo\u017cesz polega\u0107<\/li>\n<\/ul>\n","protected":false},"excerpt":{"rendered":"<p>O\u015bwietl swoje otoczenie bez wysi\u0142ku dzi\u0119ki tej wydajnej, super jasnej latarce. Metalowa latarka Energizer Vision HD Rechargeable zapewnia wyj\u0105tkow\u0105 jasno\u015b\u0107 &#8211; niezale\u017cnie od tego, czy wyruszasz na spotkanie z przygod\u0105, czy przygotowujesz si\u0119 do domowych sytuacji awaryjnych. Idealna na kempingu, podczas majsterkowania lub w przypadku przerw w dostawie pr\u0105du w domu, latarka akumulatorowa Energizer pomo\u017ce ci odnale\u017a\u0107 drog\u0119 w ciemno\u015bci. Ta \u0142adowalna latarka LED o mocy 1200 lumen\u00f3w rozja\u015bni najciemniejsze miejsca, o\u015bwietlaj\u0105c do 200 metr\u00f3w w trybie wysokim. Funkcja cyfrowej regulacji ostro\u015bci zapewnia doskona\u0142\u0105 kontrol\u0119 nad wi\u0105zk\u0105 \u015bwiat\u0142a, z \u0142atwo\u015bci\u0105 obs\u0142ugiwan\u0105 jedn\u0105 r\u0119k\u0105, p\u0142ynnie przechodz\u0105c od ostrego blasku do szerokiej ostro\u015bci.<\/p>\n","protected":false},"featured_media":0,"template":"","meta":{"_acf_changed":false},"product_brand":[],"product_cat":[97],"product_tag":[],"class_list":{"0":"post-5372","1":"product","2":"type-product","3":"status-publish","5":"product_cat-handheld","7":"first","8":"instock","9":"shipping-taxable","10":"product-type-simple"},"acf":[],"_links":{"self":[{"href":"https:\/\/energizer.com\/eu\/poland\/wp-json\/wp\/v2\/product\/5372","targetHints":{"allow":["GET"]}}],"collection":[{"href":"https:\/\/energizer.com\/eu\/poland\/wp-json\/wp\/v2\/product"}],"about":[{"href":"https:\/\/energizer.com\/eu\/poland\/wp-json\/wp\/v2\/types\/product"}],"version-history":[{"count":6,"href":"https:\/\/energizer.com\/eu\/poland\/wp-json\/wp\/v2\/product\/5372\/revisions"}],"predecessor-version":[{"id":9822,"href":"https:\/\/energizer.com\/eu\/poland\/wp-json\/wp\/v2\/product\/5372\/revisions\/9822"}],"wp:attachment":[{"href":"https:\/\/energizer.com\/eu\/poland\/wp-json\/wp\/v2\/media?parent=5372"}],"wp:term":[{"taxonomy":"product_brand","embeddable":true,"href":"https:\/\/energizer.com\/eu\/poland\/wp-json\/wp\/v2\/product_brand?post=5372"},{"taxonomy":"product_cat","embeddable":true,"href":"https:\/\/energizer.com\/eu\/poland\/wp-json\/wp\/v2\/product_cat?post=5372"},{"taxonomy":"product_tag","embeddable":true,"href":"https:\/\/energizer.com\/eu\/poland\/wp-json\/wp\/v2\/product_tag?post=5372"}],"curies":[{"name":"wp","href":"https:\/\/api.w.org\/{rel}","templated":true}]}}