{"id":5377,"date":"2024-05-22T08:00:46","date_gmt":"2024-05-22T08:00:46","guid":{"rendered":"https:\/\/23b13e8ab3.nxcli.io\/poland\/?post_type=product&#038;p=5377"},"modified":"2024-08-22T05:30:10","modified_gmt":"2024-08-22T05:30:10","slug":"enr-eu-universal-100-hl-tc-hdcu22","status":"publish","type":"product","link":"https:\/\/energizer.com\/eu\/poland\/product\/enr-eu-universal-100-hl-tc-hdcu22\/","title":{"rendered":"Energizer Universal + Headlamp"},"content":{"rendered":"<ul>\n<li>Reflektor Energizer Universal Plus z wydajn\u0105 technologi\u0105 LED, w zestawie 2 baterie alkaliczne AAA<\/li>\n<li>Wydajna technologia LED: Ta latarka czo\u0142owa o mocy 100 lumen\u00f3w ma zasi\u0119g 40 metr\u00f3w i zapewnia mocne \u015bwiat\u0142o dzi\u0119ki doskona\u0142ej optyce i powierzchniowo montowane diody LED<\/li>\n<li>Czerwone \u015bwiat\u0142o Tryb nocny: Czerwone \u015bwiat\u0142o poprawia widzenie w nocy podczas takich aktywno\u015bci, jak biwakowanie i w\u0119dr\u00f3wki po zmroku<\/li>\n<li>Wszechstronna lampka g\u0142o\u015bnom\u00f3wi\u0105ca: Ta \u0142atwa w u\u017cyciu, kompaktowa latarka niewymagaj\u0105ca u\u017cycia r\u0105k sprawdzi si\u0119 podczas nocnych bieg\u00f3w, spacer\u00f3w z psami i nie tylko<\/li>\n<li>Wygodna konstrukcja: Skieruj \u015bwiat\u0142o tam, gdzie go potrzebujesz, dzi\u0119ki tej lekkiej latarce czo\u0142owej z obrotow\u0105 g\u0142owic\u0105 i regulowan\u0105 elastyczn\u0105 opask\u0105 na g\u0142ow\u0119<\/li>\n<li>Niezawodne zasilanie: Zaufaj firmie Energizer, kt\u00f3ra dostarcza mocn\u0105 wydajno\u015b\u0107, kt\u00f3r\u0105 obiecujemy \u2013 wszystkie lampy Energizer s\u0105 testowane i spe\u0142niaj\u0105 rygorystyczne, niezawodne standardy ANSI<\/li>\n<\/ul>\n","protected":false},"excerpt":{"rendered":"<p>Miej wolne r\u0119ce i ciesz si\u0119 ka\u017cd\u0105 przygod\u0105 w pe\u0142ni dzi\u0119ki tej lekkiej i wszechstronnej latarce czo\u0142owej. Latarka czo\u0142owa Energizer Universal Plus jest kompaktowa i nie wymaga u\u017cycia r\u0105k &#8211; idealna do majsterkowania i czynno\u015bci wymagaj\u0105cych u\u017cycia obu r\u0105k. O\u015bwietli ci drog\u0119 podczas ka\u017cdej eskapady po zmroku, niezale\u017cnie od tego, czy jeste\u015b na biwaku, w\u0119dr\u00f3wce czy podczas biegu. Latarka czo\u0142owa LED o jasno\u015bci 100 lumen\u00f3w rozja\u015bni nawet najciemniejsze miejsca, o\u015bwietlaj\u0105c do 40 metr\u00f3w w trybie wysokim. Mo\u017cesz go \u0142atwo aktywowa\u0107 za pomoc\u0105 por\u0119cznego prze\u0142\u0105cznika suwakowego, skierowa\u0107 \u015bwiat\u0142o tam, gdzie go potrzebujesz za pomoc\u0105 obrotowej g\u0142owicy i poprawi\u0107 widzenie w nocy, korzystaj\u0105c z trybu czerwonego \u015bwiat\u0142a. Wygodny kszta\u0142t i trwa\u0142a konstrukcja uniwersalnej latarki czo\u0142owej Energizer zapewniaj\u0105 optymalny komfort i wszechstronno\u015b\u0107. Regulowany pasek, wygodna podszewka i obrotowa g\u0142owica sprawiaj\u0105, \u017ce jest to wygodna opcja na ka\u017cd\u0105 przygod\u0119 w pomieszczeniu lub na \u015bwie\u017cym powietrzu. Energizer sprawia, \u017ce o\u015bwietlenie staje si\u0119 \u0142atwe.<\/p>\n","protected":false},"featured_media":0,"template":"","meta":{"_acf_changed":false},"product_brand":[],"product_cat":[43],"product_tag":[],"class_list":{"0":"post-5377","1":"product","2":"type-product","3":"status-publish","5":"product_cat-hands-free","7":"first","8":"instock","9":"shipping-taxable","10":"product-type-simple"},"acf":[],"_links":{"self":[{"href":"https:\/\/energizer.com\/eu\/poland\/wp-json\/wp\/v2\/product\/5377","targetHints":{"allow":["GET"]}}],"collection":[{"href":"https:\/\/energizer.com\/eu\/poland\/wp-json\/wp\/v2\/product"}],"about":[{"href":"https:\/\/energizer.com\/eu\/poland\/wp-json\/wp\/v2\/types\/product"}],"version-history":[{"count":7,"href":"https:\/\/energizer.com\/eu\/poland\/wp-json\/wp\/v2\/product\/5377\/revisions"}],"predecessor-version":[{"id":9823,"href":"https:\/\/energizer.com\/eu\/poland\/wp-json\/wp\/v2\/product\/5377\/revisions\/9823"}],"wp:attachment":[{"href":"https:\/\/energizer.com\/eu\/poland\/wp-json\/wp\/v2\/media?parent=5377"}],"wp:term":[{"taxonomy":"product_brand","embeddable":true,"href":"https:\/\/energizer.com\/eu\/poland\/wp-json\/wp\/v2\/product_brand?post=5377"},{"taxonomy":"product_cat","embeddable":true,"href":"https:\/\/energizer.com\/eu\/poland\/wp-json\/wp\/v2\/product_cat?post=5377"},{"taxonomy":"product_tag","embeddable":true,"href":"https:\/\/energizer.com\/eu\/poland\/wp-json\/wp\/v2\/product_tag?post=5377"}],"curies":[{"name":"wp","href":"https:\/\/api.w.org\/{rel}","templated":true}]}}