{"id":5382,"date":"2024-05-22T08:03:02","date_gmt":"2024-05-22T08:03:02","guid":{"rendered":"https:\/\/23b13e8ab3.nxcli.io\/poland\/?post_type=product&#038;p=5382"},"modified":"2024-08-22T05:30:09","modified_gmt":"2024-08-22T05:30:09","slug":"energizer-rechargeable-torch-2","status":"publish","type":"product","link":"https:\/\/energizer.com\/eu\/poland\/product\/energizer-rechargeable-torch-2\/","title":{"rendered":"Energizer Rechargeable Torch 700"},"content":{"rendered":"<ul>\n<li>Energizer TAC-R 700 Taktyczna latarka LED z akumulatorem i kablem USB do \u0142adowania<\/li>\n<li>Super jasna latarka: Ta \u0142adowalna latarka LED o mocy 700 lumen\u00f3w zapewnia wyj\u0105tkow\u0105 jasno\u015b\u0107 i wysok\u0105 wydajno\u015b\u0107, umo\u017cliwiaj\u0105c widoczno\u015b\u0107 do 100 metr\u00f3w<\/li>\n<li>4 tryby \u015bwiat\u0142a: Wybierz idealny tryb o\u015bwietlenia dla swojej aktywno\u015bci, wybieraj\u0105c spo\u015br\u00f3d wysokiej, \u015bredniej, niskiej i awaryjnego stroboskopu<\/li>\n<li>Lekki: Trzymaj t\u0119 kompaktow\u0105 i wydajn\u0105 latark\u0119 w szufladzie, samochodzie, domowym zestawie awaryjnym lub no\u015b j\u0105 w kieszeni<\/li>\n<li>Trwa\u0142a konstrukcja: Wytrzyma\u0142y korpus z aluminium lotniczego i konstrukcja IPX4 zapewniaj\u0105 ochron\u0119 przed uszkodzeniami i zachlapaniami<\/li>\n<li>Godziny pracy: Ta latarka r\u0119czna o du\u017cej mocy mo\u017ce \u015bwieci\u0107 do 35 godzin w trybie niskim<\/li>\n<li>Godna zaufania technologia MAX-VIZ: Zaawansowana technologia Energizera odtwarza \u015bwiat\u0142o dzienne, zapewniaj\u0105c obraz w wysokiej rozdzielczo\u015bci, na kt\u00f3rym mo\u017cesz polega\u0107<\/li>\n<\/ul>\n","protected":false},"excerpt":{"rendered":"<p>O\u015bwietl swoje otoczenie bez wysi\u0142ku dzi\u0119ki tej wydajnej, super jasnej latarce. Metalowa latarka taktyczna Energizer TAC-R 700 Rechargeable zapewnia wyj\u0105tkow\u0105 jasno\u015b\u0107 do 35 godzin w trybie niskim &#8211; niezale\u017cnie od tego, czy wybierasz si\u0119 na przygod\u0119, czy przygotowujesz si\u0119 do domowych sytuacji awaryjnych. Idealna na kempingu, podczas majsterkowania lub w przypadku przerw w dostawie pr\u0105du w domu, latarka akumulatorowa Energizer pomo\u017ce ci odnale\u017a\u0107 drog\u0119 w ciemno\u015bci. Ta latarka LED o mocy 700 lumen\u00f3w rozja\u015bni najciemniejsze miejsca, o\u015bwietlaj\u0105c do 100 metr\u00f3w w trybie wysokim i zapewniaj\u0105c 15x ja\u015bniejsze \u015bwiat\u0142o ni\u017c standardowa technologia LED.<\/p>\n","protected":false},"featured_media":0,"template":"","meta":{"_acf_changed":false},"product_brand":[],"product_cat":[97],"product_tag":[],"class_list":{"0":"post-5382","1":"product","2":"type-product","3":"status-publish","5":"product_cat-handheld","7":"first","8":"instock","9":"shipping-taxable","10":"product-type-simple"},"acf":[],"_links":{"self":[{"href":"https:\/\/energizer.com\/eu\/poland\/wp-json\/wp\/v2\/product\/5382","targetHints":{"allow":["GET"]}}],"collection":[{"href":"https:\/\/energizer.com\/eu\/poland\/wp-json\/wp\/v2\/product"}],"about":[{"href":"https:\/\/energizer.com\/eu\/poland\/wp-json\/wp\/v2\/types\/product"}],"version-history":[{"count":6,"href":"https:\/\/energizer.com\/eu\/poland\/wp-json\/wp\/v2\/product\/5382\/revisions"}],"predecessor-version":[{"id":9824,"href":"https:\/\/energizer.com\/eu\/poland\/wp-json\/wp\/v2\/product\/5382\/revisions\/9824"}],"wp:attachment":[{"href":"https:\/\/energizer.com\/eu\/poland\/wp-json\/wp\/v2\/media?parent=5382"}],"wp:term":[{"taxonomy":"product_brand","embeddable":true,"href":"https:\/\/energizer.com\/eu\/poland\/wp-json\/wp\/v2\/product_brand?post=5382"},{"taxonomy":"product_cat","embeddable":true,"href":"https:\/\/energizer.com\/eu\/poland\/wp-json\/wp\/v2\/product_cat?post=5382"},{"taxonomy":"product_tag","embeddable":true,"href":"https:\/\/energizer.com\/eu\/poland\/wp-json\/wp\/v2\/product_tag?post=5382"}],"curies":[{"name":"wp","href":"https:\/\/api.w.org\/{rel}","templated":true}]}}