{"id":5386,"date":"2024-05-22T08:10:09","date_gmt":"2024-05-22T08:10:09","guid":{"rendered":"https:\/\/23b13e8ab3.nxcli.io\/poland\/?post_type=product&#038;p=5386"},"modified":"2024-08-22T05:25:40","modified_gmt":"2024-08-22T05:25:40","slug":"energizer-tactical-rechargeable-1200-torch","status":"publish","type":"product","link":"https:\/\/energizer.com\/eu\/poland\/product\/energizer-tactical-rechargeable-1200-torch\/","title":{"rendered":"Energizer Tactical Rechargeable 1200 Torch"},"content":{"rendered":"<ul>\n<li>\u0141adowalna, du\u017ca, metalowa latarka taktyczna<\/li>\n<li>\u0141adowanie za pomoc\u0105 kabla USB (w zestawie)<\/li>\n<li>\u0141aduje inne urz\u0105dzenia (wyj\u015bcie USB)<\/li>\n<li>1200 lumen\u00f3w<\/li>\n<li>G\u0142owica z obudow\u0105 do samoobrony<\/li>\n<li>Tylny przycisk do obs\u0142ugi jedn\u0105 r\u0119k\u0105<\/li>\n<\/ul>\n","protected":false},"excerpt":{"rendered":"<p>Taktyczna latarka akumulatorowa Energizer 1200 zapewnia wysok\u0105 wydajno\u015b\u0107 w trwa\u0142ej i niezawodnej konstrukcji. Z funkcjami konstrukcyjnymi, w tym: tylny przycisk, awaryjny tryb stroboskopowy i trwa\u0142e aluminium lotnicze, ta latarka taktyczna stanowi doskona\u0142y pierwszy wyb\u00f3r, aby zapewni\u0107 bezpiecze\u0144stwo w ka\u017cdej ciemnej sytuacji. Jego pot\u0119\u017cna jasno\u015b\u0107 i awaryjny stroboskop pomog\u0105 Ci poradzi\u0107 sobie w sytuacjach awaryjnych. Mo\u017cna go \u0142adowa\u0107 przez port USB, a tak\u017ce \u0142adowa\u0107 inne urz\u0105dzenia, takie jak smartfony, dzi\u0119ki czemu nigdy nie zabraknie Ci energii.<\/p>\n","protected":false},"featured_media":0,"template":"","meta":{"_acf_changed":false},"product_brand":[],"product_cat":[97],"product_tag":[],"class_list":{"0":"post-5386","1":"product","2":"type-product","3":"status-publish","5":"product_cat-handheld","7":"first","8":"instock","9":"shipping-taxable","10":"product-type-simple"},"acf":[],"_links":{"self":[{"href":"https:\/\/energizer.com\/eu\/poland\/wp-json\/wp\/v2\/product\/5386","targetHints":{"allow":["GET"]}}],"collection":[{"href":"https:\/\/energizer.com\/eu\/poland\/wp-json\/wp\/v2\/product"}],"about":[{"href":"https:\/\/energizer.com\/eu\/poland\/wp-json\/wp\/v2\/types\/product"}],"version-history":[{"count":6,"href":"https:\/\/energizer.com\/eu\/poland\/wp-json\/wp\/v2\/product\/5386\/revisions"}],"predecessor-version":[{"id":9825,"href":"https:\/\/energizer.com\/eu\/poland\/wp-json\/wp\/v2\/product\/5386\/revisions\/9825"}],"wp:attachment":[{"href":"https:\/\/energizer.com\/eu\/poland\/wp-json\/wp\/v2\/media?parent=5386"}],"wp:term":[{"taxonomy":"product_brand","embeddable":true,"href":"https:\/\/energizer.com\/eu\/poland\/wp-json\/wp\/v2\/product_brand?post=5386"},{"taxonomy":"product_cat","embeddable":true,"href":"https:\/\/energizer.com\/eu\/poland\/wp-json\/wp\/v2\/product_cat?post=5386"},{"taxonomy":"product_tag","embeddable":true,"href":"https:\/\/energizer.com\/eu\/poland\/wp-json\/wp\/v2\/product_tag?post=5386"}],"curies":[{"name":"wp","href":"https:\/\/api.w.org\/{rel}","templated":true}]}}