{"id":5388,"date":"2024-05-22T08:11:52","date_gmt":"2024-05-22T08:11:52","guid":{"rendered":"https:\/\/23b13e8ab3.nxcli.io\/poland\/?post_type=product&#038;p=5388"},"modified":"2024-08-22T05:25:36","modified_gmt":"2024-08-22T05:25:36","slug":"energizer-vision-hd-metal-9aa","status":"publish","type":"product","link":"https:\/\/energizer.com\/eu\/poland\/product\/energizer-vision-hd-metal-9aa\/","title":{"rendered":"Energizer Vision HD Metal 9AA"},"content":{"rendered":"<ul>\n<li>Pot\u0119\u017cny, du\u017cy, metalowy urz\u0105dzenie przeno\u015bne<\/li>\n<li>Wiele tryb\u00f3w i cyfrowe ustawianie ostro\u015bci zapewniaj\u0105 wszechstronno\u015b\u0107<\/li>\n<li>2000 lumen\u00f3w \u2014 najpot\u0119\u017cniejsza jak dot\u0105d latarka<\/li>\n<li>Zasilany 9 bateriami AA<\/li>\n<li>Aluminium klasy lotniczej \u2013 mocne<\/li>\n<\/ul>\n","protected":false},"excerpt":{"rendered":"<p>Najnowszy dodatek do gamy Metal Vision HD, ustanawiaj\u0105cy nowy standard wydajno\u015bci w\u015br\u00f3d konkurent\u00f3w w\u015br\u00f3d metalowych latarek. Metalowa latarka 9AA to pot\u0119\u017cna, du\u017ca, metalowa latarka r\u0119czna, idealna do zapewnienia bezpiecze\u0144stwa w ka\u017cdej ciemnej sytuacji. Zasilana jest bateriami 9AA, co pozwala na pojemno\u015b\u0107 do 2000 lumen\u00f3w. Wykonany z aluminium lotniczego, oferuje wiele tryb\u00f3w wraz z cyfrowym skupieniem zapewniaj\u0105cym wszechstronno\u015b\u0107.<\/p>\n","protected":false},"featured_media":0,"template":"","meta":{"_acf_changed":false},"product_brand":[],"product_cat":[97],"product_tag":[],"class_list":{"0":"post-5388","1":"product","2":"type-product","3":"status-publish","5":"product_cat-handheld","7":"first","8":"instock","9":"shipping-taxable","10":"product-type-simple"},"acf":[],"_links":{"self":[{"href":"https:\/\/energizer.com\/eu\/poland\/wp-json\/wp\/v2\/product\/5388","targetHints":{"allow":["GET"]}}],"collection":[{"href":"https:\/\/energizer.com\/eu\/poland\/wp-json\/wp\/v2\/product"}],"about":[{"href":"https:\/\/energizer.com\/eu\/poland\/wp-json\/wp\/v2\/types\/product"}],"version-history":[{"count":5,"href":"https:\/\/energizer.com\/eu\/poland\/wp-json\/wp\/v2\/product\/5388\/revisions"}],"predecessor-version":[{"id":10509,"href":"https:\/\/energizer.com\/eu\/poland\/wp-json\/wp\/v2\/product\/5388\/revisions\/10509"}],"wp:attachment":[{"href":"https:\/\/energizer.com\/eu\/poland\/wp-json\/wp\/v2\/media?parent=5388"}],"wp:term":[{"taxonomy":"product_brand","embeddable":true,"href":"https:\/\/energizer.com\/eu\/poland\/wp-json\/wp\/v2\/product_brand?post=5388"},{"taxonomy":"product_cat","embeddable":true,"href":"https:\/\/energizer.com\/eu\/poland\/wp-json\/wp\/v2\/product_cat?post=5388"},{"taxonomy":"product_tag","embeddable":true,"href":"https:\/\/energizer.com\/eu\/poland\/wp-json\/wp\/v2\/product_tag?post=5388"}],"curies":[{"name":"wp","href":"https:\/\/api.w.org\/{rel}","templated":true}]}}