{"id":5392,"date":"2024-05-22T08:14:59","date_gmt":"2024-05-22T08:14:59","guid":{"rendered":"https:\/\/23b13e8ab3.nxcli.io\/poland\/?post_type=product&#038;p=5392"},"modified":"2024-11-22T05:48:47","modified_gmt":"2024-11-22T05:48:47","slug":"energizer-value-rech-200-headlight","status":"publish","type":"product","link":"https:\/\/energizer.com\/eu\/poland\/product\/energizer-value-rech-200-headlight\/","title":{"rendered":"Energizer VALUE RECH 200 Headlight"},"content":{"rendered":"<ul>\n<li>200 lumen\u00f3w<\/li>\n<li>3 tryby: Wysoki, niski, rozproszone<\/li>\n<li>2 godziny pracy<\/li>\n<li>Zasi\u0119g wi\u0105zki 50 m<\/li>\n<li>Odporno\u015b\u0107 na upadek z 1 m<\/li>\n<li>Wodoodporno\u015b\u0107 IPX4<\/li>\n<li>Akumulatorowy<\/li>\n<li>Zdejmowana opaska<\/li>\n<\/ul>\n","protected":false},"excerpt":{"rendered":"<p>\u0141adowalna latarka czo\u0142owa HDLLP Value Kompaktowa, wygodna, niezawodna i \u0142atwa w u\u017cyciu, ta akumulatorowa latarka czo\u0142owa to inteligentne rozwi\u0105zanie niewymagaj\u0105ce u\u017cycia r\u0105k do wszelkich aktywno\u015bci w pomieszczeniach i na zewn\u0105trz. Jego smuk\u0142y design sprawia, \u017ce \u200b\u200bjest to doskona\u0142e o\u015bwietlenie do zaj\u0119\u0107 na \u015bwie\u017cym powietrzu, a jego jasny strumie\u0144 \u015bwietlny idealnie nadaje si\u0119 do ka\u017cdego projektu wewn\u0119trznego lub majsterkowania. To \u015bwiat\u0142o ma 3 opcje trybu (wysoki, niski, czerwony) i jest wyposa\u017cone w akumulator i kabel \u0142aduj\u0105cy Micro-USB. Mo\u017cna je \u0142adowa\u0107 bezpo\u015brednio przez power bank, \u0142adowark\u0119 samochodow\u0105 lub inne \u017ar\u00f3d\u0142o zasilania USB, gdy si\u0119 wyczerpie \u2013 nie trzeba kupowa\u0107 dodatkowych akumulatork\u00f3w. Trwa\u0142a konstrukcja i regulowany pasek na g\u0142ow\u0119 sprawiaj\u0105, \u017ce jest to wszechstronna i niezawodna opcja. \u200b<\/p>\n","protected":false},"featured_media":0,"template":"","meta":{"_acf_changed":false},"product_brand":[],"product_cat":[43],"product_tag":[],"class_list":{"0":"post-5392","1":"product","2":"type-product","3":"status-publish","5":"product_cat-hands-free","7":"first","8":"instock","9":"shipping-taxable","10":"product-type-simple"},"acf":[],"_links":{"self":[{"href":"https:\/\/energizer.com\/eu\/poland\/wp-json\/wp\/v2\/product\/5392","targetHints":{"allow":["GET"]}}],"collection":[{"href":"https:\/\/energizer.com\/eu\/poland\/wp-json\/wp\/v2\/product"}],"about":[{"href":"https:\/\/energizer.com\/eu\/poland\/wp-json\/wp\/v2\/types\/product"}],"version-history":[{"count":7,"href":"https:\/\/energizer.com\/eu\/poland\/wp-json\/wp\/v2\/product\/5392\/revisions"}],"predecessor-version":[{"id":9827,"href":"https:\/\/energizer.com\/eu\/poland\/wp-json\/wp\/v2\/product\/5392\/revisions\/9827"}],"wp:attachment":[{"href":"https:\/\/energizer.com\/eu\/poland\/wp-json\/wp\/v2\/media?parent=5392"}],"wp:term":[{"taxonomy":"product_brand","embeddable":true,"href":"https:\/\/energizer.com\/eu\/poland\/wp-json\/wp\/v2\/product_brand?post=5392"},{"taxonomy":"product_cat","embeddable":true,"href":"https:\/\/energizer.com\/eu\/poland\/wp-json\/wp\/v2\/product_cat?post=5392"},{"taxonomy":"product_tag","embeddable":true,"href":"https:\/\/energizer.com\/eu\/poland\/wp-json\/wp\/v2\/product_tag?post=5392"}],"curies":[{"name":"wp","href":"https:\/\/api.w.org\/{rel}","templated":true}]}}