{"id":5394,"date":"2024-05-22T08:17:07","date_gmt":"2024-05-22T08:17:07","guid":{"rendered":"https:\/\/23b13e8ab3.nxcli.io\/poland\/?post_type=product&#038;p=5394"},"modified":"2024-08-22T05:25:22","modified_gmt":"2024-08-22T05:25:22","slug":"energizer-hdl60-head-torch","status":"publish","type":"product","link":"https:\/\/energizer.com\/eu\/poland\/product\/energizer-hdl60-head-torch\/","title":{"rendered":"Energizer HDL60 Head Torch"},"content":{"rendered":"<ul>\n<li>Latarka czo\u0142owa Energizer HDL60, latarka hybrydowa z akumulatorem litowo-jonowym lub bateriami Energizer 3AAA w zestawie<\/li>\n<li>Technologia LED: Ta latarka czo\u0142owa o mocy 575 lumen\u00f3w*, dzia\u0142aj\u0105ca bez u\u017cycia r\u0105k, jest wyposa\u017cona w trwa\u0142\u0105 i energooszcz\u0119dn\u0105 technologi\u0119 LED. *Z bateriami AAA<\/li>\n<li>Zaawansowana technologia \u015bciemniania: Dostosuj intensywno\u015b\u0107 od 10% do 100% we wszystkich trybach<\/li>\n<li>Czerwone \u015bwiat\u0142o Tryb nocny: Tryb czerwonego \u015bwiat\u0142a poprawia widzenie nocne podczas takich aktywno\u015bci, jak biwakowanie, w\u0119dkarstwo i w\u0119dr\u00f3wki po zmroku<\/li>\n<li>Trwa\u0142a konstrukcja: Idealna do d\u0142ugotrwa\u0142ego u\u017cytkowania, ta kompaktowa i lekka latarka hybrydowa jest wodoodporna, zasilana jest bateriami pierwotnymi i ma niet\u0142uk\u0105c\u0105 si\u0119 soczewk\u0119<\/li>\n<li>Wszechstronna lampka g\u0142o\u015bnom\u00f3wi\u0105ca: Ta \u0142atwa w u\u017cyciu, kompaktowa, wodoodporna czo\u0142\u00f3wka ma regulowany pasek na g\u0142ow\u0119 i konstrukcj\u0119 przeciwodblaskow\u0105, dzi\u0119ki czemu jest niezawodna w przypadku przerw w dostawie pr\u0105du, majsterkowania i nie tylko<\/li>\n<li>Godziny pracy:\u202f\u202fTa trwa\u0142a i skuteczna latarka czo\u0142owa mo\u017ce \u015bwieci\u0107 do 21 godzin w trybie niskim<\/li>\n<\/ul>\n","protected":false},"excerpt":{"rendered":"<p>Zwolnij swoje r\u0119ce i ciesz si\u0119 w pe\u0142ni ka\u017cd\u0105 przygod\u0105 dzi\u0119ki tej lekkiej i wszechstronnej latarce turystycznej. Latarka czo\u0142owa Energizer HDL60 jest kompaktowa i nie wymaga u\u017cycia r\u0105k \u2013 idealnie nadaje si\u0119 do majsterkowania i innych projekt\u00f3w wymagaj\u0105cych dw\u00f3ch r\u0105k. O\u015bwietli Twoj\u0105 drog\u0119 podczas wszelkich aktywno\u015bci po zmroku, niezale\u017cnie od tego, czy jeste\u015b na kempingu, w\u0119drujesz, czy biegasz. Ta latarka czo\u0142owa LED o mocy 575 lumen\u00f3w i regulowanym pasku na g\u0142ow\u0119 o\u015bwietli nawet najciemniejsze miejsca, zapewniaj\u0105c wystarczaj\u0105c\u0105 ilo\u015b\u0107 \u015bwiat\u0142a tam, gdzie go potrzebujesz. Umo\u017cliwia regulacj\u0119 nat\u0119\u017cenia \u015bwiat\u0142a od 100% do 10% we wszystkich ustawieniach \u015bwiat\u0142a dzi\u0119ki zaawansowanej funkcji przyciemniania.<\/p>\n","protected":false},"featured_media":0,"template":"","meta":{"_acf_changed":false},"product_brand":[],"product_cat":[43],"product_tag":[],"class_list":{"0":"post-5394","1":"product","2":"type-product","3":"status-publish","5":"product_cat-hands-free","7":"first","8":"instock","9":"shipping-taxable","10":"product-type-simple"},"acf":[],"_links":{"self":[{"href":"https:\/\/energizer.com\/eu\/poland\/wp-json\/wp\/v2\/product\/5394","targetHints":{"allow":["GET"]}}],"collection":[{"href":"https:\/\/energizer.com\/eu\/poland\/wp-json\/wp\/v2\/product"}],"about":[{"href":"https:\/\/energizer.com\/eu\/poland\/wp-json\/wp\/v2\/types\/product"}],"version-history":[{"count":5,"href":"https:\/\/energizer.com\/eu\/poland\/wp-json\/wp\/v2\/product\/5394\/revisions"}],"predecessor-version":[{"id":9828,"href":"https:\/\/energizer.com\/eu\/poland\/wp-json\/wp\/v2\/product\/5394\/revisions\/9828"}],"wp:attachment":[{"href":"https:\/\/energizer.com\/eu\/poland\/wp-json\/wp\/v2\/media?parent=5394"}],"wp:term":[{"taxonomy":"product_brand","embeddable":true,"href":"https:\/\/energizer.com\/eu\/poland\/wp-json\/wp\/v2\/product_brand?post=5394"},{"taxonomy":"product_cat","embeddable":true,"href":"https:\/\/energizer.com\/eu\/poland\/wp-json\/wp\/v2\/product_cat?post=5394"},{"taxonomy":"product_tag","embeddable":true,"href":"https:\/\/energizer.com\/eu\/poland\/wp-json\/wp\/v2\/product_tag?post=5394"}],"curies":[{"name":"wp","href":"https:\/\/api.w.org\/{rel}","templated":true}]}}