{"id":5396,"date":"2024-05-22T08:19:12","date_gmt":"2024-05-22T08:19:12","guid":{"rendered":"https:\/\/23b13e8ab3.nxcli.io\/poland\/?post_type=product&#038;p=5396"},"modified":"2024-08-22T05:25:16","modified_gmt":"2024-08-22T05:25:16","slug":"energizer-hybri-1000-headlight","status":"publish","type":"product","link":"https:\/\/energizer.com\/eu\/poland\/product\/energizer-hybri-1000-headlight\/","title":{"rendered":"Energizer HYBRID 1000 Headlight"},"content":{"rendered":"<ul>\n<li>Latarka czo\u0142owa LED hybrydowa Energizer High Lumen z dwiema (2) bateriami CR123<\/li>\n<li>Konstrukcja hybrydowa mo\u017ce by\u0107 zasilana akumulatorami litowo-jonowymi lub bateriami CR123<\/li>\n<li>\u015awietna latarka z mo\u017cliwo\u015bci\u0105 \u0142adowania do u\u017cytku r\u0119cznego i wolnor\u0119cznego podczas wykonywania zada\u0144<\/li>\n<li>Mocna wi\u0105zka rzuca 400 lumen\u00f3w w trybie wysokim i 1000 lumen\u00f3w w trybie turbo<\/li>\n<li>Mo\u017ce by\u0107 od\u0142\u0105czana od podstawy i s\u0142u\u017cy\u0107 jako r\u0119czna latarka LED<\/li>\n<li>Ta zasilana bateryjnie latarka jest wodoszczelna w stopniu IPX4 i odporna na uderzenia do 1 metra, co zapewnia niezawodne dzia\u0142anie<\/li>\n<li>Wygodna, kompaktowa konstrukcja i trwa\u0142a metalowa budowa zapewniaj\u0105 wygod\u0119 i niezawodno\u015b\u0107<\/li>\n<\/ul>\n","protected":false},"excerpt":{"rendered":"<p>Pracuj w najciemniejszych miejscach dzi\u0119ki czo\u0142\u00f3wce LED Energizer High Lumen. Czo\u0142\u00f3wka Energizer jest wygodna w noszeniu i ma zasi\u0119g ponad 100 metr\u00f3w, zapewniaj\u0105c jasne \u015bwiat\u0142o bez u\u017cycia r\u0105k. Ta ma\u0142a lampka LED, dzia\u0142aj\u0105ca na zasilanie hybrydowe, dzia\u0142a na dw\u00f3ch bateriach CR123 lub bateriach akumulatorowych, kt\u00f3re mo\u017cna \u0142adowa\u0107 przez USB. Czas pracy wynosz\u0105cy ponad 4 godziny w trybie High zapewnia niezawodn\u0105 jasno\u015b\u0107, gdy potrzebujesz wolnych r\u0105k. \u0141adowaln\u0105 latark\u0119 mo\u017cna r\u00f3wnie\u017c zdj\u0105\u0107 z podstawy i pe\u0142ni\u0107 tak\u017ce funkcj\u0119 latarki do u\u017cytku r\u0119cznego. Je\u015bli potrzebujesz wyj\u0105tkowej wydajno\u015bci \u015bwietlnej, tryb Turbo zapewnia 1000 lumen\u00f3w, zapewniaj\u0105c ultra jasne o\u015bwietlenie. Ma\u0142a latarka jest kompaktowa, lekka i wygodna w noszeniu. Wytrzyma\u0142a metalowa konstrukcja zapewnia niezawodno\u015b\u0107, na kt\u00f3r\u0105 mo\u017cesz liczy\u0107 od Energizera. Aby zapewni\u0107 niezawodne dzia\u0142anie w ka\u017cdej sytuacji, zaufaj Energizerowi.<\/p>\n","protected":false},"featured_media":0,"template":"","meta":{"_acf_changed":false},"product_brand":[],"product_cat":[43],"product_tag":[],"class_list":{"0":"post-5396","1":"product","2":"type-product","3":"status-publish","5":"product_cat-hands-free","7":"first","8":"instock","9":"shipping-taxable","10":"product-type-simple"},"acf":[],"_links":{"self":[{"href":"https:\/\/energizer.com\/eu\/poland\/wp-json\/wp\/v2\/product\/5396","targetHints":{"allow":["GET"]}}],"collection":[{"href":"https:\/\/energizer.com\/eu\/poland\/wp-json\/wp\/v2\/product"}],"about":[{"href":"https:\/\/energizer.com\/eu\/poland\/wp-json\/wp\/v2\/types\/product"}],"version-history":[{"count":6,"href":"https:\/\/energizer.com\/eu\/poland\/wp-json\/wp\/v2\/product\/5396\/revisions"}],"predecessor-version":[{"id":9829,"href":"https:\/\/energizer.com\/eu\/poland\/wp-json\/wp\/v2\/product\/5396\/revisions\/9829"}],"wp:attachment":[{"href":"https:\/\/energizer.com\/eu\/poland\/wp-json\/wp\/v2\/media?parent=5396"}],"wp:term":[{"taxonomy":"product_brand","embeddable":true,"href":"https:\/\/energizer.com\/eu\/poland\/wp-json\/wp\/v2\/product_brand?post=5396"},{"taxonomy":"product_cat","embeddable":true,"href":"https:\/\/energizer.com\/eu\/poland\/wp-json\/wp\/v2\/product_cat?post=5396"},{"taxonomy":"product_tag","embeddable":true,"href":"https:\/\/energizer.com\/eu\/poland\/wp-json\/wp\/v2\/product_tag?post=5396"}],"curies":[{"name":"wp","href":"https:\/\/api.w.org\/{rel}","templated":true}]}}