{"id":5413,"date":"2024-05-22T09:34:17","date_gmt":"2024-05-22T09:34:17","guid":{"rendered":"https:\/\/23b13e8ab3.nxcli.io\/poland\/?post_type=product&#038;p=5413"},"modified":"2024-08-22T05:25:05","modified_gmt":"2024-08-22T05:25:05","slug":"enr-eu-tier1hdl30-400-hl-tr-t13a32","status":"publish","type":"product","link":"https:\/\/energizer.com\/eu\/poland\/product\/enr-eu-tier1hdl30-400-hl-tr-t13a32\/","title":{"rendered":"Energizer HEADLAMP HDL30"},"content":{"rendered":"<ul>\n<li>Latarka czo\u0142owa Energizer HDL30 z bateri\u0105 litowo-jonow\u0105 lub 3AAA Energizer w zestawie<\/li>\n<li>Technologia LED: Mocna latarka czo\u0142owa o jasno\u015bci 400 lumen\u00f3w, wyposa\u017cona w trwa\u0142\u0105 i energooszcz\u0119dn\u0105 technologi\u0119 LED<\/li>\n<li>Zaawansowana technologia \u015bciemniania: Dostosuj intensywno\u015b\u0107 od 10% do 100% we wszystkich trybach<\/li>\n<li>2 tryby noktowizyjne: Tryby czerwonej i zielonej LED poprawiaj\u0105 widoczno\u015b\u0107 w nocy podczas takich aktywno\u015bci, jak biwakowanie, w\u0119dkarstwo i w\u0119dr\u00f3wki po zmroku<\/li>\n<li>Trwa\u0142a konstrukcja: Idealna do d\u0142ugotrwa\u0142ego u\u017cytkowania, ta lekka latarka na g\u0142ow\u0119 jest wodoodporna IPX4 i posiada niet\u0142uk\u0105c\u0105 si\u0119 soczewk\u0119<\/li>\n<li>Wszechstronna lampka g\u0142o\u015bnom\u00f3wi\u0105ca: Ta kompaktowa latarka jest wyposa\u017cona w regulowany pasek na g\u0142ow\u0119 i obrotow\u0105 g\u0142owic\u0119 z pow\u0142ok\u0105 przeciwodblaskow\u0105, dzi\u0119ki czemu zapewnia ochron\u0119 w przypadku przerw w dostawie pr\u0105du, majsterkowania i nie tylko<\/li>\n<li>Godziny pracy:\u202f\u202fTa trwa\u0142a i wydajna latarka czo\u0142owa mo\u017ce \u015bwieci\u0107 do 40 godzin w trybie niskim<\/li>\n<\/ul>\n","protected":false},"excerpt":{"rendered":"<p>Trzymaj r\u0119ce wolne i ciesz si\u0119 w pe\u0142ni ka\u017cd\u0105 przygod\u0105 dzi\u0119ki tej lekkiej i wszechstronnej latarce g\u00f3rskiej. Latarka czo\u0142owa Energizer HDL30 jest kompaktowa i nie wymaga u\u017cycia r\u0105k \u2014 idealnie nadaje si\u0119 do majsterkowania i innych projekt\u00f3w wymagaj\u0105cych dw\u00f3ch r\u0105k. O\u015bwietli Twoj\u0105 drog\u0119 podczas wszelkich aktywno\u015bci po zmroku, niezale\u017cnie od tego, czy jeste\u015b na kempingu, w\u0119drujesz, czy biegasz. Ta latarka czo\u0142owa LED o mocy 400 lumen\u00f3w, z regulowanym paskiem na g\u0142ow\u0119 i obrotow\u0105 g\u0142owic\u0105 przeciwo\u015blepieniow\u0105 o\u015bwietli nawet najciemniejsze przestrzenie, zapewniaj\u0105c wystarczaj\u0105c\u0105 ilo\u015b\u0107 \u015bwiat\u0142a tam, gdzie go potrzebujesz. Ponadto umo\u017cliwia regulacj\u0119 nat\u0119\u017cenia \u015bwiat\u0142a w zakresie od 100% do 10% we wszystkich ustawieniach o\u015bwietlenia dzi\u0119ki zaawansowanej funkcji przyciemniania. Wybierz idealny tryb o\u015bwietlenia dla swojej aktywno\u015bci \u2013 mocny, s\u0142aby, zielony, czerwony lub przyciemniony. Ta wodoodporna latarka z niet\u0142uk\u0105c\u0105 si\u0119 soczewk\u0105 ma wygodne i trwa\u0142e wykonanie, oferuj\u0105c optymalny komfort i wszechstronno\u015b\u0107 podczas ka\u017cdej przygody w pomieszczeniach lub na zewn\u0105trz. Toruj\u0105c drog\u0119 przeno\u015bnemu o\u015bwietleniu od ponad 120 lat, Energizer wprowadzi\u0142 na rynek pierwsz\u0105 na \u015bwiecie wodoodporn\u0105 latark\u0119 w 1970 roku. Energizer sprawia, \u017ce o\u015bwietlanie drogi jest \u0142atwe.<\/p>\n","protected":false},"featured_media":0,"template":"","meta":{"_acf_changed":false},"product_brand":[],"product_cat":[43],"product_tag":[],"class_list":{"0":"post-5413","1":"product","2":"type-product","3":"status-publish","5":"product_cat-hands-free","7":"first","8":"instock","9":"shipping-taxable","10":"product-type-simple"},"acf":[],"_links":{"self":[{"href":"https:\/\/energizer.com\/eu\/poland\/wp-json\/wp\/v2\/product\/5413","targetHints":{"allow":["GET"]}}],"collection":[{"href":"https:\/\/energizer.com\/eu\/poland\/wp-json\/wp\/v2\/product"}],"about":[{"href":"https:\/\/energizer.com\/eu\/poland\/wp-json\/wp\/v2\/types\/product"}],"version-history":[{"count":7,"href":"https:\/\/energizer.com\/eu\/poland\/wp-json\/wp\/v2\/product\/5413\/revisions"}],"predecessor-version":[{"id":9832,"href":"https:\/\/energizer.com\/eu\/poland\/wp-json\/wp\/v2\/product\/5413\/revisions\/9832"}],"wp:attachment":[{"href":"https:\/\/energizer.com\/eu\/poland\/wp-json\/wp\/v2\/media?parent=5413"}],"wp:term":[{"taxonomy":"product_brand","embeddable":true,"href":"https:\/\/energizer.com\/eu\/poland\/wp-json\/wp\/v2\/product_brand?post=5413"},{"taxonomy":"product_cat","embeddable":true,"href":"https:\/\/energizer.com\/eu\/poland\/wp-json\/wp\/v2\/product_cat?post=5413"},{"taxonomy":"product_tag","embeddable":true,"href":"https:\/\/energizer.com\/eu\/poland\/wp-json\/wp\/v2\/product_tag?post=5413"}],"curies":[{"name":"wp","href":"https:\/\/api.w.org\/{rel}","templated":true}]}}