{"id":5419,"date":"2024-05-22T09:55:24","date_gmt":"2024-05-22T09:55:24","guid":{"rendered":"https:\/\/23b13e8ab3.nxcli.io\/poland\/?post_type=product&#038;p=5419"},"modified":"2024-08-22T05:24:48","modified_gmt":"2024-08-22T05:24:48","slug":"energizer-pro-series-headlight80-650","status":"publish","type":"product","link":"https:\/\/energizer.com\/eu\/poland\/product\/energizer-pro-series-headlight80-650\/","title":{"rendered":"Energizer PRO SERIES Headlight 80 650"},"content":{"rendered":"<ul>\n<li>Wielokolorowa latarka czo\u0142owa Energizer Pro Series z hybrydowym \u017ar\u00f3d\u0142em zasilania (bateria i akumulator) i soczewk\u0105 odporne na st\u0142uczenie<\/li>\n<li>Technologia LED: Ta mocna, bezobs\u0142ugowa latarka o mocy 650 lumen\u00f3w zapewnia 12 razy ja\u015bniejsze \u015bwiat\u0142o ni\u017c standardowa technologia LED, idealna do projekt\u00f3w profesjonalnych lub domowych<\/li>\n<li>Moc hybrydowa: Lekka i \u0142atwa w u\u017cyciu latarka dzia\u0142a na zasilanie hybrydowe, zar\u00f3wno akumulatorami, jak i bateriami 4xAAA<\/li>\n<li>7 tryby \u015bwiat\u0142a: Wybierz tryb odpowiadaj\u0105cy Twoim potrzebom o\u015bwietleniowym: wysoki, \u015bredni, niski, \u015bciemnianie, zielony, czerwony lub migaj\u0105cy czerwony<\/li>\n<li>Trwa\u0142a konstrukcja: Ta lekka latarka hybrydowa jest wodoodporna, ma niet\u0142uk\u0105c\u0105 si\u0119 soczewk\u0119 i wytrzymuje upadek z wysoko\u015bci 2 metr\u00f3w<\/li>\n<li>Wszechstronna lampka g\u0142o\u015bnom\u00f3wi\u0105ca: Kompaktowa, wodoodporna czo\u0142\u00f3wka ma regulowany pasek na g\u0142ow\u0119, design przeciwodblaskowy i obrotow\u0105 g\u0142owic\u0119<\/li>\n<li>Godziny pracy:\u202f\u202fWytrzyma\u0142a i wydajna czo\u0142\u00f3wka mo\u017ce \u015bwieci\u0107 do 35 godzin w trybie niskim* *Z bateri\u0105 litowo-jonow\u0105<\/li>\n<\/ul>\n","protected":false},"excerpt":{"rendered":"<p>Dzi\u0119ki tej lekkiej i wszechstronnej latarce czo\u0142owej b\u0119dziesz mie\u0107 wolne r\u0119ce \u2014 niezale\u017cnie od tego, czy zajmujesz si\u0119 projektem profesjonalnym, czy jeste\u015b majsterkowiczem. Wielobarwna hybrydowa latarka czo\u0142owa Energizer jest zar\u00f3wno kompaktowa, jak i niewymagaj\u0105ca u\u017cycia r\u0105k. O\u015bwietli Twoj\u0105 drog\u0119 podczas ka\u017cdej aktywno\u015bci, niezale\u017cnie od tego, czy pracujesz nad profesjonalnym projektem, naprawiasz samoch\u00f3d, biwakujesz, uprawiasz turystyk\u0119 piesz\u0105, czy te\u017c biegasz po zachodzie s\u0142o\u0144ca. Ta mocna latarka czo\u0142owa serii pro o mocy 650 lumen\u00f3w ma regulowany pasek i obrotow\u0105 g\u0142owic\u0119 z pow\u0142ok\u0105 przeciwodblaskow\u0105, dzi\u0119ki czemu o\u015bwietla nawet najciemniejsze przestrzenie, o\u015bwietlaj\u0105c d\u0142ugo\u015b\u0107 boiska stadionowego. Ponadto wykorzystuje trwa\u0142\u0105 i energooszcz\u0119dn\u0105 technologi\u0119 LED, oferuj\u0105c 12 razy ja\u015bniejsze \u015bwiat\u0142o ni\u017c standardowe diody LED. Dzi\u0119ki zaawansowanej funkcji przyciemniania mo\u017cesz \u0142atwo kontrolowa\u0107 intensywno\u015b\u0107 \u015bwiat\u0142a latarki roboczej lub turystycznej i wybra\u0107 tryb idealny dla Twojej aktywno\u015bci \u2013 od wysokiego, \u015bredniego, niskiego, przyciemnienia, zielonego i czerwonego (w tym migaj\u0105cego na czerwono), aby lepiej widzie\u0107 w ciemno\u015bci. I \u0142atwo sprawd\u017a, kiedy poziom na\u0142adowania baterii jest niski, dzi\u0119ki wska\u017anikowi niskiego na\u0142adowania baterii. Ta wodoodporna latarka czo\u0142owa z odpornym na rozbicie obiektywem ma wygodn\u0105 konstrukcj\u0119, zapewniaj\u0105c optymalny komfort i wszechstronno\u015b\u0107 podczas wszelkich przyg\u00f3d w terenie lub na \u015bwie\u017cym powietrzu. Toruj\u0105c drog\u0119 przeno\u015bnemu o\u015bwietleniu od ponad 120 lat, Energizer wprowadzi\u0142 na rynek pierwsz\u0105 na \u015bwiecie wodoodporn\u0105 latark\u0119 w 1970 roku. Energizer sprawia, \u017ce o\u015bwietlanie drogi jest \u0142atwe.<\/p>\n","protected":false},"featured_media":0,"template":"","meta":{"_acf_changed":false},"product_brand":[],"product_cat":[43],"product_tag":[],"class_list":{"0":"post-5419","1":"product","2":"type-product","3":"status-publish","5":"product_cat-hands-free","7":"first","8":"instock","9":"shipping-taxable","10":"product-type-simple"},"acf":[],"_links":{"self":[{"href":"https:\/\/energizer.com\/eu\/poland\/wp-json\/wp\/v2\/product\/5419","targetHints":{"allow":["GET"]}}],"collection":[{"href":"https:\/\/energizer.com\/eu\/poland\/wp-json\/wp\/v2\/product"}],"about":[{"href":"https:\/\/energizer.com\/eu\/poland\/wp-json\/wp\/v2\/types\/product"}],"version-history":[{"count":7,"href":"https:\/\/energizer.com\/eu\/poland\/wp-json\/wp\/v2\/product\/5419\/revisions"}],"predecessor-version":[{"id":9835,"href":"https:\/\/energizer.com\/eu\/poland\/wp-json\/wp\/v2\/product\/5419\/revisions\/9835"}],"wp:attachment":[{"href":"https:\/\/energizer.com\/eu\/poland\/wp-json\/wp\/v2\/media?parent=5419"}],"wp:term":[{"taxonomy":"product_brand","embeddable":true,"href":"https:\/\/energizer.com\/eu\/poland\/wp-json\/wp\/v2\/product_brand?post=5419"},{"taxonomy":"product_cat","embeddable":true,"href":"https:\/\/energizer.com\/eu\/poland\/wp-json\/wp\/v2\/product_cat?post=5419"},{"taxonomy":"product_tag","embeddable":true,"href":"https:\/\/energizer.com\/eu\/poland\/wp-json\/wp\/v2\/product_tag?post=5419"}],"curies":[{"name":"wp","href":"https:\/\/api.w.org\/{rel}","templated":true}]}}