{"id":5432,"date":"2024-05-22T10:54:13","date_gmt":"2024-05-22T10:54:13","guid":{"rendered":"https:\/\/23b13e8ab3.nxcli.io\/poland\/?post_type=product&#038;p=5432"},"modified":"2024-08-22T05:24:43","modified_gmt":"2024-08-22T05:24:43","slug":"energizer-small-power-indicator-rechargeable-lantern","status":"publish","type":"product","link":"https:\/\/energizer.com\/eu\/poland\/product\/energizer-small-power-indicator-rechargeable-lantern\/","title":{"rendered":"Energizer Small Power Indicator Rechargeable Lantern"},"content":{"rendered":"<ul>\n<li>Ma\u0142a Latarka LED Energizer z Wska\u017anikiem Mocy, \u0142adowalna latarka LED z \u0142atwym w u\u017cyciu cyfrowym wska\u017anikiem zasilania, kt\u00f3ry pozwala wyra\u017anie zobaczy\u0107, ile godzin \u015bwiat\u0142a pozosta\u0142o<\/li>\n<li>\u0141adowalna latarka z trzema r\u00f3\u017cnymi trybami \u015bwiecenia, dzi\u0119ki czemu mo\u017cesz dostosowa\u0107 jasno\u015b\u0107 i zmaksymalizowa\u0107 czas pracy: Wysokie, Przyciemniane i Nocne<\/li>\n<li>12 razy ja\u015bniejszy ni\u017c standardowa technologia LED; zapewnia do 500 lumen\u00f3w niezawodnego, 360-stopniowego \u015bwiat\u0142a obszarowego w trybie maksymalnym i dzia\u0142a do 30 godzin przy pe\u0142nym nasileniu<\/li>\n<li>Regulowany, \u0142atwy do przenoszenia uchwyt pozwala zabra\u0107 t\u0119 przeno\u015bn\u0105 latarni\u0119 ze sob\u0105 w dowolne miejsce; u\u017cyj odk\u0142adanej przystawki, aby zamieni\u0107 j\u0105 w wisz\u0105c\u0105 latarni\u0119<\/li>\n<li>Zbudowany, aby wytrzyma\u0107 ka\u017cd\u0105 przygod\u0119; oceniony na IPX4 pod k\u0105tem wodoodporno\u015bci, wytrzymuje upadki z wysoko\u015bci do 1 m i wyposa\u017cony w niet\u0142uk\u0105ce si\u0119 szk\u0142o<\/li>\n<li>Wszechstronna lampa z mo\u017cliwo\u015bci\u0105 \u0142adowania sprawia, \u017ce \u200b\u200bjest to idealna latarnia zewn\u0119trzna i kempingowa; doskonale nadaje si\u0119 r\u00f3wnie\u017c do projekt\u00f3w majsterkowania, sytuacji awaryjnych i nie tylko<\/li>\n<\/ul>\n","protected":false},"excerpt":{"rendered":"<p>Nigdy wi\u0119cej nie daj si\u0119 z\u0142apa\u0107 w ciemno\u015b\u0107 dzi\u0119ki Ma\u0142ej Latarni z Wska\u017anikiem Mocy Energizer, \u0142adowalnej latarni LED z cyfrowym wska\u017anikiem zasilania. \u0141atwy w obs\u0142udze wy\u015bwietlacz wska\u017anika zasilania pozwala wyra\u017anie zobaczy\u0107, ile godzin \u015bwiat\u0142a pozosta\u0142o i pozwala dostosowa\u0107 jasno\u015b\u0107, aby zmaksymalizowa\u0107 czas pracy latarni, zapewniaj\u0105c komfort, pewno\u015b\u0107 i elastyczno\u015b\u0107. Ta \u0142adowalna latarka jest nawet 12 razy ja\u015bniejsza ni\u017c standardowa technologia LED i ma trzy tryby \u015bwiecenia LED: Wysoki, Przyciemnianie i \u015awiat\u0142o Nocne. Na Wysokim emituje do 500 lumen\u00f3w niezawodnego \u015bwiat\u0142a obszarowego o 360 stopni. Dzi\u0119ki trybowi przyciemniania mo\u017cesz dostosowa\u0107 jasno\u015b\u0107 i zmaksymalizowa\u0107 czas pracy, uzyskuj\u0105c do 30 godzin \u015bwiat\u0142a przy ca\u0142kowitym przyciemnieniu.<\/p>\n","protected":false},"featured_media":0,"template":"","meta":{"_acf_changed":false},"product_brand":[],"product_cat":[44],"product_tag":[],"class_list":{"0":"post-5432","1":"product","2":"type-product","3":"status-publish","5":"product_cat-area","7":"first","8":"instock","9":"shipping-taxable","10":"product-type-simple"},"acf":[],"_links":{"self":[{"href":"https:\/\/energizer.com\/eu\/poland\/wp-json\/wp\/v2\/product\/5432","targetHints":{"allow":["GET"]}}],"collection":[{"href":"https:\/\/energizer.com\/eu\/poland\/wp-json\/wp\/v2\/product"}],"about":[{"href":"https:\/\/energizer.com\/eu\/poland\/wp-json\/wp\/v2\/types\/product"}],"version-history":[{"count":5,"href":"https:\/\/energizer.com\/eu\/poland\/wp-json\/wp\/v2\/product\/5432\/revisions"}],"predecessor-version":[{"id":9838,"href":"https:\/\/energizer.com\/eu\/poland\/wp-json\/wp\/v2\/product\/5432\/revisions\/9838"}],"wp:attachment":[{"href":"https:\/\/energizer.com\/eu\/poland\/wp-json\/wp\/v2\/media?parent=5432"}],"wp:term":[{"taxonomy":"product_brand","embeddable":true,"href":"https:\/\/energizer.com\/eu\/poland\/wp-json\/wp\/v2\/product_brand?post=5432"},{"taxonomy":"product_cat","embeddable":true,"href":"https:\/\/energizer.com\/eu\/poland\/wp-json\/wp\/v2\/product_cat?post=5432"},{"taxonomy":"product_tag","embeddable":true,"href":"https:\/\/energizer.com\/eu\/poland\/wp-json\/wp\/v2\/product_tag?post=5432"}],"curies":[{"name":"wp","href":"https:\/\/api.w.org\/{rel}","templated":true}]}}