{"id":5435,"date":"2024-05-22T11:00:35","date_gmt":"2024-05-22T11:00:35","guid":{"rendered":"https:\/\/23b13e8ab3.nxcli.io\/poland\/?post_type=product&#038;p=5435"},"modified":"2024-08-22T05:24:37","modified_gmt":"2024-08-22T05:24:37","slug":"energizer-power-bank-storage-lantern","status":"publish","type":"product","link":"https:\/\/energizer.com\/eu\/poland\/product\/energizer-power-bank-storage-lantern\/","title":{"rendered":"Energizer Power Bank &#038; Storage Lantern"},"content":{"rendered":"<ul>\n<li>Energizer Power Bank i latarnia z funkcj\u0105 przechowywania, z 2 portami USB do \u0142adowania urz\u0105dzenia i wyjmowanym \u015bwiat\u0142em typu puck w pokrywie<\/li>\n<li>Pot\u0119\u017cne \u015bwiat\u0142o: Ta kostka o mocy 1000 lumen\u00f3w zapewnia o\u015bwietlenie obszaru w zakresie 360\u00b0<\/li>\n<li>3 tryby wi\u0105zki: Dostosuj intensywno\u015b\u0107 od wysokiej do niskiej, z przyciemnianiem przez przytrzymanie, aby uzyska\u0107 spersonalizowane o\u015bwietlenie<\/li>\n<li>Trwa\u0142a, odporna na warunki atmosferyczne konstrukcja: Odporna na pogod\u0119 konstrukcja IPX4 wytrzymuje upuszczenia z wysoko\u015bci do jednego metra<\/li>\n<li>Moc hybrydowa: Imponuj\u0105cy czas pracy do 25 godzin na niskim obci\u0105\u017ceniu w przypadku akumulator\u00f3w litowo-jonowych i 22 godzin na niskim obci\u0105\u017ceniu przy u\u017cyciu baterii 3xAA<\/li>\n<li>Latarnia wielofunkcyjna: Wysokowydajne \u015bwiat\u0142o z power bank do \u0142adowania na zewn\u0105trz, wyjmowanym \u015bwiat\u0142em do podr\u00f3\u017cy i schowkiem<\/li>\n<li>Neutralny wygl\u0105d:\u202f\u202fTa latarnia Energizer jest na tyle stylowa, \u017ce nadaje si\u0119 do u\u017cytku w domu i ogrodzie, a tak\u017ce na kempingu<\/li>\n<\/ul>\n","protected":false},"excerpt":{"rendered":"<p>Roz\u015bwietl swoje otoczenie dzi\u0119ki tej wydajnej, wielofunkcyjnej kostce magazynuj\u0105cej energi\u0119 i \u015bwiat\u0142o. Energizer Power Bank &amp; Storage Lantern zapewnia elastyczno\u015b\u0107 zasilania hybrydowego, dzi\u0119ki czemu zawsze masz moc i \u015bwiat\u0142o, kiedy ich potrzebujesz. Jego \u015bwiat\u0142o o mocy 1000 lumen\u00f3w zapewnia o\u015bwietlenie 360\u00b0 \u2014 mo\u017cliwo\u015b\u0107 wyboru od niskiego do wysokiego z mo\u017cliwo\u015bci\u0105 przyciemniania przez d\u0142ugie naci\u015bni\u0119cie \u2014 zapewniaj\u0105c wyj\u0105tkow\u0105 jasno\u015b\u0107 nawet przez 25 godzin (z bateri\u0105 litowo-jonow\u0105 w trybie niskim). Mo\u017cna go \u0142adowa\u0107 lub zasila\u0107 na baterie \u2013 idealnie sprawdza si\u0119 niezale\u017cnie od tego, czy wybierasz si\u0119 na przygod\u0119, czy przygotowujesz si\u0119 na sytuacje awaryjne w domu.<\/p>\n","protected":false},"featured_media":0,"template":"","meta":{"_acf_changed":false},"product_brand":[],"product_cat":[44],"product_tag":[],"class_list":{"0":"post-5435","1":"product","2":"type-product","3":"status-publish","5":"product_cat-area","7":"first","8":"instock","9":"shipping-taxable","10":"product-type-simple"},"acf":[],"_links":{"self":[{"href":"https:\/\/energizer.com\/eu\/poland\/wp-json\/wp\/v2\/product\/5435","targetHints":{"allow":["GET"]}}],"collection":[{"href":"https:\/\/energizer.com\/eu\/poland\/wp-json\/wp\/v2\/product"}],"about":[{"href":"https:\/\/energizer.com\/eu\/poland\/wp-json\/wp\/v2\/types\/product"}],"version-history":[{"count":7,"href":"https:\/\/energizer.com\/eu\/poland\/wp-json\/wp\/v2\/product\/5435\/revisions"}],"predecessor-version":[{"id":10508,"href":"https:\/\/energizer.com\/eu\/poland\/wp-json\/wp\/v2\/product\/5435\/revisions\/10508"}],"wp:attachment":[{"href":"https:\/\/energizer.com\/eu\/poland\/wp-json\/wp\/v2\/media?parent=5435"}],"wp:term":[{"taxonomy":"product_brand","embeddable":true,"href":"https:\/\/energizer.com\/eu\/poland\/wp-json\/wp\/v2\/product_brand?post=5435"},{"taxonomy":"product_cat","embeddable":true,"href":"https:\/\/energizer.com\/eu\/poland\/wp-json\/wp\/v2\/product_cat?post=5435"},{"taxonomy":"product_tag","embeddable":true,"href":"https:\/\/energizer.com\/eu\/poland\/wp-json\/wp\/v2\/product_tag?post=5435"}],"curies":[{"name":"wp","href":"https:\/\/api.w.org\/{rel}","templated":true}]}}