{"id":5459,"date":"2024-05-22T11:32:02","date_gmt":"2024-05-22T11:32:02","guid":{"rendered":"https:\/\/23b13e8ab3.nxcli.io\/poland\/?post_type=product&#038;p=5459"},"modified":"2024-08-22T05:24:32","modified_gmt":"2024-08-22T05:24:32","slug":"energizer-smart-colour-changing-led-lantern","status":"publish","type":"product","link":"https:\/\/energizer.com\/eu\/poland\/product\/energizer-smart-colour-changing-led-lantern\/","title":{"rendered":"Energizer SMART Colour Changing LED Lantern"},"content":{"rendered":"<ul>\n<li>\u0141adowalna latarnia LED Energizer SMART ze zmian\u0105 koloru oferuje wszechstronne zastosowania dzi\u0119ki wydajnemu o\u015bwietleniu wewn\u0119trznemu i zewn\u0119trznemu<\/li>\n<li>Dostosuj kolor i jasno\u015b\u0107 tej latarni za pomoc\u0105 urz\u0105dzenia mobilnego, korzystaj\u0105c z bezp\u0142atnej aplikacji<\/li>\n<li>U\u017cywaj jako latarni kempingowej, podczas nocleg\u00f3w, jako lampki nocnej lub \u015bwiat\u0142a awaryjnego<\/li>\n<li>Latarka typu latarka o mocy 1200 lumen\u00f3w zapewnia mocne i jasne o\u015bwietlenie 360 \u200b\u200bstopni, kt\u00f3re jest 12 razy ja\u015bniejsze ni\u017c standardowa technologia LED<\/li>\n<li>Wodoodporna latarnia IPX4 z niet\u0142uk\u0105cym si\u0119 szk\u0142em i odporno\u015b\u0107 na upadki do 1 metra<\/li>\n<li>\u0141adowalna latarnia zewn\u0119trzna mo\u017ce by\u0107 r\u00f3wnie\u017c u\u017cywana do \u0142adowania urz\u0105dze\u0144. Ma stabiln\u0105 podstaw\u0119 i antypo\u015blizgowy uchwyt, co zapewnia wszechstronne zastosowanie<\/li>\n<\/ul>\n","protected":false},"excerpt":{"rendered":"<p>\u0141adowaln\u0105 latarni\u0119 Energizer SMART mo\u017cna dostosowa\u0107 do dowolnego koloru t\u0119czy za pomoc\u0105 urz\u0105dzenia mobilnego, korzystaj\u0105c z bezp\u0142atnej aplikacji na platformach Android lub Apple. U\u017cyj \u0142adowalnej latarni LED jako \u015bwiat\u0142a awaryjnego lub jako przyjemnej latarni podczas nocleg\u00f3w i biwakowania. Dzi\u0119ki mocy 1200 lumen\u00f3w ta lampa LED zapewnia o\u015bwietlenie 360 \u200b\u200bstopni, kt\u00f3re jest 12 razy ja\u015bniejsze ni\u017c standardowa technologia LED. Ta \u0142adowalna latarnia mo\u017ce dzia\u0142a\u0107 do 50 godzin w trybie niskim i mo\u017ce by\u0107 r\u00f3wnie\u017c u\u017cywana do \u0142adowania urz\u0105dze\u0144 przez port USB. Latarnia ma stabiln\u0105 podstaw\u0119 i antypo\u015blizgowy uchwyt. Zaufaj firmie Energizer, wysok\u0105 wydajno\u015b\u0107, kt\u00f3r\u0105 obiecujemy.<\/p>\n","protected":false},"featured_media":0,"template":"","meta":{"_acf_changed":false},"product_brand":[],"product_cat":[44],"product_tag":[],"class_list":{"0":"post-5459","1":"product","2":"type-product","3":"status-publish","5":"product_cat-area","7":"first","8":"instock","9":"shipping-taxable","10":"product-type-simple"},"acf":[],"_links":{"self":[{"href":"https:\/\/energizer.com\/eu\/poland\/wp-json\/wp\/v2\/product\/5459","targetHints":{"allow":["GET"]}}],"collection":[{"href":"https:\/\/energizer.com\/eu\/poland\/wp-json\/wp\/v2\/product"}],"about":[{"href":"https:\/\/energizer.com\/eu\/poland\/wp-json\/wp\/v2\/types\/product"}],"version-history":[{"count":5,"href":"https:\/\/energizer.com\/eu\/poland\/wp-json\/wp\/v2\/product\/5459\/revisions"}],"predecessor-version":[{"id":9842,"href":"https:\/\/energizer.com\/eu\/poland\/wp-json\/wp\/v2\/product\/5459\/revisions\/9842"}],"wp:attachment":[{"href":"https:\/\/energizer.com\/eu\/poland\/wp-json\/wp\/v2\/media?parent=5459"}],"wp:term":[{"taxonomy":"product_brand","embeddable":true,"href":"https:\/\/energizer.com\/eu\/poland\/wp-json\/wp\/v2\/product_brand?post=5459"},{"taxonomy":"product_cat","embeddable":true,"href":"https:\/\/energizer.com\/eu\/poland\/wp-json\/wp\/v2\/product_cat?post=5459"},{"taxonomy":"product_tag","embeddable":true,"href":"https:\/\/energizer.com\/eu\/poland\/wp-json\/wp\/v2\/product_tag?post=5459"}],"curies":[{"name":"wp","href":"https:\/\/api.w.org\/{rel}","templated":true}]}}