{"id":5470,"date":"2024-05-22T11:33:45","date_gmt":"2024-05-22T11:33:45","guid":{"rendered":"https:\/\/23b13e8ab3.nxcli.io\/poland\/?post_type=product&#038;p=5470"},"modified":"2024-08-22T05:24:27","modified_gmt":"2024-08-22T05:24:27","slug":"enr-eu-360-lantern-500-lan-os-esal351b","status":"publish","type":"product","link":"https:\/\/energizer.com\/eu\/poland\/product\/enr-eu-360-lantern-500-lan-os-esal351b\/","title":{"rendered":"Energizer LANTERN 500"},"content":{"rendered":"<ul>\n<li>Latarka awaryjna Energizer LED wsp\u00f3\u0142pracuje z 3 bateriami Energizer MAX D w celu uzyskania maksymalnej mocy lub 3 bateriami Energizer MAX AA w celu uzyskania ni\u017cszej mocy (baterie nie s\u0105 za\u0142\u0105czone)<\/li>\n<li>Emituje do 500 lumen\u00f3w* w trybie wysokim, zapewniaj\u0105c jasn\u0105, doskona\u0142\u0105 widoczno\u015b\u0107 podczas r\u00f3\u017cnych zada\u0144, od nocnego biwakowania po przerwy w dostawie pr\u0105du podczas burzy lub prac\u0119 w domu<\/li>\n<li>Prze\u0142\u0105cza pomi\u0119dzy 3 ustawieniami trybu o\u015bwietlenia: wysokie, niskie i nocne za pomoc\u0105 klikni\u0119cia przycisku \u015bwiec\u0105cego w ciemno\u015bci<\/li>\n<li>Dzia\u0142a do 650 godzin w trybie niskim w przypadku przeno\u015bnej, r\u0119cznej latarki, kt\u00f3ra d\u0142ugo dzia\u0142a<\/li>\n<li>Trwa\u0142a i wytrzyma\u0142a, wodoodporna konstrukcja jest odporna na zachlapania<\/li>\n<li>Zapewnia 360\u00b0 niezwyk\u0142ego o\u015bwietlenia ca\u0142ego pomieszczenia po naci\u015bni\u0119ciu \u015bwiec\u0105cego w ciemno\u015bci przycisku<\/li>\n<\/ul>\n","protected":false},"excerpt":{"rendered":"<p>O\u015bwietlenie przeno\u015bne wype\u0142niaj\u0105ce pomieszczenie w zakresie 360\u00b0: To w\u0142a\u015bnie otrzymasz dzi\u0119ki latarni awaryjnej Energizer LED. Dzi\u0119ki mocy do 500 lumen\u00f3w* jasne \u015bwiat\u0142o LED tej mocnej latarni wype\u0142nia pomieszczenia od \u015bciany do \u015bciany. Potrzebujesz o\u015bwietlenia zewn\u0119trznego? Nie ma problemu. Ta r\u0119czna latarka o\u015bwietla r\u00f3wnie\u017c teren na zewn\u0105trz, dzi\u0119ki czemu nigdy nie b\u0119dziesz w ciemno\u015bci. \u015awietnie sprawdza si\u0119 w ka\u017cdej sytuacji \u2014 niezale\u017cnie od tego, czy jest u\u017cywany na kempingu, podczas pieszych w\u0119dr\u00f3wek, podczas awarii pr\u0105du w czasie burzy, czy te\u017c do pracy w ciemnych zakamarkach wok\u00f3\u0142 domu. Co wi\u0119cej, ta latarnia awaryjna Energizer wygodnie dzia\u0142a na 3 baterie Energizer MAX D, aby uzyska\u0107 maksymaln\u0105 moc, lub 3 baterie Energizer MAX AA, aby uzyska\u0107 ni\u017csz\u0105 moc w sytuacji awaryjnej. W\u0142\u0105cz za pomoc\u0105 \u0142atwego do znalezienia przycisku \u015bwiec\u0105cego w ciemno\u015bci i wybierz jeden z 3 tryb\u00f3w ustawie\u0144 jasno\u015bci: wysokie \u015bwiat\u0142o, niskie \u015bwiat\u0142o i \u015bwiat\u0142o nocne. Ta latarka latarnia awaryjna Energizer LED jest doskona\u0142ym wyborem na ka\u017cd\u0105 pogod\u0119 ze wzgl\u0119du na jej wodoodporn\u0105 konstrukcj\u0119. Trzymaj latark\u0119 awaryjn\u0105 LED Energizer pod r\u0119k\u0105 i b\u0105d\u017a przygotowany na ka\u017cd\u0105 przygod\u0119. * Strumie\u0144 \u015bwietlny mierzony od diody LED. Warto\u015b\u0107 dotyczy tylko diody LED. Rzeczywisty strumie\u0144 \u015bwietlny urz\u0105dzenia mo\u017ce si\u0119 r\u00f3\u017cni\u0107.<\/p>\n","protected":false},"featured_media":0,"template":"","meta":{"_acf_changed":false},"product_brand":[],"product_cat":[44],"product_tag":[],"class_list":{"0":"post-5470","1":"product","2":"type-product","3":"status-publish","5":"product_cat-area","7":"first","8":"instock","9":"shipping-taxable","10":"product-type-simple"},"acf":[],"_links":{"self":[{"href":"https:\/\/energizer.com\/eu\/poland\/wp-json\/wp\/v2\/product\/5470","targetHints":{"allow":["GET"]}}],"collection":[{"href":"https:\/\/energizer.com\/eu\/poland\/wp-json\/wp\/v2\/product"}],"about":[{"href":"https:\/\/energizer.com\/eu\/poland\/wp-json\/wp\/v2\/types\/product"}],"version-history":[{"count":7,"href":"https:\/\/energizer.com\/eu\/poland\/wp-json\/wp\/v2\/product\/5470\/revisions"}],"predecessor-version":[{"id":9843,"href":"https:\/\/energizer.com\/eu\/poland\/wp-json\/wp\/v2\/product\/5470\/revisions\/9843"}],"wp:attachment":[{"href":"https:\/\/energizer.com\/eu\/poland\/wp-json\/wp\/v2\/media?parent=5470"}],"wp:term":[{"taxonomy":"product_brand","embeddable":true,"href":"https:\/\/energizer.com\/eu\/poland\/wp-json\/wp\/v2\/product_brand?post=5470"},{"taxonomy":"product_cat","embeddable":true,"href":"https:\/\/energizer.com\/eu\/poland\/wp-json\/wp\/v2\/product_cat?post=5470"},{"taxonomy":"product_tag","embeddable":true,"href":"https:\/\/energizer.com\/eu\/poland\/wp-json\/wp\/v2\/product_tag?post=5470"}],"curies":[{"name":"wp","href":"https:\/\/api.w.org\/{rel}","templated":true}]}}