{"id":5480,"date":"2024-05-22T11:42:31","date_gmt":"2024-05-22T11:42:31","guid":{"rendered":"https:\/\/23b13e8ab3.nxcli.io\/poland\/?post_type=product&#038;p=5480"},"modified":"2024-08-22T05:24:17","modified_gmt":"2024-08-22T05:24:17","slug":"energizer-led-panel-light","status":"publish","type":"product","link":"https:\/\/energizer.com\/eu\/poland\/product\/energizer-led-panel-light\/","title":{"rendered":"Energizer LED Panel Light"},"content":{"rendered":"<ul>\n<li>Lampa panelowa Energizer z dwiema diodami LED 180\u00b0 i kablem \u0142aduj\u0105cym<\/li>\n<li>Pot\u0119\u017cne \u015bwiat\u0142o: Ta lampa robocza LED o mocy 1100 lumen\u00f3w zapewnia wyj\u0105tkow\u0105 jasno\u015b\u0107 i wysok\u0105 wydajno\u015b\u0107, zasilana bateri\u0105 litowo-jonow\u0105<\/li>\n<li>Zasilanie akumulatorowe: U\u017cyj wyj\u015bciowego portu USB, aby na\u0142adowa\u0107 telefon lub inne inteligentne urz\u0105dzenie<\/li>\n<li>Trwa\u0142a konstrukcja: Idealna do d\u0142ugotrwa\u0142ego u\u017cytkowania, to trwa\u0142e \u015bwiat\u0142o jest wodoodporne IPX4<\/li>\n<li>Wszechstronne zastosowanie bez dotykowym: To \u0142atwe w obs\u0142udze, \u0142adowane \u015bwiat\u0142o sprawdzi si\u0119 podczas majsterkowania, projekt\u00f3w roboczych i nie tylko<\/li>\n<li>Elastyczne o\u015bwietlenie: Dzi\u0119ki dw\u00f3m sk\u0142adanym panelom o\u015bwietleniowym LED o 180\u00b0 mo\u017cesz o\u015bwietli\u0107 nawet dwa obszary jednocze\u015bnie<\/li>\n<li>\u0141atwy do trzymania design: Ta sk\u0142adana lampa ma regulowany uchwyt, kt\u00f3ry umo\u017cliwia wszechstronne ustawienie przy ka\u017cdym zadanie<\/li>\n<\/ul>\n","protected":false},"excerpt":{"rendered":"<p>Wydajna lampa robocza z mo\u017cliwo\u015bci\u0105 \u0142adowania pozwala bez wysi\u0142ku o\u015bwietla\u0107 otoczenie. Lampa panelowa Energizer zapewnia wyj\u0105tkow\u0105 jasno\u015b\u0107 i jest idealna na biwak, do majsterkowania lub projekt\u00f3w roboczych. Lampa panelowa LED o jasno\u015bci 1100 lumen\u00f3w oferuje mo\u017cliwo\u015b\u0107 wszechstronnego ustawienia, aby rozja\u015bni\u0107 nawet najciemniejsze przestrzenie. Skieruj \u015bwiat\u0142o tam, gdzie go potrzebujesz, dzi\u0119ki dw\u00f3m regulowanym \u015bwiat\u0142om LED 180\u00b0 zapewniaj\u0105cym elastyczne o\u015bwietlenie. \u0141atwy do trzymania design czyni je niezwykle uniwersalnym, wi\u0119c mo\u017cna je powiesi\u0107 w dowolnym miejscu lub po prostu postawi\u0107 na pod\u0142odze. Akumulator ze wska\u017anikiem poziomu pomaga zapewni\u0107, \u017ce akumulator jest zawsze na\u0142adowany za pomoc\u0105 dostarczonego kabla \u0142aduj\u0105cego.<\/p>\n","protected":false},"featured_media":0,"template":"","meta":{"_acf_changed":false},"product_brand":[],"product_cat":[44],"product_tag":[],"class_list":{"0":"post-5480","1":"product","2":"type-product","3":"status-publish","5":"product_cat-area","7":"first","8":"instock","9":"shipping-taxable","10":"product-type-simple"},"acf":[],"_links":{"self":[{"href":"https:\/\/energizer.com\/eu\/poland\/wp-json\/wp\/v2\/product\/5480","targetHints":{"allow":["GET"]}}],"collection":[{"href":"https:\/\/energizer.com\/eu\/poland\/wp-json\/wp\/v2\/product"}],"about":[{"href":"https:\/\/energizer.com\/eu\/poland\/wp-json\/wp\/v2\/types\/product"}],"version-history":[{"count":6,"href":"https:\/\/energizer.com\/eu\/poland\/wp-json\/wp\/v2\/product\/5480\/revisions"}],"predecessor-version":[{"id":9845,"href":"https:\/\/energizer.com\/eu\/poland\/wp-json\/wp\/v2\/product\/5480\/revisions\/9845"}],"wp:attachment":[{"href":"https:\/\/energizer.com\/eu\/poland\/wp-json\/wp\/v2\/media?parent=5480"}],"wp:term":[{"taxonomy":"product_brand","embeddable":true,"href":"https:\/\/energizer.com\/eu\/poland\/wp-json\/wp\/v2\/product_brand?post=5480"},{"taxonomy":"product_cat","embeddable":true,"href":"https:\/\/energizer.com\/eu\/poland\/wp-json\/wp\/v2\/product_cat?post=5480"},{"taxonomy":"product_tag","embeddable":true,"href":"https:\/\/energizer.com\/eu\/poland\/wp-json\/wp\/v2\/product_tag?post=5480"}],"curies":[{"name":"wp","href":"https:\/\/api.w.org\/{rel}","templated":true}]}}