{"id":5482,"date":"2024-05-22T11:44:14","date_gmt":"2024-05-22T11:44:14","guid":{"rendered":"https:\/\/23b13e8ab3.nxcli.io\/poland\/?post_type=product&#038;p=5482"},"modified":"2024-08-22T05:24:12","modified_gmt":"2024-08-22T05:24:12","slug":"energizer-emergency-300","status":"publish","type":"product","link":"https:\/\/energizer.com\/eu\/poland\/product\/energizer-emergency-300\/","title":{"rendered":"Energizer  Emergency 300"},"content":{"rendered":"<ul>\n<li>R\u0119czna latarka awaryjna LED Energizer z lamp\u0105 ostrzegawcz\u0105<\/li>\n<li>Sygnalizuj inne osoby w sytuacji awaryjnej za pomoc\u0105 migaj\u0105cego czerwonego sygna\u0142u \u015bwietlnego i gwizdka<\/li>\n<li>Lampa awaryjna idealnie sprawdza si\u0119 w przypadku przerw w dostawie pr\u0105du i sytuacji na drodze, a tak\u017ce jako latarka kempingowa i lampa robocza LED<\/li>\n<li>Mocna latarka LED emituje 300 lumen\u00f3w przez maksymalnie 1 godzin\u0119 i 15 minut<\/li>\n<li>Dostosuj intensywno\u015b\u0107 \u015bwiat\u0142a LED za pomoc\u0105 tryb\u00f3w wysokiej, niskiej, stroboskopowego i czerwonego stroboskopu<\/li>\n<li>Wodoodporno\u015b\u0107 IPX4 i odporno\u015b\u0107 na uderzenia do oko\u0142o 1 metra<\/li>\n<li>Zaufaj firmie Energizer, aby zapewni\u0107 niezawodne dzia\u0142anie w ka\u017cdej sytuacji<\/li>\n<\/ul>\n","protected":false},"excerpt":{"rendered":"<p>B\u0105d\u017a widoczny, gdy naprawd\u0119 si\u0119 to liczy, dzi\u0119ki r\u0119cznej lampie awaryjnej Energizer LED z lamp\u0105 ostrzegawcz\u0105. Ta latarka LED jest wyposa\u017cona w tylne \u015bwiat\u0142o migaj\u0105ce, dzi\u0119ki kt\u00f3remu zostaniesz zauwa\u017cony. Nawet 15 razy ja\u015bniejsze ni\u017c standardowa technologia LED, to \u015bwiat\u0142o zasilane bateri\u0105 \u015bwieci pot\u0119\u017cn\u0105 wi\u0105zk\u0105 na odleg\u0142o\u015b\u0107 ponad 155 metr\u00f3w. Dzi\u0119ki czterem trybom, w tym wysokiemu, niskiemu, stroboskopowemu i czerwonemu stroboskopowemu, jeste\u015b przygotowany na ciemno\u015b\u0107. Lampa zewn\u0119trzna ma wodoodporn\u0105 konstrukcj\u0119, kt\u00f3ra pomaga Ci przewodzi\u0107 bez wzgl\u0119du na pogod\u0119, co czyni j\u0105 dobrym wyborem jako lampa kempingowa. Karabi\u0144czyk pozwala przymocowa\u0107 latark\u0119 do plecaka lub torby, a gwizdek alarmowy z ty\u0142u pomaga sygnalizowa\u0107 innym. Trzy baterie AAA zapewniaj\u0105, \u017ce latarka LED \u015bwieci przez 1 godzin\u0119 i 15 minut. Zaufaj firmie Energizer, je\u015bli chodzi o niezawodne dzia\u0142anie w ka\u017cdej sytuacji.<\/p>\n","protected":false},"featured_media":0,"template":"","meta":{"_acf_changed":false},"product_brand":[],"product_cat":[97],"product_tag":[],"class_list":{"0":"post-5482","1":"product","2":"type-product","3":"status-publish","5":"product_cat-handheld","7":"first","8":"instock","9":"shipping-taxable","10":"product-type-simple"},"acf":[],"_links":{"self":[{"href":"https:\/\/energizer.com\/eu\/poland\/wp-json\/wp\/v2\/product\/5482","targetHints":{"allow":["GET"]}}],"collection":[{"href":"https:\/\/energizer.com\/eu\/poland\/wp-json\/wp\/v2\/product"}],"about":[{"href":"https:\/\/energizer.com\/eu\/poland\/wp-json\/wp\/v2\/types\/product"}],"version-history":[{"count":6,"href":"https:\/\/energizer.com\/eu\/poland\/wp-json\/wp\/v2\/product\/5482\/revisions"}],"predecessor-version":[{"id":9669,"href":"https:\/\/energizer.com\/eu\/poland\/wp-json\/wp\/v2\/product\/5482\/revisions\/9669"}],"wp:attachment":[{"href":"https:\/\/energizer.com\/eu\/poland\/wp-json\/wp\/v2\/media?parent=5482"}],"wp:term":[{"taxonomy":"product_brand","embeddable":true,"href":"https:\/\/energizer.com\/eu\/poland\/wp-json\/wp\/v2\/product_brand?post=5482"},{"taxonomy":"product_cat","embeddable":true,"href":"https:\/\/energizer.com\/eu\/poland\/wp-json\/wp\/v2\/product_cat?post=5482"},{"taxonomy":"product_tag","embeddable":true,"href":"https:\/\/energizer.com\/eu\/poland\/wp-json\/wp\/v2\/product_tag?post=5482"}],"curies":[{"name":"wp","href":"https:\/\/api.w.org\/{rel}","templated":true}]}}