{"id":5486,"date":"2024-05-22T11:50:00","date_gmt":"2024-05-22T11:50:00","guid":{"rendered":"https:\/\/23b13e8ab3.nxcli.io\/poland\/?post_type=product&#038;p=5486"},"modified":"2024-08-22T05:24:05","modified_gmt":"2024-08-22T05:24:05","slug":"energizer-battery-genius-lantern-rechargeable-led-lantern","status":"publish","type":"product","link":"https:\/\/energizer.com\/eu\/poland\/product\/energizer-battery-genius-lantern-rechargeable-led-lantern\/","title":{"rendered":"Energizer Battery Genius Lantern, Rechargeable LED Lantern"},"content":{"rendered":"<ul>\n<li>Co otrzymasz: Jedna (1) du\u017ca latarka bateria Energizer Genius o mocy 1200 lumen\u00f3w, \u0142adowalna latarnia LED z \u0142atwym w u\u017cyciu cyfrowym wska\u017anikiem zasilania, kt\u00f3ry pozwala wyra\u017anie zobaczy\u0107, ile godzin \u015bwiat\u0142a Ci pozosta\u0142o<\/li>\n<li>\u015awiat\u0142o, kt\u00f3rego potrzebujesz: Latarnia z mo\u017cliwo\u015bci\u0105 \u0142adowania z trzema r\u00f3\u017cnymi trybami \u015bwiecenia, dzi\u0119ki czemu mo\u017cesz dostosowa\u0107 jasno\u015b\u0107 i zmaksymalizowa\u0107 czas dzia\u0142ania:<\/li>\n<li>Wysokie \u015bwiat\u0142o, przyciemniane i nocne<\/li>\n<li>Pot\u0119\u017cne latarnie: Ta latarka LED jest 12 razy ja\u015bniejsza ni\u017c standardowa technologia LED i zapewnia do 1200 lumen\u00f3w niezawodnego \u015bwiat\u0142a obszarowego w zakresie 360 \u200b\u200bstopni na wysokim ustawieniu i dzia\u0142a do 50 godzin przy ca\u0142kowitym przyciemnieniu<\/li>\n<li>Zaawansowane technologicznie o\u015bwietlenie LED: Ta latarnia Energizer mo\u017ce r\u00f3wnie\u017c s\u0142u\u017cy\u0107 jako power bank USB, dzi\u0119ki czemu mo\u017cesz \u0142adowa\u0107 inne urz\u0105dzenia w podr\u00f3\u017cy<\/li>\n<li>Por\u0119czna lampa zewn\u0119trzna: Regulowany, \u0142atwy do przenoszenia uchwyt pozwala zabra\u0107 t\u0119 przeno\u015bn\u0105 latarni\u0119 ze sob\u0105 w dowolne miejsce<\/li>\n<li>Zbudowany, aby wytrzyma\u0107 ka\u017cd\u0105 przygod\u0119; Ta Uniwersalna latarka z mo\u017cliwo\u015bci\u0105 \u0142adowania jest oceniona jako wodoodporna IPX4. Jest to idealna latarnia zewn\u0119trzna i kempingowa<\/li>\n<\/ul>\n","protected":false},"excerpt":{"rendered":"<p>Nigdy wi\u0119cej nie daj si\u0119 z\u0142apa\u0107 w ciemno\u015b\u0107 dzi\u0119ki Energizer Bateria Geniusz Latarnia, \u0142adowalnej latarce LED z cyfrowym wska\u017anikiem zasilania i wbudowanym powerbankiem USB. \u0141atwy w obs\u0142udze wy\u015bwietlacz wska\u017anika zasilania pozwala wyra\u017anie zobaczy\u0107, ile godzin pozosta\u0142o \u015bwiat\u0142a i umo\u017cliwia regulacj\u0119 jasno\u015bci w celu maksymalizacji czasu pracy, zapewniaj\u0105c komfort, pewno\u015b\u0107 i elastyczno\u015b\u0107. Ta \u0142adowalna latarka jest nawet 12 razy ja\u015bniejsza ni\u017c standardowa technologia LED i ma trzy tryby \u015bwiecenia LED: Wysoki tryb, Przyciemnianie i \u015awiat\u0142o nocne W trybie High ta \u0142adowalna lampa emituje do 1200 lumen\u00f3w niezawodnego \u015bwiat\u0142a obszarowego w promieniu 360 stopni.<\/p>\n","protected":false},"featured_media":0,"template":"","meta":{"_acf_changed":false},"product_brand":[],"product_cat":[44],"product_tag":[],"class_list":{"0":"post-5486","1":"product","2":"type-product","3":"status-publish","5":"product_cat-area","7":"first","8":"instock","9":"shipping-taxable","10":"product-type-simple"},"acf":[],"_links":{"self":[{"href":"https:\/\/energizer.com\/eu\/poland\/wp-json\/wp\/v2\/product\/5486","targetHints":{"allow":["GET"]}}],"collection":[{"href":"https:\/\/energizer.com\/eu\/poland\/wp-json\/wp\/v2\/product"}],"about":[{"href":"https:\/\/energizer.com\/eu\/poland\/wp-json\/wp\/v2\/types\/product"}],"version-history":[{"count":6,"href":"https:\/\/energizer.com\/eu\/poland\/wp-json\/wp\/v2\/product\/5486\/revisions"}],"predecessor-version":[{"id":10542,"href":"https:\/\/energizer.com\/eu\/poland\/wp-json\/wp\/v2\/product\/5486\/revisions\/10542"}],"wp:attachment":[{"href":"https:\/\/energizer.com\/eu\/poland\/wp-json\/wp\/v2\/media?parent=5486"}],"wp:term":[{"taxonomy":"product_brand","embeddable":true,"href":"https:\/\/energizer.com\/eu\/poland\/wp-json\/wp\/v2\/product_brand?post=5486"},{"taxonomy":"product_cat","embeddable":true,"href":"https:\/\/energizer.com\/eu\/poland\/wp-json\/wp\/v2\/product_cat?post=5486"},{"taxonomy":"product_tag","embeddable":true,"href":"https:\/\/energizer.com\/eu\/poland\/wp-json\/wp\/v2\/product_tag?post=5486"}],"curies":[{"name":"wp","href":"https:\/\/api.w.org\/{rel}","templated":true}]}}