{"id":5488,"date":"2024-05-22T11:53:05","date_gmt":"2024-05-22T11:53:05","guid":{"rendered":"https:\/\/23b13e8ab3.nxcli.io\/poland\/?post_type=product&#038;p=5488"},"modified":"2024-08-22T05:23:54","modified_gmt":"2024-08-22T05:23:54","slug":"energizer-camping-vision-led-rechargeable-lantern","status":"publish","type":"product","link":"https:\/\/energizer.com\/eu\/poland\/product\/energizer-camping-vision-led-rechargeable-lantern\/","title":{"rendered":"Energizer Camping Vision LED Rechargeable Lantern"},"content":{"rendered":"<ul>\n<li>\u0141adowalna Latarka LED Energizer Vision z o\u015bwietleniem 360\u00b0 i kablem \u0142aduj\u0105cym<\/li>\n<li>Pot\u0119\u017cne \u015bwiat\u0142o: Ta latarnia LED o jasno\u015bci 1200 lumen\u00f3w zapewnia wyj\u0105tkow\u0105 jasno\u015b\u0107 i wysok\u0105 wydajno\u015b\u0107, zapewniaj\u0105c o\u015bwietlenie dooko\u0142a w zakresie 360\u00b0<\/li>\n<li>3 tryby \u015bwiat\u0142a: Lampa kempingowa oferuje 3 tryby o\u015bwietlenia: O\u015bwietlenie wysokie, s\u0142abe i nocne, a tak\u017ce funkcja przyciemniania w celu dostosowania intensywno\u015bci \u015bwiat\u0142a<\/li>\n<li>Trwa\u0142a konstrukcja: Ta niezawodna latarnia kempingowa, idealna do d\u0142ugotrwa\u0142ego u\u017cytkowania, jest odporna na uderzenia do 1 metra i wodoodporna IPX4<\/li>\n<li>Godziny pracy: Ta \u0142adowalna latarnia charakteryzuje si\u0119 d\u0142ugim czasem dzia\u0142ania i \u015bwieci do 5 godzin w trybie wysokim<\/li>\n<li>Inteligentna, \u0142atwa do trzymania konstrukcja: Ta lekka latarnia ma wygodny, antypo\u015blizgowy uchwyt, dzi\u0119ki czemu mo\u017cna j\u0105 \u0142atwo u\u017cywa\u0107 lub nosi\u0107 w plecaku<\/li>\n<li>Zasilanie akumulatorowe: U\u017cyj portu wyj\u015bciowego USB tej latarni kempingowej, aby na\u0142adowa\u0107 telefon lub inne urz\u0105dzenie elektroniczne<\/li>\n<\/ul>\n","protected":false},"excerpt":{"rendered":"<p>Dzi\u0119ki tej wydajnej latarni z mo\u017cliwo\u015bci\u0105 \u0142adowania mo\u017cna bez wysi\u0142ku o\u015bwietla\u0107 otoczenie. Latarnia LED Energizer Vision Recharge zapewnia wyj\u0105tkow\u0105 jasno\u015b\u0107 do 5 godzin w trybie wysokim \u2014 niezale\u017cnie od tego, czy wybierasz si\u0119 na przygod\u0119, czy przygotowujesz si\u0119 na domowe sytuacje awaryjne. Idealna do biwakowania, majsterkowania lub podczas przerw w dostawie pr\u0105du w domu, latarnia Energizer jest pod r\u0119k\u0105, aby pom\u00f3c odnale\u017a\u0107 drog\u0119 w ciemno\u015bci. 1200-lumenowa latarnia LED zapewnia o\u015bwietlenie 360 \u00b0, aby rozja\u015bni\u0107 najciemniejsze pomieszczenia. Dzi\u0119ki stabilnej podstawie i obs\u0142udze bez u\u017cycia r\u0105k jest to niezb\u0119dny sprz\u0119t kempingowy. Du\u017ca latarnia jest idealna do o\u015bwietlania namiotu, gotowania lub spotka\u0144 towarzyskich po zmroku.<\/p>\n","protected":false},"featured_media":0,"template":"","meta":{"_acf_changed":false},"product_brand":[],"product_cat":[44],"product_tag":[],"class_list":{"0":"post-5488","1":"product","2":"type-product","3":"status-publish","5":"product_cat-area","7":"first","8":"instock","9":"shipping-taxable","10":"product-type-simple"},"acf":[],"_links":{"self":[{"href":"https:\/\/energizer.com\/eu\/poland\/wp-json\/wp\/v2\/product\/5488","targetHints":{"allow":["GET"]}}],"collection":[{"href":"https:\/\/energizer.com\/eu\/poland\/wp-json\/wp\/v2\/product"}],"about":[{"href":"https:\/\/energizer.com\/eu\/poland\/wp-json\/wp\/v2\/types\/product"}],"version-history":[{"count":6,"href":"https:\/\/energizer.com\/eu\/poland\/wp-json\/wp\/v2\/product\/5488\/revisions"}],"predecessor-version":[{"id":9848,"href":"https:\/\/energizer.com\/eu\/poland\/wp-json\/wp\/v2\/product\/5488\/revisions\/9848"}],"wp:attachment":[{"href":"https:\/\/energizer.com\/eu\/poland\/wp-json\/wp\/v2\/media?parent=5488"}],"wp:term":[{"taxonomy":"product_brand","embeddable":true,"href":"https:\/\/energizer.com\/eu\/poland\/wp-json\/wp\/v2\/product_brand?post=5488"},{"taxonomy":"product_cat","embeddable":true,"href":"https:\/\/energizer.com\/eu\/poland\/wp-json\/wp\/v2\/product_cat?post=5488"},{"taxonomy":"product_tag","embeddable":true,"href":"https:\/\/energizer.com\/eu\/poland\/wp-json\/wp\/v2\/product_tag?post=5488"}],"curies":[{"name":"wp","href":"https:\/\/api.w.org\/{rel}","templated":true}]}}