{"id":5501,"date":"2024-05-22T12:01:16","date_gmt":"2024-05-22T12:01:16","guid":{"rendered":"https:\/\/23b13e8ab3.nxcli.io\/poland\/?post_type=product&#038;p=5501"},"modified":"2024-08-22T05:23:49","modified_gmt":"2024-08-22T05:23:49","slug":"energizer-expert-led-500","status":"publish","type":"product","link":"https:\/\/energizer.com\/eu\/poland\/product\/energizer-expert-led-500\/","title":{"rendered":"Energizer Expert LED 500"},"content":{"rendered":"<ul>\n<li>Mocna aluminiowa konstrukcja<\/li>\n<li>G\u0142owica obraca si\u0119 o 140 stopni, aby skierowa\u0107 \u015bwiat\u0142o tam, gdzie jest potrzebne<\/li>\n<li>\u0141atwy w obs\u0142udze prze\u0142\u0105cznik przyciskowy<\/li>\n<li>Prosta wymiana baterii<\/li>\n<li>D\u0142uga odleg\u0142o\u015b\u0107 wi\u0105zki 250 m<\/li>\n<li>Jasna, szeroka wi\u0105zka<\/li>\n<li>Godziny dzia\u0142ania<\/li>\n<li>Zawiera technologi\u0119 halogenow\u0105<\/li>\n<li>Dzia\u0142a na akumulatorku 6 V<\/li>\n<\/ul>\n","protected":false},"excerpt":{"rendered":"<p>Lampa Energizer Expert Lantern, emituj\u0105ca silne \u015bwiat\u0142o punktowe z efektem aureoli, rzuca \u015bwiat\u0142o na odleg\u0142o\u015b\u0107 do 250 metr\u00f3w, co czyni j\u0105 idealnym \u015bwiat\u0142em do szerokiego zakresu zastosowa\u0144 przemys\u0142owych. G\u0142owica obraca si\u0119 o 140\u00b0 i umo\u017cliwia u\u017cytkownikowi precyzyjne skierowanie \u015bwiat\u0142a tam, gdzie jest to potrzebne. Jest \u0142atwy w obs\u0142udze, posiada w\u0142\u0105cznik przyciskowy na uchwycie i odpinany pasek do noszenia. Ponadto Expert Lantern \u015bwieci godzinami (z akumulatorkiem alkalicznym Energizer 6 V).<\/p>\n","protected":false},"featured_media":0,"template":"","meta":{"_acf_changed":false},"product_brand":[],"product_cat":[97],"product_tag":[],"class_list":{"0":"post-5501","1":"product","2":"type-product","3":"status-publish","5":"product_cat-handheld","7":"first","8":"instock","9":"shipping-taxable","10":"product-type-simple"},"acf":[],"_links":{"self":[{"href":"https:\/\/energizer.com\/eu\/poland\/wp-json\/wp\/v2\/product\/5501","targetHints":{"allow":["GET"]}}],"collection":[{"href":"https:\/\/energizer.com\/eu\/poland\/wp-json\/wp\/v2\/product"}],"about":[{"href":"https:\/\/energizer.com\/eu\/poland\/wp-json\/wp\/v2\/types\/product"}],"version-history":[{"count":5,"href":"https:\/\/energizer.com\/eu\/poland\/wp-json\/wp\/v2\/product\/5501\/revisions"}],"predecessor-version":[{"id":9674,"href":"https:\/\/energizer.com\/eu\/poland\/wp-json\/wp\/v2\/product\/5501\/revisions\/9674"}],"wp:attachment":[{"href":"https:\/\/energizer.com\/eu\/poland\/wp-json\/wp\/v2\/media?parent=5501"}],"wp:term":[{"taxonomy":"product_brand","embeddable":true,"href":"https:\/\/energizer.com\/eu\/poland\/wp-json\/wp\/v2\/product_brand?post=5501"},{"taxonomy":"product_cat","embeddable":true,"href":"https:\/\/energizer.com\/eu\/poland\/wp-json\/wp\/v2\/product_cat?post=5501"},{"taxonomy":"product_tag","embeddable":true,"href":"https:\/\/energizer.com\/eu\/poland\/wp-json\/wp\/v2\/product_tag?post=5501"}],"curies":[{"name":"wp","href":"https:\/\/api.w.org\/{rel}","templated":true}]}}