{"id":5509,"date":"2024-05-22T12:04:49","date_gmt":"2024-05-22T12:04:49","guid":{"rendered":"https:\/\/23b13e8ab3.nxcli.io\/poland\/?post_type=product&#038;p=5509"},"modified":"2024-08-22T05:23:43","modified_gmt":"2024-08-22T05:23:43","slug":"energizer-hard-case-professional-2aa-handheld-torch","status":"publish","type":"product","link":"https:\/\/energizer.com\/eu\/poland\/product\/energizer-hard-case-professional-2aa-handheld-torch\/","title":{"rendered":"Energizer Hard Case Professional 2AA Handheld Torch"},"content":{"rendered":"<ul>\n<li>Idealny do pracy z bliska<\/li>\n<li>Niezwykle odporna na uderzenia<\/li>\n<li>Wytrzymuje spadek z 7 metr\u00f3w<\/li>\n<li>Specjalnie zaprojektowana optyka i wydajna technologia LED<\/li>\n<li>Wodoodporny<\/li>\n<li>Soczewka odporna na rozbicie<\/li>\n<li>Bardzo trwa\u0142a i odporna<\/li>\n<li>2 x AA baterie alkaliczne w zestawie<\/li>\n<\/ul>\n","protected":false},"excerpt":{"rendered":"<p>W przypadku najbardziej wymagaj\u0105cych zada\u0144 nie musisz szuka\u0107 dalej \u2013 jest lampa zadaniowa Energizer HARDCASE PROFESSIONAL. Dzi\u0119ki konstrukcji o jako\u015bci narz\u0119dziowej i zaawansowanej technologii LED, lampa ta zosta\u0142a zaprojektowana tak, aby sprosta\u0107 nawet najbardziej wymagaj\u0105cym pracom. Skonstruowany z my\u015bl\u0105 o profesjonalistach, wytrzymuje upadek po upadku, z drabiny, a nawet z dwupi\u0119trowego budynku. Du\u017cy prze\u0142\u0105cznik przyciskowy mo\u017cna \u0142atwo obs\u0142ugiwa\u0107 w r\u0119kawicach, a tryby wysoki i niski pozwalaj\u0105 u\u017cytkownikowi decydowa\u0107 o r\u00f3wnowadze jasno\u015bci i czasu dzia\u0142ania. Ponadto lampa ta jest wodoodporna, dzi\u0119ki czemu idealnie nadaje si\u0119 do u\u017cytku na zewn\u0105trz.<\/p>\n","protected":false},"featured_media":0,"template":"","meta":{"_acf_changed":false},"product_brand":[],"product_cat":[97],"product_tag":[],"class_list":{"0":"post-5509","1":"product","2":"type-product","3":"status-publish","5":"product_cat-handheld","7":"first","8":"instock","9":"shipping-taxable","10":"product-type-simple"},"acf":[],"_links":{"self":[{"href":"https:\/\/energizer.com\/eu\/poland\/wp-json\/wp\/v2\/product\/5509","targetHints":{"allow":["GET"]}}],"collection":[{"href":"https:\/\/energizer.com\/eu\/poland\/wp-json\/wp\/v2\/product"}],"about":[{"href":"https:\/\/energizer.com\/eu\/poland\/wp-json\/wp\/v2\/types\/product"}],"version-history":[{"count":7,"href":"https:\/\/energizer.com\/eu\/poland\/wp-json\/wp\/v2\/product\/5509\/revisions"}],"predecessor-version":[{"id":10507,"href":"https:\/\/energizer.com\/eu\/poland\/wp-json\/wp\/v2\/product\/5509\/revisions\/10507"}],"wp:attachment":[{"href":"https:\/\/energizer.com\/eu\/poland\/wp-json\/wp\/v2\/media?parent=5509"}],"wp:term":[{"taxonomy":"product_brand","embeddable":true,"href":"https:\/\/energizer.com\/eu\/poland\/wp-json\/wp\/v2\/product_brand?post=5509"},{"taxonomy":"product_cat","embeddable":true,"href":"https:\/\/energizer.com\/eu\/poland\/wp-json\/wp\/v2\/product_cat?post=5509"},{"taxonomy":"product_tag","embeddable":true,"href":"https:\/\/energizer.com\/eu\/poland\/wp-json\/wp\/v2\/product_tag?post=5509"}],"curies":[{"name":"wp","href":"https:\/\/api.w.org\/{rel}","templated":true}]}}