{"id":5514,"date":"2024-05-22T12:12:32","date_gmt":"2024-05-22T12:12:32","guid":{"rendered":"https:\/\/23b13e8ab3.nxcli.io\/poland\/?post_type=product&#038;p=5514"},"modified":"2024-08-22T05:23:40","modified_gmt":"2024-08-22T05:23:40","slug":"energizer-hard-case-project-plus-4aa-torch","status":"publish","type":"product","link":"https:\/\/energizer.com\/eu\/poland\/product\/energizer-hard-case-project-plus-4aa-torch\/","title":{"rendered":"Energizer Hard Case Project Plus 4AA Torch"},"content":{"rendered":"<ul>\n<li>Bardziej kompaktowy, \u0142atwy w u\u017cyciu do wszystkich profesjonalnych zada\u0144<\/li>\n<li>Zbudowany z wytrzyma\u0142ego tworzywa ABS<\/li>\n<li>Poprawiona jasno\u015b\u0107 i odporno\u015b\u0107 na uderzenia dla lepszej trwa\u0142o\u015bci<\/li>\n<li>2 tryby o\u015bwietlenia dla wi\u0119kszej wygody: Flood lub Spot+Flood i regulowana wydajno\u015b\u0107 wi\u0105zki\/regulacja jasno\u015bci w celu uzyskania niestandardowej mocy wyj\u015bciowej i wyd\u0142u\u017conego czasu dzia\u0142ania<\/li>\n<li>Odporne na warunki atmosferyczne<\/li>\n<li>Bardzo trwa\u0142y i wytrzyma\u0142y \u2014 wytrzymuje upadek z wysoko\u015bci 7 metr\u00f3w<\/li>\n<li>W zestawie 4 baterie alkaliczne AA<\/li>\n<\/ul>\n","protected":false},"excerpt":{"rendered":"<p>W przypadku najbardziej wymagaj\u0105cych zada\u0144 nie szukaj dalej, wybierz Energizer HARDCASE PROFESSIONAL PROJECTPLUS. Dzi\u0119ki konstrukcji zapewniaj\u0105cej jako\u015b\u0107 narz\u0119dzia i zaawansowanej technologii LED lampa ta zosta\u0142a zaprojektowana tak, aby sprosta\u0107 nawet najbardziej wymagaj\u0105cym zadaniom. Skonstruowany z my\u015bl\u0105 o profesjonalistach, wytrzymuje upadek za upadkiem, z drabiny, a nawet z dwupi\u0119trowego budynku. Lampa ta charakteryzuje si\u0119 jasnym, jednolitym \u015bwiat\u0142em i d\u0142u\u017csz\u0105 odleg\u0142o\u015bci\u0105 \u015bwiecenia, a jej konstrukcja zapewnia doskona\u0142e po\u0142\u0105czenie jasno\u015bci i d\u0142ugiego czasu dzia\u0142ania. Du\u017cy prze\u0142\u0105cznik przyciskowy i ergonomiczny uchwyt umo\u017cliwiaj\u0105 \u0142atw\u0105 obs\u0142ug\u0119 nawet w r\u0119kawicach, a regulowane tryby o\u015bwietlenia pozwalaj\u0105 u\u017cytkownikowi okre\u015bli\u0107 dok\u0142adn\u0105 r\u00f3wnowag\u0119 jasno\u015bci i czasu pracy.<\/p>\n","protected":false},"featured_media":0,"template":"","meta":{"_acf_changed":false},"product_brand":[],"product_cat":[97],"product_tag":[],"class_list":{"0":"post-5514","1":"product","2":"type-product","3":"status-publish","5":"product_cat-handheld","7":"first","8":"instock","9":"shipping-taxable","10":"product-type-simple"},"acf":[],"_links":{"self":[{"href":"https:\/\/energizer.com\/eu\/poland\/wp-json\/wp\/v2\/product\/5514","targetHints":{"allow":["GET"]}}],"collection":[{"href":"https:\/\/energizer.com\/eu\/poland\/wp-json\/wp\/v2\/product"}],"about":[{"href":"https:\/\/energizer.com\/eu\/poland\/wp-json\/wp\/v2\/types\/product"}],"version-history":[{"count":6,"href":"https:\/\/energizer.com\/eu\/poland\/wp-json\/wp\/v2\/product\/5514\/revisions"}],"predecessor-version":[{"id":9851,"href":"https:\/\/energizer.com\/eu\/poland\/wp-json\/wp\/v2\/product\/5514\/revisions\/9851"}],"wp:attachment":[{"href":"https:\/\/energizer.com\/eu\/poland\/wp-json\/wp\/v2\/media?parent=5514"}],"wp:term":[{"taxonomy":"product_brand","embeddable":true,"href":"https:\/\/energizer.com\/eu\/poland\/wp-json\/wp\/v2\/product_brand?post=5514"},{"taxonomy":"product_cat","embeddable":true,"href":"https:\/\/energizer.com\/eu\/poland\/wp-json\/wp\/v2\/product_cat?post=5514"},{"taxonomy":"product_tag","embeddable":true,"href":"https:\/\/energizer.com\/eu\/poland\/wp-json\/wp\/v2\/product_tag?post=5514"}],"curies":[{"name":"wp","href":"https:\/\/api.w.org\/{rel}","templated":true}]}}