{"id":5518,"date":"2024-05-22T12:24:22","date_gmt":"2024-05-22T12:24:22","guid":{"rendered":"https:\/\/23b13e8ab3.nxcli.io\/poland\/?post_type=product&#038;p=5518"},"modified":"2024-08-22T05:23:28","modified_gmt":"2024-08-22T05:23:28","slug":"energizer-head-torch-vision-hd-headlight","status":"publish","type":"product","link":"https:\/\/energizer.com\/eu\/poland\/product\/energizer-head-torch-vision-hd-headlight\/","title":{"rendered":"Energizer Head Torch, Vision HD Headlight"},"content":{"rendered":"<ul>\n<li>Czo\u0142\u00f3wka Energizer Vision HD z 3 bia\u0142ymi diodami LED, zawiera 3 baterie alkaliczne AAA<\/li>\n<li>Technologia LED: Ta latarka czo\u0142owa o mocy 300 lumen\u00f3w ma imponuj\u0105cy zasi\u0119g 55 metr\u00f3w<br \/>\nTechnologia inteligentnego przyciemniania: Dostosuj intensywno\u015b\u0107 od 10% do 100% we wszystkich trybach, w tym Trybie wysokiej intensywno\u015bci, Trybie skupionym i Trybie szerokim<\/li>\n<li>Trwa\u0142a konstrukcja: Ta trwa\u0142a latarka czo\u0142owa do biegania, idealna do d\u0142ugotrwa\u0142ego u\u017cytkowania, wytrzymuje upadek z wysoko\u015bci 1 metra, ma niet\u0142uk\u0105c\u0105 si\u0119 soczewk\u0119 i wodoodporn\u0105 obudow\u0119 o stopniu ochrony IPX4<\/li>\n<li>Wszechstronna lampka g\u0142o\u015bnom\u00f3wi\u0105ca: \u0141atwa w u\u017cyciu, kompaktowa latarka niewymagaj\u0105ca u\u017cycia r\u0105k poradzi sobie z przerwami w dostawie pr\u0105du, majsterkowaniem i nie tylko<\/li>\n<li>Szybkie w\u0142\u0105czanie i wy\u0142\u0105czanie: Z \u0142atwo\u015bci\u0105 wy\u0142\u0105czaj latark\u0119 czo\u0142ow\u0105 bez konieczno\u015bci przegl\u0105dania wszystkich tryb\u00f3w<\/li>\n<li>Niezawodne zasilanie: Zaufaj firmie Energizer, kt\u00f3ra dostarcza obiecan\u0105 mocn\u0105 wydajno\u015b\u0107 \u2013 wszystkie lampy Energizer s\u0105 testowane i spe\u0142niaj\u0105 rygorystyczne, niezawodne standardy ANSI<\/li>\n<\/ul>\n","protected":false},"excerpt":{"rendered":"<p>Dzi\u0119ki tej lekkiej i wszechstronnej latarce czo\u0142owej masz wolne r\u0119ce i mo\u017cesz w pe\u0142ni cieszy\u0107 si\u0119 ka\u017cd\u0105 przygod\u0105. Latarka czo\u0142owa Energizer Vision HD jest zar\u00f3wno kompaktowa, jak i nie wymaga u\u017cycia r\u0105k &#8211; idealna do majsterkowania i czynno\u015bci wymagaj\u0105cych u\u017cycia obu r\u0105k. O\u015bwietli ci drog\u0119 podczas ka\u017cdej eskapady po zmroku, niezale\u017cnie od tego, czy jeste\u015b na biwaku, w\u0119dr\u00f3wce, czy wychodzisz pobiega\u0107. Ta latarka czo\u0142owa LED o mocy 300 lumen\u00f3w o\u015bwietli nawet najciemniejsze miejsca, \u015bwiec\u0105c na odleg\u0142o\u015b\u0107 do 55 metr\u00f3w w trybie wysokim, daj\u0105c ci wystarczaj\u0105c\u0105 ilo\u015b\u0107 \u015bwiat\u0142a dok\u0142adnie tam, gdzie go potrzebujesz.<\/p>\n","protected":false},"featured_media":0,"template":"","meta":{"_acf_changed":false},"product_brand":[],"product_cat":[43],"product_tag":[],"class_list":{"0":"post-5518","1":"product","2":"type-product","3":"status-publish","5":"product_cat-hands-free","7":"first","8":"instock","9":"shipping-taxable","10":"product-type-simple"},"acf":[],"_links":{"self":[{"href":"https:\/\/energizer.com\/eu\/poland\/wp-json\/wp\/v2\/product\/5518","targetHints":{"allow":["GET"]}}],"collection":[{"href":"https:\/\/energizer.com\/eu\/poland\/wp-json\/wp\/v2\/product"}],"about":[{"href":"https:\/\/energizer.com\/eu\/poland\/wp-json\/wp\/v2\/types\/product"}],"version-history":[{"count":5,"href":"https:\/\/energizer.com\/eu\/poland\/wp-json\/wp\/v2\/product\/5518\/revisions"}],"predecessor-version":[{"id":9853,"href":"https:\/\/energizer.com\/eu\/poland\/wp-json\/wp\/v2\/product\/5518\/revisions\/9853"}],"wp:attachment":[{"href":"https:\/\/energizer.com\/eu\/poland\/wp-json\/wp\/v2\/media?parent=5518"}],"wp:term":[{"taxonomy":"product_brand","embeddable":true,"href":"https:\/\/energizer.com\/eu\/poland\/wp-json\/wp\/v2\/product_brand?post=5518"},{"taxonomy":"product_cat","embeddable":true,"href":"https:\/\/energizer.com\/eu\/poland\/wp-json\/wp\/v2\/product_cat?post=5518"},{"taxonomy":"product_tag","embeddable":true,"href":"https:\/\/energizer.com\/eu\/poland\/wp-json\/wp\/v2\/product_tag?post=5518"}],"curies":[{"name":"wp","href":"https:\/\/api.w.org\/{rel}","templated":true}]}}