{"id":5522,"date":"2024-05-22T12:29:45","date_gmt":"2024-05-22T12:29:45","guid":{"rendered":"https:\/\/23b13e8ab3.nxcli.io\/poland\/?post_type=product&#038;p=5522"},"modified":"2024-08-22T05:22:37","modified_gmt":"2024-08-22T05:22:37","slug":"energizer-hardcase-magnet-400-headlight","status":"publish","type":"product","link":"https:\/\/energizer.com\/eu\/poland\/product\/energizer-hardcase-magnet-400-headlight\/","title":{"rendered":"Energizer Hardcase MAGNET 400 Headlight"},"content":{"rendered":"<ul>\n<li>Ta trwa\u0142a, wszechstronna latarka czo\u0142owa magnetyczna dzia\u0142a na 3 baterie Energizer MAX AAA (w zestawie)<\/li>\n<li>No\u015b jako reflektor lub od\u0142\u0105cz modu\u0142 \u015bwietlny i zamontuj na powierzchniach magnetycznych<\/li>\n<li>Zapewnia do 400 lumen\u00f3w \u015bwiat\u0142a, czyli 5 razy ja\u015bniejszego ni\u017c standardowa technologia LED, z zasi\u0119giem wi\u0105zki do 60 metr\u00f3w<\/li>\n<li>Antypo\u015blizgowy pasek na g\u0142ow\u0119 i regulowany pasek pasuj\u0105 do standardowych kask\u00f3w i he\u0142m\u00f3w ochronnych<\/li>\n<li>Wytrzyma\u0142y korpus wytrzymuje upadek za upadkiem z wysoko\u015bci do 7 metr\u00f3w<\/li>\n<li>Prze\u0142\u0105czaj pomi\u0119dzy 2 trybami o\u015bwietlenia: Punktowy dla skoncentrowanego o\u015bwietlenia zadaniowego lub rozproszony dla szerokiego, r\u00f3wnomiernego \u015bwiat\u0142a<\/li>\n<li>Gotowy na ka\u017cd\u0105 pogod\u0119: Wodoodporny zgodnie ze standardem IPX4<\/li>\n<\/ul>\n","protected":false},"excerpt":{"rendered":"<p>Poznaj wielofunkcyjn\u0105 i wszechstronn\u0105 moc \u015bwiat\u0142a profesjonalnej latarki czo\u0142owej magnetycznej Energizer Hard Case. Dzi\u0119ki strumieniowi \u015bwiat\u0142a wynosz\u0105cemu do 400 lumen\u00f3w (5 razy ja\u015bniejszemu ni\u017c w standardowej technologii LED) i promieniowi \u015bwiat\u0142a na odleg\u0142o\u015b\u0107 do 60 metr\u00f3w, ta latarka czo\u0142owa nadaje si\u0119 do ka\u017cdego zadania \u2014 od pracy pod ziemi\u0105 po prac\u0119 pod mask\u0105 samochodu. No\u015b, aby o\u015bwietla\u0107 zadania bez u\u017cycia r\u0105k lub od\u0142\u0105cz magnetyczn\u0105 latark\u0119 czo\u0142ow\u0105, aby natychmiast zamontowa\u0107 j\u0105 wsz\u0119dzie tam, gdzie potrzebne jest wi\u0119cej \u015bwiat\u0142a. Dzi\u0119ki odporno\u015bci na warunki atmosferyczne IPX4, ta trwa\u0142a latarka czo\u0142owa jest zbudowana, aby przetrwa\u0107 w ka\u017cdych warunkach. A jego odporno\u015b\u0107 na uderzenia oznacza, \u017ce \u200b\u200bwytrzymuje upadki z wysoko\u015bci do 7 metr\u00f3w, dzi\u0119ki czemu mo\u017cesz uzyska\u0107 potrzebne \u015bwiat\u0142o nawet w najci\u0119\u017cszych warunkach pracy.<\/p>\n","protected":false},"featured_media":0,"template":"","meta":{"_acf_changed":false},"product_brand":[],"product_cat":[43],"product_tag":[],"class_list":{"0":"post-5522","1":"product","2":"type-product","3":"status-publish","5":"product_cat-hands-free","7":"first","8":"instock","9":"shipping-taxable","10":"product-type-simple"},"acf":[],"_links":{"self":[{"href":"https:\/\/energizer.com\/eu\/poland\/wp-json\/wp\/v2\/product\/5522","targetHints":{"allow":["GET"]}}],"collection":[{"href":"https:\/\/energizer.com\/eu\/poland\/wp-json\/wp\/v2\/product"}],"about":[{"href":"https:\/\/energizer.com\/eu\/poland\/wp-json\/wp\/v2\/types\/product"}],"version-history":[{"count":7,"href":"https:\/\/energizer.com\/eu\/poland\/wp-json\/wp\/v2\/product\/5522\/revisions"}],"predecessor-version":[{"id":9855,"href":"https:\/\/energizer.com\/eu\/poland\/wp-json\/wp\/v2\/product\/5522\/revisions\/9855"}],"wp:attachment":[{"href":"https:\/\/energizer.com\/eu\/poland\/wp-json\/wp\/v2\/media?parent=5522"}],"wp:term":[{"taxonomy":"product_brand","embeddable":true,"href":"https:\/\/energizer.com\/eu\/poland\/wp-json\/wp\/v2\/product_brand?post=5522"},{"taxonomy":"product_cat","embeddable":true,"href":"https:\/\/energizer.com\/eu\/poland\/wp-json\/wp\/v2\/product_cat?post=5522"},{"taxonomy":"product_tag","embeddable":true,"href":"https:\/\/energizer.com\/eu\/poland\/wp-json\/wp\/v2\/product_tag?post=5522"}],"curies":[{"name":"wp","href":"https:\/\/api.w.org\/{rel}","templated":true}]}}