{"id":5524,"date":"2024-05-22T12:33:21","date_gmt":"2024-05-22T12:33:21","guid":{"rendered":"https:\/\/23b13e8ab3.nxcli.io\/poland\/?post_type=product&#038;p=5524"},"modified":"2024-08-22T05:22:31","modified_gmt":"2024-08-22T05:22:31","slug":"energizer-hard-case-pro-work-light-led-torch","status":"publish","type":"product","link":"https:\/\/energizer.com\/eu\/poland\/product\/energizer-hard-case-pro-work-light-led-torch\/","title":{"rendered":"Energizer Hard Case Pro Work Light LED Torch"},"content":{"rendered":"<ul>\n<li>Ta wytrzyma\u0142a, przeno\u015bna latarka LED dzia\u0142a na 4 baterie Energizer MAX AA (w zestawie)<\/li>\n<li>Technologia LED wysokiej mocy zapewnia do 550 lumen\u00f3w* r\u00f3wnomiernego, szerokok\u0105tnego \u015bwiat\u0142a<\/li>\n<li>Wytrzyma\u0142y i trwa\u0142y korpus wytrzymuje kolejne upadki z wysoko\u015bci do 7 metr\u00f3w<\/li>\n<li>Dzia\u0142a razem z Tob\u0105: Wytrzymuje ca\u0142y 8-godzinny** dzie\u0144 pracy w trybie wysokim<\/li>\n<li>Wysuwany obrotowy hak, magnesy i solidna podstawa zapewniaj\u0105 latark\u0119, kt\u00f3ra mo\u017ce sta\u0107 samodzielnie bez potrzeby trzymania jej w r\u0119kach<\/li>\n<li>Funkcja Energizer Smart Dimming zapewnia kontrol\u0119 nad intensywno\u015bci\u0105 \u015bwiat\u0142a<\/li>\n<li>Gotowy na ka\u017cd\u0105 pogod\u0119: Wodoodporna konstrukcja oznacza, \u017ce \u200b\u200bmo\u017ce wytrzyma\u0107 zachlapanie<\/li>\n<\/ul>\n","protected":false},"excerpt":{"rendered":"<p>Kiedy jeste\u015b w pracy, jest te\u017c latarka LED Work Light Energizer Hard Case Professional. Ta wytrzyma\u0142a, trwa\u0142a latarka zapewnia przeno\u015bne o\u015bwietlenie potrzebne do ka\u017cdego zadania. Dzi\u0119ki technologii LED o du\u017cej mocy i zaawansowanej optyce uzyskasz jasne, jednolite \u015bwiat\u0142o o czasie pracy wynosz\u0105cym 8 godzin** (w trybie wysokim). Co wi\u0119cej, funkcja inteligentnego przyciemniania pozwala spersonalizowa\u0107 intensywno\u015b\u0107 \u015bwiat\u0142a i oszcz\u0119dza\u0107 energi\u0119, zapewniaj\u0105c jeszcze d\u0142u\u017cszy czas pracy, kt\u00f3ry wystarczy na ca\u0142y tydzie\u0144 pracy (40 godzin**) (na niskim poziomie). Kopnij, upu\u015b\u0107, rzu\u0107 \u2014 wytrzyma\u0142a obudowa tej latarki o wysokim strumieniu \u015bwiat\u0142a zosta\u0142a zaprojektowana tak, aby wytrzyma\u0107 przypadkowe uderzenia i upadki z wysoko\u015bci do 7 metr\u00f3w.<\/p>\n","protected":false},"featured_media":0,"template":"","meta":{"_acf_changed":false},"product_brand":[],"product_cat":[44],"product_tag":[],"class_list":{"0":"post-5524","1":"product","2":"type-product","3":"status-publish","5":"product_cat-area","7":"first","8":"instock","9":"shipping-taxable","10":"product-type-simple"},"acf":[],"_links":{"self":[{"href":"https:\/\/energizer.com\/eu\/poland\/wp-json\/wp\/v2\/product\/5524","targetHints":{"allow":["GET"]}}],"collection":[{"href":"https:\/\/energizer.com\/eu\/poland\/wp-json\/wp\/v2\/product"}],"about":[{"href":"https:\/\/energizer.com\/eu\/poland\/wp-json\/wp\/v2\/types\/product"}],"version-history":[{"count":6,"href":"https:\/\/energizer.com\/eu\/poland\/wp-json\/wp\/v2\/product\/5524\/revisions"}],"predecessor-version":[{"id":9856,"href":"https:\/\/energizer.com\/eu\/poland\/wp-json\/wp\/v2\/product\/5524\/revisions\/9856"}],"wp:attachment":[{"href":"https:\/\/energizer.com\/eu\/poland\/wp-json\/wp\/v2\/media?parent=5524"}],"wp:term":[{"taxonomy":"product_brand","embeddable":true,"href":"https:\/\/energizer.com\/eu\/poland\/wp-json\/wp\/v2\/product_brand?post=5524"},{"taxonomy":"product_cat","embeddable":true,"href":"https:\/\/energizer.com\/eu\/poland\/wp-json\/wp\/v2\/product_cat?post=5524"},{"taxonomy":"product_tag","embeddable":true,"href":"https:\/\/energizer.com\/eu\/poland\/wp-json\/wp\/v2\/product_tag?post=5524"}],"curies":[{"name":"wp","href":"https:\/\/api.w.org\/{rel}","templated":true}]}}