{"id":5526,"date":"2024-05-22T12:36:09","date_gmt":"2024-05-22T12:36:09","guid":{"rendered":"https:\/\/23b13e8ab3.nxcli.io\/poland\/?post_type=product&#038;p=5526"},"modified":"2024-08-22T05:22:23","modified_gmt":"2024-08-22T05:22:23","slug":"energizer-vision-hd-focus-headlight","status":"publish","type":"product","link":"https:\/\/energizer.com\/eu\/poland\/product\/energizer-vision-hd-focus-headlight\/","title":{"rendered":"Energizer Vision HD+ Focus Headlight"},"content":{"rendered":"<ul>\n<li>Reflektor Energizer Vision HD+ Focus z cyfrowym ustawianiem ostro\u015bci i 3 bateriami alkalicznymi AAA w zestawie<\/li>\n<li>Technologia LED: Ta latarka czo\u0142owa o mocy 400 lumen\u00f3w ma zasi\u0119g 85 metr\u00f3w i jest wyposa\u017cona w najnowsz\u0105 technologi\u0119 LED<\/li>\n<li>Cyfrowa ostro\u015b\u0107: Z \u0142atwo\u015bci\u0105 poszerz lub zaw\u0119\u017a pole widzenia za pomoc\u0105 prostego naci\u015bni\u0119cia przycisku<\/li>\n<li>Trwa\u0142a konstrukcja: Ta latarka czo\u0142owa trwa\u0142a, idealna do d\u0142ugotrwa\u0142ego u\u017cytkowania, wytrzymuje upadek z wysoko\u015bci 1 metra i jest wodoodporna<\/li>\n<li>Korpus o stopniu ochrony IPX4<\/li>\n<li>Wszechstronna lampka g\u0142o\u015bnom\u00f3wi\u0105ca: Ta \u0142atwa w u\u017cyciu, kompaktowa latarka niewymagaj\u0105ca u\u017cycia r\u0105k pomo\u017ce Ci poradzi\u0107 sobie z przerwami w dostawie pr\u0105du, majsterkowaniem i nie tylko<\/li>\n<li>Wygodna konstrukcja: Skieruj \u015bwiat\u0142o tam, gdzie go potrzebujesz, dzi\u0119ki tej lekkiej latarce czo\u0142owej z regulowanym pa\u0142\u0105kiem zapewniaj\u0105cym dobre dopasowanie<\/li>\n<li>Wspomnienie: \u0141atwy dost\u0119p do ulubionych ustawie\u0144 za ka\u017cdym razem, gdy ich u\u017cywasz, dzi\u0119ki przydatnej funkcji przywo\u0142ywania pami\u0119ci<\/li>\n<\/ul>\n","protected":false},"excerpt":{"rendered":"<p>Miej wolne r\u0119ce i ciesz si\u0119 ka\u017cd\u0105 przygod\u0105 w pe\u0142ni dzi\u0119ki tej lekkiej i wszechstronnej latarce czo\u0142owej. Latarka czo\u0142owa Energizer Vision HD+ Focus jest kompaktowa i nie wymaga u\u017cycia r\u0105k &#8211; idealna do majsterkowania i czynno\u015bci wymagaj\u0105cych u\u017cycia obu r\u0105k. O\u015bwietli ci drog\u0119 podczas ka\u017cdej eskapady po zmroku, niezale\u017cnie od tego, czy jeste\u015b na biwaku, w\u0119dr\u00f3wce czy podczas biegu. Ta latarka czo\u0142owa LED o mocy 400 lumen\u00f3w o\u015bwietli nawet najciemniejsze miejsca, \u015bwiec\u0105c na odleg\u0142o\u015b\u0107 do 85 metr\u00f3w w trybie wysokim, zapewniaj\u0105c wystarczaj\u0105c\u0105 ilo\u015b\u0107 \u015bwiat\u0142a dok\u0142adnie tam, gdzie go potrzebujesz. Zaw\u0119\u017caj lub poszerzaj pot\u0119\u017cne \u015bwiat\u0142o LED dzi\u0119ki opatentowanej technologii Digital Focus.<\/p>\n","protected":false},"featured_media":0,"template":"","meta":{"_acf_changed":false},"product_brand":[],"product_cat":[43],"product_tag":[],"class_list":{"0":"post-5526","1":"product","2":"type-product","3":"status-publish","5":"product_cat-hands-free","7":"first","8":"instock","9":"shipping-taxable","10":"product-type-simple"},"acf":[],"_links":{"self":[{"href":"https:\/\/energizer.com\/eu\/poland\/wp-json\/wp\/v2\/product\/5526","targetHints":{"allow":["GET"]}}],"collection":[{"href":"https:\/\/energizer.com\/eu\/poland\/wp-json\/wp\/v2\/product"}],"about":[{"href":"https:\/\/energizer.com\/eu\/poland\/wp-json\/wp\/v2\/types\/product"}],"version-history":[{"count":6,"href":"https:\/\/energizer.com\/eu\/poland\/wp-json\/wp\/v2\/product\/5526\/revisions"}],"predecessor-version":[{"id":9857,"href":"https:\/\/energizer.com\/eu\/poland\/wp-json\/wp\/v2\/product\/5526\/revisions\/9857"}],"wp:attachment":[{"href":"https:\/\/energizer.com\/eu\/poland\/wp-json\/wp\/v2\/media?parent=5526"}],"wp:term":[{"taxonomy":"product_brand","embeddable":true,"href":"https:\/\/energizer.com\/eu\/poland\/wp-json\/wp\/v2\/product_brand?post=5526"},{"taxonomy":"product_cat","embeddable":true,"href":"https:\/\/energizer.com\/eu\/poland\/wp-json\/wp\/v2\/product_cat?post=5526"},{"taxonomy":"product_tag","embeddable":true,"href":"https:\/\/energizer.com\/eu\/poland\/wp-json\/wp\/v2\/product_tag?post=5526"}],"curies":[{"name":"wp","href":"https:\/\/api.w.org\/{rel}","templated":true}]}}