{"id":5528,"date":"2024-05-22T12:39:02","date_gmt":"2024-05-22T12:39:02","guid":{"rendered":"https:\/\/23b13e8ab3.nxcli.io\/poland\/?post_type=product&#038;p=5528"},"modified":"2024-08-22T05:22:18","modified_gmt":"2024-08-22T05:22:18","slug":"energizer-hard-case-pivot-light-2aa","status":"publish","type":"product","link":"https:\/\/energizer.com\/eu\/poland\/product\/energizer-hard-case-pivot-light-2aa\/","title":{"rendered":"Energizer Hard Case Pivot Light 2AA"},"content":{"rendered":"<ul>\n<li>Elastyczna latarka LED Pivot Plus dzia\u0142a na 2 bateriach Energizer MAX AA (w zestawie)<\/li>\n<li>G\u0142owica obrotowa o 175\u00b0 zapewnia do 300 doskona\u0142ych lumen\u00f3w jednolitego \u015bwiat\u0142a przy odleg\u0142o\u015bci wi\u0105zki do 30 metr\u00f3w<\/li>\n<li>Wytrzyma\u0142y gumowy korpus wytrzymuje kolejne upadki z wysoko\u015bci do 7 metr\u00f3w<\/li>\n<li>Podstawa magnetyczna i wbudowana smycz umo\u017cliwiaj\u0105 korzystanie z o\u015bwietlenia zadaniowego, kt\u00f3re mo\u017cna obraca\u0107, bez u\u017cycia r\u0105k pod dowolnym k\u0105tem<\/li>\n<li>Bardzo du\u017cy przycisk i ergonomiczny uchwyt u\u0142atwiaj\u0105 obs\u0142ug\u0119 latarki roboczej nawet w r\u0119kawiczkach<\/li>\n<li>Gotowy na ka\u017cd\u0105 pogod\u0119; odporny na warunki atmosferyczne zgodnie ze standardami IPX4<\/li>\n<li>Dzia\u0142a tak d\u0142ugo, jak potrzebujesz: Dzia\u0142a do 5 godzin w trybie wysokim i do 30 godzin w trybie niskim<\/li>\n<\/ul>\n","protected":false},"excerpt":{"rendered":"<p>Wreszcie profesjonalna lampa robocza, kt\u00f3ra spe\u0142nia Twoje wymagania. G\u0142owica obrotowa latarki Energizer Hard Case Professional Pivot Plus LED zapewnia jasno\u015b\u0107 na \u017c\u0105danie, kiedy i gdzie jej potrzebujesz. Jego obrotowa g\u0142owica o 175\u00b0 mo\u017ce skierowa\u0107 do 300 jasnych lumen\u00f3w ostrego, jednolitego \u015bwiat\u0142a, o\u015bwietlaj\u0105c obiekty w odleg\u0142o\u015bci do 30 metr\u00f3w. Pracuj bez u\u017cycia r\u0105k dzi\u0119ki magnetycznej podstawie i wbudowanej smyczy. Ta wytrzyma\u0142a latarka, maj\u0105ca wytrzyma\u0142\u0105 gumow\u0105 zewn\u0119trzn\u0105 pow\u0142ok\u0119, mo\u017ce przetrwa\u0107 najtrudniejsze warunki, zosta\u0142a przetestowana pod k\u0105tem wytrzymywania upadk\u00f3w z wysoko\u015bci do 7 metr\u00f3w i trwa\u0142o\u015bci w ka\u017cdych warunkach pogodowych, dzi\u0119ki odporno\u015bci na warunki atmosferyczne IPX4.<\/p>\n","protected":false},"featured_media":0,"template":"","meta":{"_acf_changed":false},"product_brand":[],"product_cat":[97],"product_tag":[],"class_list":{"0":"post-5528","1":"product","2":"type-product","3":"status-publish","5":"product_cat-handheld","7":"first","8":"instock","9":"shipping-taxable","10":"product-type-simple"},"acf":[],"_links":{"self":[{"href":"https:\/\/energizer.com\/eu\/poland\/wp-json\/wp\/v2\/product\/5528","targetHints":{"allow":["GET"]}}],"collection":[{"href":"https:\/\/energizer.com\/eu\/poland\/wp-json\/wp\/v2\/product"}],"about":[{"href":"https:\/\/energizer.com\/eu\/poland\/wp-json\/wp\/v2\/types\/product"}],"version-history":[{"count":5,"href":"https:\/\/energizer.com\/eu\/poland\/wp-json\/wp\/v2\/product\/5528\/revisions"}],"predecessor-version":[{"id":9858,"href":"https:\/\/energizer.com\/eu\/poland\/wp-json\/wp\/v2\/product\/5528\/revisions\/9858"}],"wp:attachment":[{"href":"https:\/\/energizer.com\/eu\/poland\/wp-json\/wp\/v2\/media?parent=5528"}],"wp:term":[{"taxonomy":"product_brand","embeddable":true,"href":"https:\/\/energizer.com\/eu\/poland\/wp-json\/wp\/v2\/product_brand?post=5528"},{"taxonomy":"product_cat","embeddable":true,"href":"https:\/\/energizer.com\/eu\/poland\/wp-json\/wp\/v2\/product_cat?post=5528"},{"taxonomy":"product_tag","embeddable":true,"href":"https:\/\/energizer.com\/eu\/poland\/wp-json\/wp\/v2\/product_tag?post=5528"}],"curies":[{"name":"wp","href":"https:\/\/api.w.org\/{rel}","templated":true}]}}