{"id":5530,"date":"2024-05-22T12:41:24","date_gmt":"2024-05-22T12:41:24","guid":{"rendered":"https:\/\/23b13e8ab3.nxcli.io\/poland\/?post_type=product&#038;p=5530"},"modified":"2024-08-22T05:18:53","modified_gmt":"2024-08-22T05:18:53","slug":"energizer-atex-3aaa-120-headlight","status":"publish","type":"product","link":"https:\/\/energizer.com\/eu\/poland\/product\/energizer-atex-3aaa-120-headlight\/","title":{"rendered":"Energizer ATEX 3AAA  120  Headlight"},"content":{"rendered":"<ul>\n<li>R\u0119czny iskrobezpieczny (ATEX)<\/li>\n<li>Zakres roboczy temperatury otoczenia od -20\u00b0C do 40\u00b0C<\/li>\n<li>Podzia\u0142 I, Klasa I, II i III<\/li>\n<li>Iskrobezpieczne IECEx IA<\/li>\n<li>EN60529 stopie\u0144 ochrony IP67<\/li>\n<\/ul>\n","protected":false},"excerpt":{"rendered":"<p>Zatwierdzona przez \u015bwiatowe agencje bezpiecze\u0144stwa, latarka czo\u0142owa LED Energizer Intrinsically Safe Atex mo\u017ce dzia\u0142a\u0107 w najtrudniejszych warunkach. Zaprojektowana z my\u015bl\u0105 o bran\u017cach przemys\u0142owych, ta wysokowydajna lampa posiada certyfikat wodoodporno\u015bci IP67 i wytrzymuje kolejne upadki z wysoko\u015bci do 1 metra. Jest zbudowany tak, aby wytrzyma\u0107 trudne warunki w miejscu pracy i zapewnia niezawodne rozwi\u0105zanie o\u015bwietleniowe niewymagaj\u0105ce u\u017cycia r\u0105k. Lampa obraca si\u0119 p\u0142ynnie, kieruj\u0105c wi\u0105zk\u0119 \u015bwiat\u0142a dok\u0142adnie tam, gdzie jest potrzebna. Regulowana opaska na g\u0142ow\u0119 mocno si\u0119 zaciska na sprz\u0119cie ochronnym. Technologia LED zapewnia r\u00f3wnomierne o\u015bwietlenie o nat\u0119\u017ceniu do 150 lumen\u00f3w przez d\u0142ugie 5 godzin, pozwalaj\u0105c Ci by\u0107 aktywnym d\u0142u\u017cej.<\/p>\n","protected":false},"featured_media":0,"template":"","meta":{"_acf_changed":false},"product_brand":[],"product_cat":[43],"product_tag":[],"class_list":{"0":"post-5530","1":"product","2":"type-product","3":"status-publish","5":"product_cat-hands-free","7":"first","8":"instock","9":"shipping-taxable","10":"product-type-simple"},"acf":[],"_links":{"self":[{"href":"https:\/\/energizer.com\/eu\/poland\/wp-json\/wp\/v2\/product\/5530","targetHints":{"allow":["GET"]}}],"collection":[{"href":"https:\/\/energizer.com\/eu\/poland\/wp-json\/wp\/v2\/product"}],"about":[{"href":"https:\/\/energizer.com\/eu\/poland\/wp-json\/wp\/v2\/types\/product"}],"version-history":[{"count":8,"href":"https:\/\/energizer.com\/eu\/poland\/wp-json\/wp\/v2\/product\/5530\/revisions"}],"predecessor-version":[{"id":10505,"href":"https:\/\/energizer.com\/eu\/poland\/wp-json\/wp\/v2\/product\/5530\/revisions\/10505"}],"wp:attachment":[{"href":"https:\/\/energizer.com\/eu\/poland\/wp-json\/wp\/v2\/media?parent=5530"}],"wp:term":[{"taxonomy":"product_brand","embeddable":true,"href":"https:\/\/energizer.com\/eu\/poland\/wp-json\/wp\/v2\/product_brand?post=5530"},{"taxonomy":"product_cat","embeddable":true,"href":"https:\/\/energizer.com\/eu\/poland\/wp-json\/wp\/v2\/product_cat?post=5530"},{"taxonomy":"product_tag","embeddable":true,"href":"https:\/\/energizer.com\/eu\/poland\/wp-json\/wp\/v2\/product_tag?post=5530"}],"curies":[{"name":"wp","href":"https:\/\/api.w.org\/{rel}","templated":true}]}}