{"id":5534,"date":"2024-05-22T12:45:50","date_gmt":"2024-05-22T12:45:50","guid":{"rendered":"https:\/\/23b13e8ab3.nxcli.io\/poland\/?post_type=product&#038;p=5534"},"modified":"2024-08-22T05:18:44","modified_gmt":"2024-08-22T05:18:44","slug":"enr-eu-tactical-700-hh-tr-pmht2l","status":"publish","type":"product","link":"https:\/\/energizer.com\/eu\/poland\/product\/enr-eu-tactical-700-hh-tr-pmht2l\/","title":{"rendered":"Energizer TACTICAL 700"},"content":{"rendered":"<ul>\n<li>Taktyczna latarka metalowa Energizer Vision HD TAC 700 (w zestawie 2 baterie Energizer Lithium CR123)<\/li>\n<li>DO 700 LUMEN\u00d3W: Zapewnia jasne \u015bwiat\u0142o o mocy 15 razy wi\u0119kszej ni\u017c standardowa technologia LED<\/li>\n<li>BEZPIECZE\u0143STWO W U\u017bYCIU: B\u0105d\u017a przygotowany na sytuacje awaryjne dzi\u0119ki tej taktycznej latarki do codziennego noszenia z g\u0142owic\u0105 typu strike bezel<\/li>\n<li>4 TRYBY \u015aWIAT\u0141A: Przechod\u017a mi\u0119dzy wysokim, \u015brednim, niskim i awaryjnym trybem stroboskopowym, naciskaj\u0105c przycisk na ko\u0144c\u00f3wce latarki<\/li>\n<li>WYTRZYMA\u0141Y: Korpus ze stopu metalu klasy lotniczej i wodoodporna konstrukcja IPX4<\/li>\n<li>KOMPAKTOWY: Bateria kieszonkowa, wystarczaj\u0105co mocna do wielu zastosowa\u0144, od polowania, przez biwakowanie, po sytuacje awaryjne<\/li>\n<li>D\u0141UGI CZAS PRACY: Dzia\u0142a do 35 godzin w trybie niskim<\/li>\n<\/ul>\n","protected":false},"excerpt":{"rendered":"<p>Poznaj kompaktow\u0105 i wydajn\u0105 latark\u0119 Energizer TAC 700 Taktyczna z wygodnym klipsem do codziennego noszenia. Technologia MAXVIZ zapewnia szerok\u0105 i bardzo jasn\u0105 wi\u0105zk\u0119 \u015bwiat\u0142a o wysokiej rozdzielczo\u015bci dla obiekt\u00f3w bliskich i dalekich. Wodoodporny, trwa\u0142y korpus z metalu stopu lotniczego zapewnia niezawodn\u0105 odporno\u015b\u0107 na uderzenia\u2026 nawet w przypadku upadku z wysoko\u015bci do 1 metra. Co wi\u0119cej, ta latarka zapewnia naprawd\u0119 jasne \u015bwiat\u0142o (m\u00f3wimy o 700 lumenach w trybie wysokim). 4 tryby \u015bwiecenia, w tym awaryjny tryb stroboskopowy dost\u0119pny po kr\u00f3tkim, a nast\u0119pnie pe\u0142nym naci\u015bni\u0119ciu gumowego przycisku prze\u0142\u0105cznika nasadki tylnej, zapewniaj\u0105 \u015bwiat\u0142o, kt\u00f3rego potrzebujesz bez wzgl\u0119du na sytuacj\u0119. Niezale\u017cnie od tego, czy u\u017cywasz TAC 700 na zewn\u0105trz, czy w domu, wygodny zdejmowany klips zmienia orientacj\u0119, zapewniaj\u0105c \u0142atwy dost\u0119p, kiedy tylko go potrzebujesz \u2013 od polowania po projekty typu \u201ezr\u00f3b to sam\u201d lub w sytuacjach awaryjnych. W zestawie 2 baterie Energizer Lithium CR123.<\/p>\n","protected":false},"featured_media":0,"template":"","meta":{"_acf_changed":false},"product_brand":[],"product_cat":[97],"product_tag":[],"class_list":{"0":"post-5534","1":"product","2":"type-product","3":"status-publish","5":"product_cat-handheld","7":"first","8":"instock","9":"shipping-taxable","10":"product-type-simple"},"acf":[],"_links":{"self":[{"href":"https:\/\/energizer.com\/eu\/poland\/wp-json\/wp\/v2\/product\/5534","targetHints":{"allow":["GET"]}}],"collection":[{"href":"https:\/\/energizer.com\/eu\/poland\/wp-json\/wp\/v2\/product"}],"about":[{"href":"https:\/\/energizer.com\/eu\/poland\/wp-json\/wp\/v2\/types\/product"}],"version-history":[{"count":6,"href":"https:\/\/energizer.com\/eu\/poland\/wp-json\/wp\/v2\/product\/5534\/revisions"}],"predecessor-version":[{"id":9861,"href":"https:\/\/energizer.com\/eu\/poland\/wp-json\/wp\/v2\/product\/5534\/revisions\/9861"}],"wp:attachment":[{"href":"https:\/\/energizer.com\/eu\/poland\/wp-json\/wp\/v2\/media?parent=5534"}],"wp:term":[{"taxonomy":"product_brand","embeddable":true,"href":"https:\/\/energizer.com\/eu\/poland\/wp-json\/wp\/v2\/product_brand?post=5534"},{"taxonomy":"product_cat","embeddable":true,"href":"https:\/\/energizer.com\/eu\/poland\/wp-json\/wp\/v2\/product_cat?post=5534"},{"taxonomy":"product_tag","embeddable":true,"href":"https:\/\/energizer.com\/eu\/poland\/wp-json\/wp\/v2\/product_tag?post=5534"}],"curies":[{"name":"wp","href":"https:\/\/api.w.org\/{rel}","templated":true}]}}