{"id":5536,"date":"2024-05-22T12:48:37","date_gmt":"2024-05-22T12:48:37","guid":{"rendered":"https:\/\/23b13e8ab3.nxcli.io\/poland\/?post_type=product&#038;p=5536"},"modified":"2024-08-22T05:17:54","modified_gmt":"2024-08-22T05:17:54","slug":"energizer-metal-inspection-light","status":"publish","type":"product","link":"https:\/\/energizer.com\/eu\/poland\/product\/energizer-metal-inspection-light\/","title":{"rendered":"Energizer Metal Inspection Light"},"content":{"rendered":"<ul>\n<li>Metalowa lampa inspekcyjna Energizer z 2 bateriami alkalicznymi AAA w zestawie<\/li>\n<li>Super jasna latarka: To mocne \u015bwiat\u0142o LED o mocy 100 lumen\u00f3w ma zasi\u0119g 50 metr\u00f3w, zapewniaj\u0105c lepsz\u0105 widoczno\u015b\u0107 w ka\u017cdej ciemnej przestrzeni<\/li>\n<li>Wszechstronne zastosowanie: Ta \u0142atwa w obs\u0142udze \u015bwiat\u0142o sprawdzi si\u0119 zar\u00f3wno podczas inspekcji z bliska, jak i o\u015bwietlenia szerszego obszaru<\/li>\n<li>Trwa\u0142a konstrukcja: Idealna do d\u0142ugotrwa\u0142ego u\u017cytkowania, ta latarka inspekcyjna Energizer jest wodoodporna IPX4 i odporna na uderzenia z wysoko\u015bci do 1 metra<\/li>\n<li>Godziny pracy:\u202fLatarka inspekcyjna LED Energizer mo\u017ce \u015bwieci\u0107 do 5 godzin<\/li>\n<li>Lekki: Trzymaj t\u0119 lekk\u0105, wszechstronn\u0105 latark\u0119 w torbie lub przypnij j\u0105 do kieszeni<\/li>\n<li>\u0141atwa do trzymania konstrukcja: Wygodna konstrukcja z prze\u0142\u0105cznikiem na ko\u0144cu r\u0119koje\u015bci umo\u017cliwia \u0142atwy chwyt i u\u017cytkowanie<\/li>\n<\/ul>\n","protected":false},"excerpt":{"rendered":"<p>Ciesz si\u0119 lepsz\u0105 widoczno\u015bci\u0105 w ka\u017cdej ciemnej przestrzeni dzi\u0119ki mocnej latarce inspekcyjnej, kt\u00f3ra \u015bwieci na odleg\u0142o\u015b\u0107 do 50 metr\u00f3w. Metalowa lampa inspekcyjna Energizer zapewnia wyj\u0105tkow\u0105 jasno\u015b\u0107 nawet przez 5 godzin &#8211; idealna do kontroli z bliska lub do o\u015bwietlania wi\u0119kszego obszaru. Miej j\u0105 pod r\u0119k\u0105 podczas ka\u017cdego zadania, kt\u00f3re wymaga dok\u0142adnego o\u015bwietlenia w mniej ni\u017c idealnych warunkach. Skuteczna 100-lumenowa latarka LED zapewnia optymalny wz\u00f3r wi\u0105zki i temperatur\u0119 barwow\u0105 do projekt\u00f3w DIY. Czas pracy wynosi do 5 godzin, dzi\u0119ki czemu masz du\u017co czasu na sprawdzenie trudno dost\u0119pnych miejsc.<\/p>\n","protected":false},"featured_media":0,"template":"","meta":{"_acf_changed":false},"product_brand":[],"product_cat":[97],"product_tag":[],"class_list":{"0":"post-5536","1":"product","2":"type-product","3":"status-publish","5":"product_cat-handheld","7":"first","8":"instock","9":"shipping-taxable","10":"product-type-simple"},"acf":[],"_links":{"self":[{"href":"https:\/\/energizer.com\/eu\/poland\/wp-json\/wp\/v2\/product\/5536","targetHints":{"allow":["GET"]}}],"collection":[{"href":"https:\/\/energizer.com\/eu\/poland\/wp-json\/wp\/v2\/product"}],"about":[{"href":"https:\/\/energizer.com\/eu\/poland\/wp-json\/wp\/v2\/types\/product"}],"version-history":[{"count":6,"href":"https:\/\/energizer.com\/eu\/poland\/wp-json\/wp\/v2\/product\/5536\/revisions"}],"predecessor-version":[{"id":9862,"href":"https:\/\/energizer.com\/eu\/poland\/wp-json\/wp\/v2\/product\/5536\/revisions\/9862"}],"wp:attachment":[{"href":"https:\/\/energizer.com\/eu\/poland\/wp-json\/wp\/v2\/media?parent=5536"}],"wp:term":[{"taxonomy":"product_brand","embeddable":true,"href":"https:\/\/energizer.com\/eu\/poland\/wp-json\/wp\/v2\/product_brand?post=5536"},{"taxonomy":"product_cat","embeddable":true,"href":"https:\/\/energizer.com\/eu\/poland\/wp-json\/wp\/v2\/product_cat?post=5536"},{"taxonomy":"product_tag","embeddable":true,"href":"https:\/\/energizer.com\/eu\/poland\/wp-json\/wp\/v2\/product_tag?post=5536"}],"curies":[{"name":"wp","href":"https:\/\/api.w.org\/{rel}","templated":true}]}}