{"id":5543,"date":"2024-05-22T13:29:13","date_gmt":"2024-05-22T13:29:13","guid":{"rendered":"https:\/\/23b13e8ab3.nxcli.io\/poland\/?post_type=product&#038;p=5543"},"modified":"2024-08-22T05:17:35","modified_gmt":"2024-08-22T05:17:35","slug":"energizer-high-lumen-metal-light","status":"publish","type":"product","link":"https:\/\/energizer.com\/eu\/poland\/product\/energizer-high-lumen-metal-light\/","title":{"rendered":"Energizer High Lumen Metal Light"},"content":{"rendered":"<ul>\n<li>Czas pracy do 12 godzin* w trybie niskim<\/li>\n<li>Do 15 razy ja\u015bniejszy ni\u017c standardowa technologia LED<\/li>\n<li>3 tryby &#8211; Wysoki, Niski, Stroboskop w kolorze bia\u0142ym<\/li>\n<li>Wytrzyma\u0142e aluminium lotnicze<\/li>\n<\/ul>\n","protected":false},"excerpt":{"rendered":"<p>Metalowa lampa Energizer wysokiej luminacji zapewnia wydajne i \u0142atwe w u\u017cyciu \u015bwiat\u0142o, kt\u00f3re zapewnia doskona\u0142\u0105 jasno\u015b\u0107 w trwa\u0142ej, wytrzyma\u0142ej i niezawodnej konstrukcji. Dzi\u0119ki wytrzyma\u0142emu aluminium klasy lotniczej ta metalowa lampa wysokiej luminacji jest idealnym rozwi\u0105zaniem w r\u00f3\u017cnych sytuacjach, w tym w projektach typu \u201ezr\u00f3b to sam\u201d, do zastosowa\u0144 wewn\u0105trz i na zewn\u0105trz oraz w sytuacjach awaryjnych. Jego pot\u0119\u017cna jasno\u015b\u0107 i awaryjny stroboskop pomagaj\u0105 zachowa\u0107 ochron\u0119 w sytuacjach awaryjnych.<\/p>\n","protected":false},"featured_media":0,"template":"","meta":{"_acf_changed":false},"product_brand":[],"product_cat":[97],"product_tag":[],"class_list":{"0":"post-5543","1":"product","2":"type-product","3":"status-publish","5":"product_cat-handheld","7":"first","8":"instock","9":"shipping-taxable","10":"product-type-simple"},"acf":[],"_links":{"self":[{"href":"https:\/\/energizer.com\/eu\/poland\/wp-json\/wp\/v2\/product\/5543","targetHints":{"allow":["GET"]}}],"collection":[{"href":"https:\/\/energizer.com\/eu\/poland\/wp-json\/wp\/v2\/product"}],"about":[{"href":"https:\/\/energizer.com\/eu\/poland\/wp-json\/wp\/v2\/types\/product"}],"version-history":[{"count":5,"href":"https:\/\/energizer.com\/eu\/poland\/wp-json\/wp\/v2\/product\/5543\/revisions"}],"predecessor-version":[{"id":9865,"href":"https:\/\/energizer.com\/eu\/poland\/wp-json\/wp\/v2\/product\/5543\/revisions\/9865"}],"wp:attachment":[{"href":"https:\/\/energizer.com\/eu\/poland\/wp-json\/wp\/v2\/media?parent=5543"}],"wp:term":[{"taxonomy":"product_brand","embeddable":true,"href":"https:\/\/energizer.com\/eu\/poland\/wp-json\/wp\/v2\/product_brand?post=5543"},{"taxonomy":"product_cat","embeddable":true,"href":"https:\/\/energizer.com\/eu\/poland\/wp-json\/wp\/v2\/product_cat?post=5543"},{"taxonomy":"product_tag","embeddable":true,"href":"https:\/\/energizer.com\/eu\/poland\/wp-json\/wp\/v2\/product_tag?post=5543"}],"curies":[{"name":"wp","href":"https:\/\/api.w.org\/{rel}","templated":true}]}}