{"id":5545,"date":"2024-05-22T13:30:46","date_gmt":"2024-05-22T13:30:46","guid":{"rendered":"https:\/\/23b13e8ab3.nxcli.io\/poland\/?post_type=product&#038;p=5545"},"modified":"2024-08-22T05:17:31","modified_gmt":"2024-08-22T05:17:31","slug":"enr-eu-tier3hdl80-650-hl-os-y38a42","status":"publish","type":"product","link":"https:\/\/energizer.com\/eu\/poland\/product\/enr-eu-tier3hdl80-650-hl-os-y38a42\/","title":{"rendered":"Energizer Hybrid Headlamp HDL80"},"content":{"rendered":"<ul>\n<li>Hybrydowa latarka czo\u0142owa Energizer HDL80, innowacyjne rozwi\u0105zanie typu &#8216;r\u0119ce wolne&#8217; zapewniaj\u0105ce intensywn\u0105 jasno\u015b\u0107<\/li>\n<li>12 razy ja\u015bniejsza ni\u017c standardowa technologia LED, zapewniaj\u0105ca do 650 lumen\u00f3w jasno\u015bci przy odleg\u0142o\u015bci wi\u0105zki do 100 metr\u00f3w<\/li>\n<li>D\u0142ugi czas pracy do 35 godzin na niskim poziomie dzi\u0119ki baterii<\/li>\n<li>Wytrzyma\u0142a latarka czo\u0142owa o stopniu wodoodporno\u015bci i py\u0142oszczelno\u015bci IP67 oraz niet\u0142uk\u0105cej si\u0119 soczewce; idealne \u015bwiat\u0142o do domu, pracy i aktywno\u015bci na \u015bwie\u017cym powietrzu w ka\u017cdych warunkach pogodowych<\/li>\n<li>Dioda LED o wysokim CRI zapewnia wyrazisto\u015b\u0107 kolor\u00f3w w wysokiej rozdzielczo\u015bci, a zaawansowana funkcja przyciemniania umo\u017cliwia regulacj\u0119 nat\u0119\u017cenia \u015bwiat\u0142a w zakresie od 100% do 10%<\/li>\n<li>Ta latarka czo\u0142owa Energizer jest zasilana hybrydowo, bateri\u0105 litowo-jonow\u0105 lub 4 bateriami AAA Energizer<\/li>\n<li>Zbudowany z my\u015bl\u0105 o wygodzie; ma wygodny, regulowany pasek, konstrukcj\u0119 przeciwodblaskow\u0105 i obrotow\u0105 g\u0142owic\u0119, kt\u00f3ra pozwala skierowa\u0107 \u015bwiat\u0142o dok\u0142adnie tam, gdzie jest potrzebne<\/li>\n<\/ul>\n","protected":false},"excerpt":{"rendered":"<p>Hybrydowa latarka czo\u0142owa Energizer HDL80 to innowacyjne, niewymagaj\u0105ce u\u017cycia r\u0105k rozwi\u0105zanie o\u015bwietlenia czo\u0142owego o intensywnej jasno\u015bci. To \u015bwiat\u0142o LED emituj\u0105ce do 650 lumen\u00f3w jest 12 razy ja\u015bniejsze ni\u017c standardowa technologia LED i ma zasi\u0119g \u015bwiecenia do 100 metr\u00f3w. Siedem tryb\u00f3w zapewnia wszechstronno\u015b\u0107 dostosowan\u0105 do Twoich potrzeb: Wysoki, \u015bredni, niski, przyciemnianie, zielony, czerwony i czerwony stroboskop, z LED o wysokim CRI zapewniaj\u0105c\u0105 wyrazisto\u015b\u0107 kolor\u00f3w w wysokiej rozdzielczo\u015bci. Mo\u017cesz kontrolowa\u0107 intensywno\u015b\u0107 \u015bwiat\u0142a od 100% do 10%, aby uzyska\u0107 odpowiedni\u0105 jasno\u015b\u0107 do swojego zadania, dzi\u0119ki czemu jest to idealne \u015bwiat\u0142o bez u\u017cycia r\u0105k do domu, pracy i zaj\u0119\u0107 na \u015bwie\u017cym powietrzu. Ta latarka czo\u0142owa LED jest zasilana hybrydowo, z baterii litowo-jonowej lub czterech baterii AAA. Ta trwa\u0142a latarka czo\u0142owa ma stopie\u0144 wodoodporno\u015bci i py\u0142oszczelno\u015bci IP67, zosta\u0142a zbudowana z my\u015bl\u0105 o wygodzie i ma regulowany pasek, obrotow\u0105 g\u0142owic\u0119 i konstrukcj\u0119 przeciwodblaskow\u0105. \u015awieci do 35 godzin w trybie niski i posiada wska\u017anik niskiego poziomu baterii, kt\u00f3ry miga, aby ostrzec, \u017ce zbli\u017ca si\u0119 czas wymiany lub \u0142adowania baterii. Zaufaj firmie Energizer i zapewnij obiecan\u0105 wysok\u0105 wydajno\u015b\u0107 \u2013 lampy Energizer s\u0105 testowane i spe\u0142niaj\u0105 rygorystyczne, niezawodne standardy ANSI.<\/p>\n","protected":false},"featured_media":0,"template":"","meta":{"_acf_changed":false},"product_brand":[],"product_cat":[43],"product_tag":[],"class_list":{"0":"post-5545","1":"product","2":"type-product","3":"status-publish","5":"product_cat-hands-free","7":"first","8":"instock","9":"shipping-taxable","10":"product-type-simple"},"acf":[],"_links":{"self":[{"href":"https:\/\/energizer.com\/eu\/poland\/wp-json\/wp\/v2\/product\/5545","targetHints":{"allow":["GET"]}}],"collection":[{"href":"https:\/\/energizer.com\/eu\/poland\/wp-json\/wp\/v2\/product"}],"about":[{"href":"https:\/\/energizer.com\/eu\/poland\/wp-json\/wp\/v2\/types\/product"}],"version-history":[{"count":7,"href":"https:\/\/energizer.com\/eu\/poland\/wp-json\/wp\/v2\/product\/5545\/revisions"}],"predecessor-version":[{"id":9866,"href":"https:\/\/energizer.com\/eu\/poland\/wp-json\/wp\/v2\/product\/5545\/revisions\/9866"}],"wp:attachment":[{"href":"https:\/\/energizer.com\/eu\/poland\/wp-json\/wp\/v2\/media?parent=5545"}],"wp:term":[{"taxonomy":"product_brand","embeddable":true,"href":"https:\/\/energizer.com\/eu\/poland\/wp-json\/wp\/v2\/product_brand?post=5545"},{"taxonomy":"product_cat","embeddable":true,"href":"https:\/\/energizer.com\/eu\/poland\/wp-json\/wp\/v2\/product_cat?post=5545"},{"taxonomy":"product_tag","embeddable":true,"href":"https:\/\/energizer.com\/eu\/poland\/wp-json\/wp\/v2\/product_tag?post=5545"}],"curies":[{"name":"wp","href":"https:\/\/api.w.org\/{rel}","templated":true}]}}