{"id":5549,"date":"2024-05-22T14:08:12","date_gmt":"2024-05-22T14:08:12","guid":{"rendered":"https:\/\/23b13e8ab3.nxcli.io\/poland\/?post_type=product&#038;p=5549"},"modified":"2024-08-22T05:17:19","modified_gmt":"2024-08-22T05:17:19","slug":"energizer-pro-series-hybrid-handheld-torch","status":"publish","type":"product","link":"https:\/\/energizer.com\/eu\/poland\/product\/energizer-pro-series-hybrid-handheld-torch\/","title":{"rendered":"Energizer Pro Series Hybrid Handheld Torch"},"content":{"rendered":"<ul>\n<li>Hybrydowa latarka r\u0119czna Energizer Pro Series z etui do przechowywania<\/li>\n<li>Technologia LED: Ta r\u0119czna latarka LED o mocy 500 lumen\u00f3w* charakteryzuje si\u0119 wysokim wsp\u00f3\u0142czynnikiem CRI zapewniaj\u0105cym wyrazisto\u015b\u0107 kolor\u00f3w w wysokiej rozdzielczo\u015bci. *Z bateri\u0105 litowo-jonow\u0105<\/li>\n<li>Moc hybrydowa: Lekka i \u0142atwa w obs\u0142udze, przeno\u015bna ma\u0142a latarka, kt\u00f3r\u0105 mo\u017cna \u0142adowa\u0107 lub zasila\u0107 za pomoc\u0105 2 baterii AA<\/li>\n<li>4 tryby \u015bwiat\u0142a: Wybierz spo\u015br\u00f3d wysokiej, \u015bredniej, niskiej i stroboskopowej<\/li>\n<li>Godziny dzia\u0142ania: \u202fTa trwa\u0142a i niezawodna latarka Energizer mo\u017ce \u015bwieci\u0107 do 55 godzin w trybie niskim* * z 2 bateriami AA<\/li>\n<li>Konstrukcja u\u0142atwiaj\u0105ca chwyt: Dzi\u0119ki wygodnemu, antypo\u015blizgowemu uchwytowi i wygodnemu prze\u0142\u0105cznikowi przyciskowemu t\u0119 pot\u0119\u017cn\u0105 latark\u0119 mo\u017cna \u0142atwo trzyma\u0107 i u\u017cywa\u0107 \u2013 nawet w r\u0119kawicach<\/li>\n<li>Bardzo praktyczne: Latarka LED jest wyposa\u017cona w magnes umo\u017cliwiaj\u0105cy u\u017cytkowanie i przechowywanie bez u\u017cycia r\u0105k, oraz do\u0142\u0105czonym etui do przechowywania lub przenoszenia latarki, baterii i kabla \u0142aduj\u0105cego<\/li>\n<\/ul>\n","protected":false},"excerpt":{"rendered":"<p>O\u015bwietl swoje miejsce pracy bez wysi\u0142ku dzi\u0119ki tej wydajnej, jasnej latarce. Hybrydowa latarka r\u0119czna Energizer Pro Series zapewnia \u015bwiat\u0142o do 55 godzin w trybie niskim* \u2013 idealne rozwi\u0105zanie niezale\u017cnie od tego, czy jest to projekt profesjonalny, czy majsterkowanie, wyruszasz na przygod\u0119 lub przygotowujesz si\u0119 na awaryjne sytuacje w domu. R\u0119czna latarka Energizer mo\u017ce dosi\u0119gn\u0105\u0107 d\u0142ugo\u015bci dw\u00f3ch boisk stadionowych i jest wyposa\u017cona w wydajn\u0105 technologi\u0119 LED oraz wysoki wsp\u00f3\u0142czynnik CRI zapewniaj\u0105cy wyrazisto\u015b\u0107 kolor\u00f3w w wysokiej rozdzielczo\u015bci. Wybierz idealny tryb o\u015bwietlenia dla swojego projektu \u2014 wybierz tryb wysoki, \u015bredni, niski lub stroboskopowy, aby przyci\u0105gn\u0105\u0107 uwag\u0119 w sytuacjach awaryjnych. Ta latarka zasilana akumulatorkiem 2xAA lub akumulatorem ma antypo\u015blizgowy korpus, dzi\u0119ki czemu jest bardzo \u0142atwa do trzymania i u\u017cytkowania.<\/p>\n","protected":false},"featured_media":0,"template":"","meta":{"_acf_changed":false},"product_brand":[],"product_cat":[97],"product_tag":[],"class_list":{"0":"post-5549","1":"product","2":"type-product","3":"status-publish","5":"product_cat-handheld","7":"first","8":"instock","9":"shipping-taxable","10":"product-type-simple"},"acf":[],"_links":{"self":[{"href":"https:\/\/energizer.com\/eu\/poland\/wp-json\/wp\/v2\/product\/5549","targetHints":{"allow":["GET"]}}],"collection":[{"href":"https:\/\/energizer.com\/eu\/poland\/wp-json\/wp\/v2\/product"}],"about":[{"href":"https:\/\/energizer.com\/eu\/poland\/wp-json\/wp\/v2\/types\/product"}],"version-history":[{"count":6,"href":"https:\/\/energizer.com\/eu\/poland\/wp-json\/wp\/v2\/product\/5549\/revisions"}],"predecessor-version":[{"id":9868,"href":"https:\/\/energizer.com\/eu\/poland\/wp-json\/wp\/v2\/product\/5549\/revisions\/9868"}],"wp:attachment":[{"href":"https:\/\/energizer.com\/eu\/poland\/wp-json\/wp\/v2\/media?parent=5549"}],"wp:term":[{"taxonomy":"product_brand","embeddable":true,"href":"https:\/\/energizer.com\/eu\/poland\/wp-json\/wp\/v2\/product_brand?post=5549"},{"taxonomy":"product_cat","embeddable":true,"href":"https:\/\/energizer.com\/eu\/poland\/wp-json\/wp\/v2\/product_cat?post=5549"},{"taxonomy":"product_tag","embeddable":true,"href":"https:\/\/energizer.com\/eu\/poland\/wp-json\/wp\/v2\/product_tag?post=5549"}],"curies":[{"name":"wp","href":"https:\/\/api.w.org\/{rel}","templated":true}]}}