{"id":5551,"date":"2024-05-22T14:10:29","date_gmt":"2024-05-22T14:10:29","guid":{"rendered":"https:\/\/23b13e8ab3.nxcli.io\/poland\/?post_type=product&#038;p=5551"},"modified":"2024-08-22T05:17:12","modified_gmt":"2024-08-22T05:17:12","slug":"energizer-pro-series-high-cri-torch","status":"publish","type":"product","link":"https:\/\/energizer.com\/eu\/poland\/product\/energizer-pro-series-high-cri-torch\/","title":{"rendered":"Energizer Pro Series High CRI Torch"},"content":{"rendered":"<ul>\n<li>Latarka Energizer Pro Series z wysokim indeksem oddawania barw z etui do przechowywania<\/li>\n<li>Wysoce praktyczne: Latarka LED ma magnes, dzi\u0119ki czemu mo\u017cna jej u\u017cywa\u0107 bez u\u017cycia r\u0105k, a tak\u017ce etui do przechowywania latarki, baterii i kabla \u0142aduj\u0105cego<\/li>\n<li>Technologia LED: Ta latarka r\u0119czna LED o mocy 1000 lumen\u00f3w ma wysoki indeks oddawania barw, co zapewnia wyrazisto\u015b\u0107 kolor\u00f3w w wysokiej rozdzielczo\u015bci, idealna do ka\u017cdego projektu<\/li>\n<li>Moc hybrydowa: Lekka i \u0142atwa w obs\u0142udze ma\u0142a latarka pracuje zar\u00f3wno na akumulatorach, lub na bateriach 6xAAA<\/li>\n<li>4 tryby \u015bwiat\u0142a: Wybieraj spo\u015br\u00f3d mocnego, \u015bredniego, s\u0142abego i stroboskopowego \u015bwiat\u0142a w sytuacjach awaryjnych<\/li>\n<li>Godziny pracy: \u202fTa trwa\u0142a i niezawodna latarka Energizer mo\u017ce \u015bwieci\u0107 do 20 godzin w trybie niskim* *Z akumulatorkiem litowo-jonowym<\/li>\n<li>Konstrukcja u\u0142atwiaj\u0105ca chwyt: Dzi\u0119ki wygodnemu, antypo\u015blizgowemu uchwytowi i wygodnemu prze\u0142\u0105cznikowi przyciskowemu t\u0119 pot\u0119\u017cn\u0105 latark\u0119 mo\u017cna \u0142atwo trzyma\u0107 i u\u017cywa\u0107 \u2013 nawet w r\u0119kawicach<\/li>\n<\/ul>\n","protected":false},"excerpt":{"rendered":"<p>O\u015bwietl swoje otoczenie bez wysi\u0142ku dzi\u0119ki wydajnej, jasnej latarce. Latarka Energizer Pro Series o wysokim wsp\u00f3\u0142czynniku CRI zapewnia \u015bwiat\u0142o do 20 godzin w trybie niskim* \u2014 idealne rozwi\u0105zanie niezale\u017cnie od tego, czy jest to projekt profesjonalny, czy majsterkowanie, wyruszasz na przygod\u0119 lub przygotowujesz si\u0119 na awaryjne sytuacje w domu. Twoja latarka r\u0119czna Energizer mo\u017ce rozja\u015bni\u0107 najciemniejsze przestrzenie i jest wyposa\u017cona w wydajn\u0105 technologi\u0119 LED, kt\u00f3ra obejmuje wysoki wsp\u00f3\u0142czynnik CRI zapewniaj\u0105cy wyrazisto\u015b\u0107 kolor\u00f3w w wysokiej rozdzielczo\u015bci. Wybierz idealny tryb \u015bwiat\u0142a dla swojej aktywno\u015bci \u2013 mocne, \u015brednie, s\u0142abe i stroboskopowy.<\/p>\n","protected":false},"featured_media":0,"template":"","meta":{"_acf_changed":false},"product_brand":[],"product_cat":[97],"product_tag":[],"class_list":{"0":"post-5551","1":"product","2":"type-product","3":"status-publish","5":"product_cat-handheld","7":"first","8":"instock","9":"shipping-taxable","10":"product-type-simple"},"acf":[],"_links":{"self":[{"href":"https:\/\/energizer.com\/eu\/poland\/wp-json\/wp\/v2\/product\/5551","targetHints":{"allow":["GET"]}}],"collection":[{"href":"https:\/\/energizer.com\/eu\/poland\/wp-json\/wp\/v2\/product"}],"about":[{"href":"https:\/\/energizer.com\/eu\/poland\/wp-json\/wp\/v2\/types\/product"}],"version-history":[{"count":6,"href":"https:\/\/energizer.com\/eu\/poland\/wp-json\/wp\/v2\/product\/5551\/revisions"}],"predecessor-version":[{"id":9869,"href":"https:\/\/energizer.com\/eu\/poland\/wp-json\/wp\/v2\/product\/5551\/revisions\/9869"}],"wp:attachment":[{"href":"https:\/\/energizer.com\/eu\/poland\/wp-json\/wp\/v2\/media?parent=5551"}],"wp:term":[{"taxonomy":"product_brand","embeddable":true,"href":"https:\/\/energizer.com\/eu\/poland\/wp-json\/wp\/v2\/product_brand?post=5551"},{"taxonomy":"product_cat","embeddable":true,"href":"https:\/\/energizer.com\/eu\/poland\/wp-json\/wp\/v2\/product_cat?post=5551"},{"taxonomy":"product_tag","embeddable":true,"href":"https:\/\/energizer.com\/eu\/poland\/wp-json\/wp\/v2\/product_tag?post=5551"}],"curies":[{"name":"wp","href":"https:\/\/api.w.org\/{rel}","templated":true}]}}