{"id":5553,"date":"2024-05-22T14:13:22","date_gmt":"2024-05-22T14:13:22","guid":{"rendered":"https:\/\/23b13e8ab3.nxcli.io\/poland\/?post_type=product&#038;p=5553"},"modified":"2024-08-22T05:17:07","modified_gmt":"2024-08-22T05:17:07","slug":"energizer-pro-series-focusing-hybrid-headlamp","status":"publish","type":"product","link":"https:\/\/energizer.com\/eu\/poland\/product\/energizer-pro-series-focusing-hybrid-headlamp\/","title":{"rendered":"Energizer Pro Series Focusing Hybrid Headlamp"},"content":{"rendered":"<ul>\n<li>Energizer Pro Series Hybrydowa czo\u0142\u00f3wka skupiaj\u0105ca z soczewk\u0105 odporn\u0105 na st\u0142uczenia<\/li>\n<li>Technologia LED: Ta mocna latarka o mocy 500 lumen\u00f3w, niewymagaj\u0105ca u\u017cycia r\u0105k, zapewnia 12 razy ja\u015bniejsze \u015bwiat\u0142o ni\u017c standardowa technologia LED<\/li>\n<li>5 tryby \u015bwiat\u0142a: Wybierz tryb, kt\u00f3ry odpowiada Twoim r\u00f3\u017cnym potrzebom o\u015bwietleniowym, wybieraj\u0105c spo\u015br\u00f3d wysoki, \u015bredni, niski, zielony i migaj\u0105cy zielony<\/li>\n<li>Technologia Energizer Digital Focus: Umo\u017cliwia poszerzenie lub zaw\u0119\u017cenie strumienia \u015bwiat\u0142a za pomoc\u0105 prostego naci\u015bni\u0119cia przycisku<\/li>\n<li>Trwa\u0142a konstrukcja: Ta latarka niewymagaj\u0105ca u\u017cycia r\u0105k jest wodoodporna, ma niet\u0142uk\u0105c\u0105 si\u0119 soczewk\u0119 i wytrzymuje upadek z wysoko\u015bci 2 metr\u00f3w<\/li>\n<li>Wszechstronna lampka g\u0142o\u015bnom\u00f3wi\u0105ca: \u0141atwa w u\u017cyciu, kompaktowa wodoodporna latarka czo\u0142owa ma regulowany pasek na g\u0142ow\u0119 z obrotow\u0105 g\u0142owic\u0105 i konstrukcj\u0105 przeciwodblaskow\u0105<\/li>\n<li>Moc hybrydowa: Lekka i \u0142atwa w obs\u0142udze latarka jest zasilana hybrydowo, zar\u00f3wno akumulatorami, jak i bateriami 3xAAA<\/li>\n<\/ul>\n","protected":false},"excerpt":{"rendered":"<p>Dzi\u0119ki tej lekkiej i wszechstronnej latarce czo\u0142owej b\u0119dziesz mie\u0107 wolne r\u0119ce \u2014 niezale\u017cnie od tego, czy zajmujesz si\u0119 projektem profesjonalnym, czy projektem do zrobienia samemu. Hybrydowa latarka czo\u0142owa z regulacj\u0105 ostro\u015bci Energizer Pro Series jest zar\u00f3wno kompaktowa, jak i niewymagaj\u0105ca u\u017cycia r\u0105k, a tak\u017ce charakteryzuje si\u0119 wysokim wsp\u00f3\u0142czynnikiem CRI zapewniaj\u0105cym wyra\u017an\u0105 definicj\u0119 kolor\u00f3w. O\u015bwietli Twoj\u0105 drog\u0119 podczas ka\u017cdej aktywno\u015bci, niezale\u017cnie od tego, czy pracujesz nad projektem, biwakujesz, uprawiasz turystyk\u0119 piesz\u0105, czy te\u017c biegasz po zachodzie s\u0142o\u0144ca. Ta pot\u0119\u017cna latarka czo\u0142owa do pracy o mocy 500 lumen\u00f3w ma regulowany pasek i obrotow\u0105 g\u0142owic\u0119 z pow\u0142ok\u0105 przeciwodblaskow\u0105, dzi\u0119ki czemu o\u015bwietla nawet najciemniejsze przestrzenie, zapewniaj\u0105c wystarczaj\u0105c\u0105 ilo\u015b\u0107 \u015bwiat\u0142a dok\u0142adnie tam, gdzie go potrzebujesz. Ponadto wykorzystuje trwa\u0142\u0105 i energooszcz\u0119dn\u0105 technologi\u0119 LED, oferuj\u0105c 12 razy ja\u015bniejsze \u015bwiat\u0142o ni\u017c standardowe diody LED.<\/p>\n","protected":false},"featured_media":0,"template":"","meta":{"_acf_changed":false},"product_brand":[],"product_cat":[43],"product_tag":[],"class_list":{"0":"post-5553","1":"product","2":"type-product","3":"status-publish","5":"product_cat-hands-free","7":"first","8":"instock","9":"shipping-taxable","10":"product-type-simple"},"acf":[],"_links":{"self":[{"href":"https:\/\/energizer.com\/eu\/poland\/wp-json\/wp\/v2\/product\/5553","targetHints":{"allow":["GET"]}}],"collection":[{"href":"https:\/\/energizer.com\/eu\/poland\/wp-json\/wp\/v2\/product"}],"about":[{"href":"https:\/\/energizer.com\/eu\/poland\/wp-json\/wp\/v2\/types\/product"}],"version-history":[{"count":7,"href":"https:\/\/energizer.com\/eu\/poland\/wp-json\/wp\/v2\/product\/5553\/revisions"}],"predecessor-version":[{"id":9870,"href":"https:\/\/energizer.com\/eu\/poland\/wp-json\/wp\/v2\/product\/5553\/revisions\/9870"}],"wp:attachment":[{"href":"https:\/\/energizer.com\/eu\/poland\/wp-json\/wp\/v2\/media?parent=5553"}],"wp:term":[{"taxonomy":"product_brand","embeddable":true,"href":"https:\/\/energizer.com\/eu\/poland\/wp-json\/wp\/v2\/product_brand?post=5553"},{"taxonomy":"product_cat","embeddable":true,"href":"https:\/\/energizer.com\/eu\/poland\/wp-json\/wp\/v2\/product_cat?post=5553"},{"taxonomy":"product_tag","embeddable":true,"href":"https:\/\/energizer.com\/eu\/poland\/wp-json\/wp\/v2\/product_tag?post=5553"}],"curies":[{"name":"wp","href":"https:\/\/api.w.org\/{rel}","templated":true}]}}