{"id":5562,"date":"2024-05-22T14:23:42","date_gmt":"2024-05-22T14:23:42","guid":{"rendered":"https:\/\/23b13e8ab3.nxcli.io\/poland\/?post_type=product&#038;p=5562"},"modified":"2024-08-22T05:16:56","modified_gmt":"2024-08-22T05:16:56","slug":"energizer-vision-led-usb-lantern","status":"publish","type":"product","link":"https:\/\/energizer.com\/eu\/poland\/product\/energizer-vision-led-usb-lantern\/","title":{"rendered":"Energizer Vision LED USB Lantern"},"content":{"rendered":"<ul>\n<li>Wytrzyma\u0142a i wszechstronna latarka LED dzia\u0142a na 4 bateriach Energizer MAX D<\/li>\n<li>Trwa\u0142a konstrukcja jest odporna na uszkodzenia spowodowane upadkami z wysoko\u015bci do 1 metra, dzi\u0119ki czemu zapewnia bezproblemow\u0105 niezawodno\u015b\u0107 jako o\u015bwietlenie awaryjne, latarnia kempingowa i nie tylko<\/li>\n<li>Latarnia zapewnia do 1300 lumen\u00f3w* o\u015bwietlenia 360\u00b0, czyli 10 razy ja\u015bniejsze od standardowej technologii LED<\/li>\n<li>Port USB do \u0142adowania urz\u0105dze\u0144 sprawia, \u017ce \u200b\u200bjest to idealne akcesorium w przypadku przerw w dostawie pr\u0105du<\/li>\n<li>Dostosuj ustawienia \u015bwiat\u0142a tej latarni elektrycznej za pomoc\u0105 funkcji przyciemniania, od trybu wysokiej jasno\u015bci do trybu niskiego, rozproszonego \u015bwiat\u0142a nocnego<\/li>\n<\/ul>\n","protected":false},"excerpt":{"rendered":"<p>Niezale\u017cnie od tego, czy chcesz o\u015bwietli\u0107 swoj\u0105 przygod\u0119 na \u015bwie\u017cym powietrzu, czy zapewni\u0107 \u015bwiat\u0142o w nieoczekiwanych sytuacjach, latarka USB Energizer Vision jest idealnym wyborem dzi\u0119ki jasno\u015bci do 1300 lumen\u00f3w* i 360\u00ba o\u015bwietlenia. Trwa\u0142a, wodoodporna konstrukcja i port USB do \u0142adowania urz\u0105dze\u0144 sprawiaj\u0105, \u017ce jest to \u015bwietna latarka kempingowa. Zapewnia mocne \u015bwiat\u0142o nawet po pe\u0142nym na\u0142adowaniu smartfona z latarki**. A dzi\u0119ki czasowi pracy do 8 godzin*** doskonale sprawdza si\u0119 jako latarka awaryjna podczas d\u0142ugich przerw w dostawie pr\u0105du. Przeno\u015b j\u0105, korzystaj\u0105c z uchwytu antypo\u015blizgowego, lub postaw na podstawie i we\u017a si\u0119 za projekt.<\/p>\n","protected":false},"featured_media":0,"template":"","meta":{"_acf_changed":false},"product_brand":[],"product_cat":[44],"product_tag":[],"class_list":{"0":"post-5562","1":"product","2":"type-product","3":"status-publish","5":"product_cat-area","7":"first","8":"instock","9":"shipping-taxable","10":"product-type-simple"},"acf":[],"_links":{"self":[{"href":"https:\/\/energizer.com\/eu\/poland\/wp-json\/wp\/v2\/product\/5562","targetHints":{"allow":["GET"]}}],"collection":[{"href":"https:\/\/energizer.com\/eu\/poland\/wp-json\/wp\/v2\/product"}],"about":[{"href":"https:\/\/energizer.com\/eu\/poland\/wp-json\/wp\/v2\/types\/product"}],"version-history":[{"count":5,"href":"https:\/\/energizer.com\/eu\/poland\/wp-json\/wp\/v2\/product\/5562\/revisions"}],"predecessor-version":[{"id":9699,"href":"https:\/\/energizer.com\/eu\/poland\/wp-json\/wp\/v2\/product\/5562\/revisions\/9699"}],"wp:attachment":[{"href":"https:\/\/energizer.com\/eu\/poland\/wp-json\/wp\/v2\/media?parent=5562"}],"wp:term":[{"taxonomy":"product_brand","embeddable":true,"href":"https:\/\/energizer.com\/eu\/poland\/wp-json\/wp\/v2\/product_brand?post=5562"},{"taxonomy":"product_cat","embeddable":true,"href":"https:\/\/energizer.com\/eu\/poland\/wp-json\/wp\/v2\/product_cat?post=5562"},{"taxonomy":"product_tag","embeddable":true,"href":"https:\/\/energizer.com\/eu\/poland\/wp-json\/wp\/v2\/product_tag?post=5562"}],"curies":[{"name":"wp","href":"https:\/\/api.w.org\/{rel}","templated":true}]}}