{"id":5564,"date":"2024-05-22T14:27:31","date_gmt":"2024-05-22T14:27:31","guid":{"rendered":"https:\/\/23b13e8ab3.nxcli.io\/poland\/?post_type=product&#038;p=5564"},"modified":"2024-08-22T05:16:51","modified_gmt":"2024-08-22T05:16:51","slug":"energizer-tactical-led-torch","status":"publish","type":"product","link":"https:\/\/energizer.com\/eu\/poland\/product\/energizer-tactical-led-torch\/","title":{"rendered":"Energizer Tactical LED Torch"},"content":{"rendered":"<ul>\n<li>Taktyczna latarka LED Energizer z 6 bateriami AA w zestawie<\/li>\n<li>Super jasna latarka: Ta latarka LED o mocy 1000 lumen\u00f3w zapewnia wyj\u0105tkow\u0105 jasno\u015b\u0107 i wysok\u0105 wydajno\u015b\u0107, umo\u017cliwiaj\u0105c widoczno\u015b\u0107 do 200 metr\u00f3w<\/li>\n<li>3 tryby \u015bwiat\u0142a: Tryb wysokiej jasno\u015bci dla maksymalnej jasno\u015bci, Tryb oszcz\u0119dzania energii optymalizuj\u0105cy czas pracy i tryb stroboskopowy do u\u017cytku awaryjnego<\/li>\n<li>Trwa\u0142a konstrukcja: Ta solidna, trwa\u0142a wodoodporna latarka jest wyposa\u017cona w technologi\u0119 IPX7, kt\u00f3ra umo\u017cliwia zanurzenie pod wod\u0105 na g\u0142\u0119boko\u015b\u0107 1 metra na maksymalnie 30 minut<\/li>\n<li>Godziny pracy:\u202fLatarka Energizer LED mo\u017ce \u015bwieci\u0107 do 15 godzin w trybie niskim<\/li>\n<li>Lekki: Trzymaj t\u0119 wszechstronn\u0105, wydajn\u0105 latark\u0119 w szufladzie, samochodzie, domowym zestawie awaryjnym lub no\u015b j\u0105 w torbie<\/li>\n<li>Du\u017ca wszechstronno\u015b\u0107: Ta \u0142atwa w u\u017cyciu, kompaktowa latarka sprawdzi si\u0119 zar\u00f3wno w sytuacjach awaryjnych, jak i w codziennym u\u017cytku<\/li>\n<\/ul>\n","protected":false},"excerpt":{"rendered":"<p>O\u015bwietl swoje otoczenie bez wysi\u0142ku dzi\u0119ki wydajnej, super jasnej latarce r\u0119cznej. Latarka Energizer Tactical LED zapewnia wyj\u0105tkow\u0105 jasno\u015b\u0107 przez 15 godzin &#8211; niezale\u017cnie od tego, czy wyruszasz na przygod\u0119, czy przygotowujesz si\u0119 na wypadek sytuacji awaryjnych w domu. Idealna na kempingu, podczas majsterkowania lub w przypadku przerw w dostawie pr\u0105du w domu, latarka akumulatorowa Energizer pomo\u017ce ci odnale\u017a\u0107 drog\u0119 w ciemno\u015bci. Latarka LED o jasno\u015bci 1000 lumen\u00f3w mo\u017ce rozja\u015bni\u0107 najciemniejsze miejsca, o\u015bwietlaj\u0105c do 200 metr\u00f3w w trybie wysokim. Wybierz idealny tryb o\u015bwietlenia dla swojej aktywno\u015bci za pomoc\u0105 cyfrowego prze\u0142\u0105cznika: wysoki dla maksymalnej jasno\u015bci, niski dla optymalizacji czasu pracy oraz tryb stroboskopowy do u\u017cytku w nag\u0142ych wypadkach.<\/p>\n","protected":false},"featured_media":0,"template":"","meta":{"_acf_changed":false},"product_brand":[],"product_cat":[97],"product_tag":[],"class_list":{"0":"post-5564","1":"product","2":"type-product","3":"status-publish","5":"product_cat-handheld","7":"first","8":"instock","9":"shipping-taxable","10":"product-type-simple"},"acf":[],"_links":{"self":[{"href":"https:\/\/energizer.com\/eu\/poland\/wp-json\/wp\/v2\/product\/5564","targetHints":{"allow":["GET"]}}],"collection":[{"href":"https:\/\/energizer.com\/eu\/poland\/wp-json\/wp\/v2\/product"}],"about":[{"href":"https:\/\/energizer.com\/eu\/poland\/wp-json\/wp\/v2\/types\/product"}],"version-history":[{"count":6,"href":"https:\/\/energizer.com\/eu\/poland\/wp-json\/wp\/v2\/product\/5564\/revisions"}],"predecessor-version":[{"id":9873,"href":"https:\/\/energizer.com\/eu\/poland\/wp-json\/wp\/v2\/product\/5564\/revisions\/9873"}],"wp:attachment":[{"href":"https:\/\/energizer.com\/eu\/poland\/wp-json\/wp\/v2\/media?parent=5564"}],"wp:term":[{"taxonomy":"product_brand","embeddable":true,"href":"https:\/\/energizer.com\/eu\/poland\/wp-json\/wp\/v2\/product_brand?post=5564"},{"taxonomy":"product_cat","embeddable":true,"href":"https:\/\/energizer.com\/eu\/poland\/wp-json\/wp\/v2\/product_cat?post=5564"},{"taxonomy":"product_tag","embeddable":true,"href":"https:\/\/energizer.com\/eu\/poland\/wp-json\/wp\/v2\/product_tag?post=5564"}],"curies":[{"name":"wp","href":"https:\/\/api.w.org\/{rel}","templated":true}]}}