{"id":5566,"date":"2024-05-22T14:30:00","date_gmt":"2024-05-22T14:30:00","guid":{"rendered":"https:\/\/23b13e8ab3.nxcli.io\/poland\/?post_type=product&#038;p=5566"},"modified":"2024-08-22T05:16:46","modified_gmt":"2024-08-22T05:16:46","slug":"energizer-led-work-light","status":"publish","type":"product","link":"https:\/\/energizer.com\/eu\/poland\/product\/energizer-led-work-light\/","title":{"rendered":"Energizer LED Work Light"},"content":{"rendered":"<ul>\n<li>Lampa robocza LED Energizer z regulowanym uchwytem i 4 bateriami alkalicznymi AA w zestawie<\/li>\n<li>Pot\u0119\u017cne \u015bwiat\u0142o: Mocne \u015bwiat\u0142o LED o mocy 250 lumen\u00f3w zapewnia wyj\u0105tkow\u0105 jasno\u015b\u0107 i wysok\u0105 wydajno\u015b\u0107<\/li>\n<li>2 tryby \u015bwiat\u0142a: Wybierz tryb wysoki, aby uzyska\u0107 maksymaln\u0105 jasno\u015b\u0107 lub tryb oszcz\u0119dzania energii, aby zoptymalizowa\u0107 czas pracy<\/li>\n<li>Trwa\u0142a konstrukcja: Ta niezawodna lampa do o\u015bwietlania przestrzeni Energizer, idealna do d\u0142ugotrwa\u0142ego u\u017cytkowania, jest wodoodporna IPX4 i odporna na uderzenia z wysoko\u015bci do 1 metra<\/li>\n<li>Godziny pracy: Ta wisz\u0105ca lampa robocza charakteryzuje si\u0119 d\u0142ugotrwa\u0142ym czasem pracy do 8 godzin<\/li>\n<li>Wszechstronne zastosowanie: Skieruj \u015bwiat\u0142o tam, gdzie je potrzebujesz, korzystaj\u0105c z regulowanego i ruchomego uchwytu, aby z \u0142atwo\u015bci\u0105 wykona\u0107 jakikolwiek projekt DIY lub profesjonalny<\/li>\n<li>Niezawodne zasilanie: Zaufaj firmie Energizer, kt\u00f3ra dostarczy Ci obiecan\u0105 przez nas pot\u0119\u017cn\u0105 wydajno\u015b\u0107<\/li>\n<\/ul>\n","protected":false},"excerpt":{"rendered":"<p>Wysokowydajna lampa robocza pozwoli ci bez wysi\u0142ku o\u015bwietli\u0107 otoczenie. Lampa robocza LED Energizer zapewnia wyj\u0105tkow\u0105 jasno\u015b\u0107 nawet przez 8 godzin \u2014 idealne rozwi\u0105zanie, gdy wykonujesz d\u0142ugie prace w piwnicach, podziemiach lub innych ciemnych miejscach. Niezale\u017cnie od tego, czy jeste\u015b na kempingu, przygotowujesz si\u0119 na sytuacje awaryjne w domu, czy te\u017c jest awaria pr\u0105du, trzymaj swoj\u0105 latarni\u0119 Energizer pod r\u0119k\u0105, aby odnale\u017a\u0107 drog\u0119 w ciemno\u015bci. Lampa panelowa LED o jasno\u015bci 250 lumen\u00f3w rozja\u015bni nawet najciemniejsze pomieszczenia. Jest idealna do majsterkowania lub projekt\u00f3w roboczych, dzi\u0119ki du\u017cemu prze\u0142\u0105cznikowi przyciskowemu, dzi\u0119ki czemu jest \u0142atwa w u\u017cyciu, nawet w r\u0119kawiczkach.<\/p>\n","protected":false},"featured_media":0,"template":"","meta":{"_acf_changed":false},"product_brand":[],"product_cat":[44],"product_tag":[],"class_list":{"0":"post-5566","1":"product","2":"type-product","3":"status-publish","5":"product_cat-area","7":"first","8":"instock","9":"shipping-taxable","10":"product-type-simple"},"acf":[],"_links":{"self":[{"href":"https:\/\/energizer.com\/eu\/poland\/wp-json\/wp\/v2\/product\/5566","targetHints":{"allow":["GET"]}}],"collection":[{"href":"https:\/\/energizer.com\/eu\/poland\/wp-json\/wp\/v2\/product"}],"about":[{"href":"https:\/\/energizer.com\/eu\/poland\/wp-json\/wp\/v2\/types\/product"}],"version-history":[{"count":5,"href":"https:\/\/energizer.com\/eu\/poland\/wp-json\/wp\/v2\/product\/5566\/revisions"}],"predecessor-version":[{"id":9874,"href":"https:\/\/energizer.com\/eu\/poland\/wp-json\/wp\/v2\/product\/5566\/revisions\/9874"}],"wp:attachment":[{"href":"https:\/\/energizer.com\/eu\/poland\/wp-json\/wp\/v2\/media?parent=5566"}],"wp:term":[{"taxonomy":"product_brand","embeddable":true,"href":"https:\/\/energizer.com\/eu\/poland\/wp-json\/wp\/v2\/product_brand?post=5566"},{"taxonomy":"product_cat","embeddable":true,"href":"https:\/\/energizer.com\/eu\/poland\/wp-json\/wp\/v2\/product_cat?post=5566"},{"taxonomy":"product_tag","embeddable":true,"href":"https:\/\/energizer.com\/eu\/poland\/wp-json\/wp\/v2\/product_tag?post=5566"}],"curies":[{"name":"wp","href":"https:\/\/api.w.org\/{rel}","templated":true}]}}