{"id":5568,"date":"2024-05-22T14:32:26","date_gmt":"2024-05-22T14:32:26","guid":{"rendered":"https:\/\/23b13e8ab3.nxcli.io\/poland\/?post_type=product&#038;p=5568"},"modified":"2024-08-22T05:16:39","modified_gmt":"2024-08-22T05:16:39","slug":"energizer-rechargeable-spotlight","status":"publish","type":"product","link":"https:\/\/energizer.com\/eu\/poland\/product\/energizer-rechargeable-spotlight\/","title":{"rendered":"Energizer Rechargeable Spotlight"},"content":{"rendered":"<ul>\n<li>Akumulator litowo-jonowy, kabel do \u0142adowania USB w komorze z ty\u0142u latarki, zawsze pod r\u0119k\u0105<\/li>\n<li>Kompaktowy i lekki &#8211; maksymalny komfort, \u0142atwe przechowywanie i przenoszenie<\/li>\n<li>Du\u017cy przycisk &#8211; umo\u017cliwia obs\u0142ug\u0119 w r\u0119kawicach<\/li>\n<li>Podstawka do u\u017cytku bez u\u017cycia r\u0105k<\/li>\n<\/ul>\n","protected":false},"excerpt":{"rendered":"<p>Przebij si\u0119 przez ciemno\u015b\u0107 dzi\u0119ki nowemu, \u0142adowanemu reflektorowi Energizer, charakteryzuj\u0105cemu si\u0119 najwy\u017csz\u0105 jasno\u015bci\u0105 i wyj\u0105tkow\u0105 trwa\u0142o\u015bci\u0105, dzi\u0119ki czemu b\u0119dzie Twoim najlepszym towarzyszem w ka\u017cdej sytuacji. W jego kompaktowej i lekkiej obudowie znajduj\u0105 si\u0119 najlepsze w swojej klasie diody LED, wysokowydajny akumulator litowo-jonowy i por\u0119czna komora na kabel USB do \u0142adowania. Sk\u0142adany stojak umo\u017cliwia korzystanie bez u\u017cycia r\u0105k \u2013 po prostu postaw lamp\u0119 i skieruj j\u0105 tam, gdzie jej potrzebujesz.<\/p>\n","protected":false},"featured_media":0,"template":"","meta":{"_acf_changed":false},"product_brand":[],"product_cat":[97],"product_tag":[],"class_list":{"0":"post-5568","1":"product","2":"type-product","3":"status-publish","5":"product_cat-handheld","7":"first","8":"instock","9":"shipping-taxable","10":"product-type-simple"},"acf":[],"_links":{"self":[{"href":"https:\/\/energizer.com\/eu\/poland\/wp-json\/wp\/v2\/product\/5568","targetHints":{"allow":["GET"]}}],"collection":[{"href":"https:\/\/energizer.com\/eu\/poland\/wp-json\/wp\/v2\/product"}],"about":[{"href":"https:\/\/energizer.com\/eu\/poland\/wp-json\/wp\/v2\/types\/product"}],"version-history":[{"count":6,"href":"https:\/\/energizer.com\/eu\/poland\/wp-json\/wp\/v2\/product\/5568\/revisions"}],"predecessor-version":[{"id":9875,"href":"https:\/\/energizer.com\/eu\/poland\/wp-json\/wp\/v2\/product\/5568\/revisions\/9875"}],"wp:attachment":[{"href":"https:\/\/energizer.com\/eu\/poland\/wp-json\/wp\/v2\/media?parent=5568"}],"wp:term":[{"taxonomy":"product_brand","embeddable":true,"href":"https:\/\/energizer.com\/eu\/poland\/wp-json\/wp\/v2\/product_brand?post=5568"},{"taxonomy":"product_cat","embeddable":true,"href":"https:\/\/energizer.com\/eu\/poland\/wp-json\/wp\/v2\/product_cat?post=5568"},{"taxonomy":"product_tag","embeddable":true,"href":"https:\/\/energizer.com\/eu\/poland\/wp-json\/wp\/v2\/product_tag?post=5568"}],"curies":[{"name":"wp","href":"https:\/\/api.w.org\/{rel}","templated":true}]}}