{"id":5570,"date":"2024-05-22T14:33:56","date_gmt":"2024-05-22T14:33:56","guid":{"rendered":"https:\/\/23b13e8ab3.nxcli.io\/poland\/?post_type=product&#038;p=5570"},"modified":"2024-08-22T05:16:35","modified_gmt":"2024-08-22T05:16:35","slug":"enr-eu-enr-rechmetal-2000-hh-tr-pmhrl9","status":"publish","type":"product","link":"https:\/\/energizer.com\/eu\/poland\/product\/enr-eu-enr-rechmetal-2000-hh-tr-pmhrl9\/","title":{"rendered":"Energizer Rechargeable 2000"},"content":{"rendered":"<ul>\n<li>Energizer Metalowa \u0141adowalna latarka LED z portem \u0142adowania USB<\/li>\n<li>Wyj\u0105tkowa wydajno\u015b\u0107 \u015bwietlna do ka\u017cdego zadania<\/li>\n<li>Do 15 razy ja\u015bniejszy ni\u017c tradycyjna technologia LED<\/li>\n<li>Zapewnia szerok\u0105, mocn\u0105 wi\u0105zk\u0119 i obraz w wysokiej rozdzielczo\u015bci<\/li>\n<li>Port USB s\u0142u\u017cy do \u0142adowania urz\u0105dze\u0144<\/li>\n<li>Mocne \u015bwiat\u0142o nawet po pe\u0142nym na\u0142adowaniu smartfona**<\/li>\n<li>Akumulator \u2014 pe\u0142ne na\u0142adowanie w ci\u0105gu 8 godzin*<\/li>\n<li>W zestawie przew\u00f3d \u0142aduj\u0105cy USB<\/li>\n<li>Trwa\u0142e aluminium klasy lotniczej<\/li>\n<\/ul>\n","protected":false},"excerpt":{"rendered":"<p>Metalowa latarka akumulatorowa Energizer o mocy 2000 lumen\u00f3w zapewnia innowacyjne rozwi\u0105zania o wysokiej wydajno\u015bci i wyj\u0105tkow\u0105 moc \u015bwietln\u0105. Jest \u0142atwy w u\u017cyciu i wyposa\u017cony w porty wej\u015bcia i wyj\u015bcia USB &#8211; mo\u017cna go \u0142adowa\u0107, a tak\u017ce \u0142adowa\u0107 urz\u0105dzenia, co czyni go \u015bwietn\u0105 opcj\u0105 w sytuacjach, gdy musisz na\u0142adowa\u0107 swoje urz\u0105dzenie. Zbudowany z wytrzyma\u0142ego aluminium lotniczego, czyni go doskona\u0142ym narz\u0119dziem do projekt\u00f3w typu \u201ezr\u00f3b to sam\u201d i zada\u0144 roboczych. Opatentowana technologia Digital Focus pozwala konsumentom samodzielnie wybra\u0107 optymalne spektrum \u015bwiat\u0142a pomi\u0119dzy \u015bwiat\u0142em skupionym a obszarowym, po prostu naciskaj\u0105c w\u0142\u0105cznik \u015bwiat\u0142a. Technologia MAXVIZ umo\u017cliwia u\u017cytkownikom uzyskanie ostrego obrazu w wysokiej rozdzielczo\u015bci z kolorami \u015bwiat\u0142a dziennego i szerokim, jednolitym strumieniem \u015bwietlnym. Jego jasno\u015b\u0107, trwa\u0142o\u015b\u0107 i funkcje sprawiaj\u0105, \u017ce jest to niezawodne \u015bwiat\u0142o do r\u00f3\u017cnych zada\u0144. Zawiera kabel do \u0142adowania USB.<\/p>\n","protected":false},"featured_media":0,"template":"","meta":{"_acf_changed":false},"product_brand":[],"product_cat":[97],"product_tag":[],"class_list":{"0":"post-5570","1":"product","2":"type-product","3":"status-publish","5":"product_cat-handheld","7":"first","8":"instock","9":"shipping-taxable","10":"product-type-simple"},"acf":[],"_links":{"self":[{"href":"https:\/\/energizer.com\/eu\/poland\/wp-json\/wp\/v2\/product\/5570","targetHints":{"allow":["GET"]}}],"collection":[{"href":"https:\/\/energizer.com\/eu\/poland\/wp-json\/wp\/v2\/product"}],"about":[{"href":"https:\/\/energizer.com\/eu\/poland\/wp-json\/wp\/v2\/types\/product"}],"version-history":[{"count":7,"href":"https:\/\/energizer.com\/eu\/poland\/wp-json\/wp\/v2\/product\/5570\/revisions"}],"predecessor-version":[{"id":9876,"href":"https:\/\/energizer.com\/eu\/poland\/wp-json\/wp\/v2\/product\/5570\/revisions\/9876"}],"wp:attachment":[{"href":"https:\/\/energizer.com\/eu\/poland\/wp-json\/wp\/v2\/media?parent=5570"}],"wp:term":[{"taxonomy":"product_brand","embeddable":true,"href":"https:\/\/energizer.com\/eu\/poland\/wp-json\/wp\/v2\/product_brand?post=5570"},{"taxonomy":"product_cat","embeddable":true,"href":"https:\/\/energizer.com\/eu\/poland\/wp-json\/wp\/v2\/product_cat?post=5570"},{"taxonomy":"product_tag","embeddable":true,"href":"https:\/\/energizer.com\/eu\/poland\/wp-json\/wp\/v2\/product_tag?post=5570"}],"curies":[{"name":"wp","href":"https:\/\/api.w.org\/{rel}","templated":true}]}}