{"id":5574,"date":"2024-05-22T14:39:20","date_gmt":"2024-05-22T14:39:20","guid":{"rendered":"https:\/\/23b13e8ab3.nxcli.io\/poland\/?post_type=product&#038;p=5574"},"modified":"2024-08-22T05:16:23","modified_gmt":"2024-08-22T05:16:23","slug":"energizer-pro-series-hybrid-work-light","status":"publish","type":"product","link":"https:\/\/energizer.com\/eu\/poland\/product\/energizer-pro-series-hybrid-work-light\/","title":{"rendered":"Energizer Pro Series Hybrid Work Light"},"content":{"rendered":"<ul>\n<li>Energizer Pro Lampa robocza o wysokim wsp\u00f3\u0142czynniku CRI<\/li>\n<li>Technologia LED: Ta wydajna lampa LED o mocy 1000 lumen\u00f3w charakteryzuje si\u0119 wysokim wsp\u00f3\u0142czynnikiem CRI zapewniaj\u0105cym wyrazisto\u015b\u0107 kolor\u00f3w w wysokiej rozdzielczo\u015bci, idealn\u0105 do ka\u017cdego projektu<\/li>\n<li>Moc hybrydowa: Lekka i \u0142atwa w obs\u0142udze latarka dzia\u0142a zar\u00f3wno na akumulatorach, jak i na bateriach 3xAA, dzi\u0119ki czemu mo\u017cesz zabezpieczy\u0107 si\u0119 przed przerwami w dostawie pr\u0105du, do prac domowych i nie tylko<\/li>\n<li>4 tryby \u015bwiat\u0142a: Wybierz tryb, kt\u00f3ry odpowiada Twoim r\u00f3\u017cnym potrzebom o\u015bwietleniowym, wybieraj\u0105c spo\u015br\u00f3d o\u015bwietlenia wysokiego, \u015bredniego, s\u0142abego &amp; punktowego<\/li>\n<li>Godziny pracy: \u202fTa trwa\u0142a i niezawodna latarnia Energizer mo\u017ce \u015bwieci\u0107 do 60 godzin w trybie niskim. *Z bateri\u0105 litowo-jonow\u0105<\/li>\n<li>Inteligentny projekt: Ta lekka latarnia ma hak do zawieszania, podstaw\u0119 magnetyczn\u0105 i jest przystosowana do statywu, aby mo\u017cna by\u0142o u\u017cywa\u0107 jej bez u\u017cycia r\u0105k<\/li>\n<li>Zasilanie akumulatorowe: U\u017cyj wyj\u015bciowego portu USB tej lampy roboczej, aby na\u0142adowa\u0107 telefon lub inne urz\u0105dzenie inteligentne<\/li>\n<\/ul>\n","protected":false},"excerpt":{"rendered":"<p>Wysokowydajna lampa robocza pozwoli ci bez wysi\u0142ku o\u015bwietli\u0107 otoczenie. Hybrydowa lampa robocza Energizer Pro Series zapewnia \u015bwiat\u0142o do 60 godzin* w trybie niskim \u2013 idealnie nadaje si\u0119 do majsterkowania lub wymagaj\u0105cych projekt\u00f3w roboczych. Ta lampa panelowa LED o mocy 1000 lumen\u00f3w i wysokim wsp\u00f3\u0142czynniku CRI zapewnia wyrazisto\u015b\u0107 kolor\u00f3w w wysokiej rozdzielczo\u015bci, rozja\u015bniaj\u0105c nawet najciemniejsze przestrzenie. Wybierz idealny tryb o\u015bwietlenia dla swojej aktywno\u015bci \u2014 wybieraj\u0105c wysokie, \u015brednie i niskie o\u015bwietlenie obszarowe lub \u015bwiat\u0142o bezpo\u015brednie o zasi\u0119gu wi\u0105zki 150 m*. Lekka i \u0142atwa w u\u017cyciu latarka zasilana jest zar\u00f3wno z akumulator\u00f3w, jak i baterii 3xAA, zapewniaj\u0105c ci o\u015bwietlenie podczas przerw w dostawie pr\u0105du, majsterkowania i nie tylko.<\/p>\n","protected":false},"featured_media":0,"template":"","meta":{"_acf_changed":false},"product_brand":[],"product_cat":[43],"product_tag":[],"class_list":{"0":"post-5574","1":"product","2":"type-product","3":"status-publish","5":"product_cat-hands-free","7":"first","8":"instock","9":"shipping-taxable","10":"product-type-simple"},"acf":[],"_links":{"self":[{"href":"https:\/\/energizer.com\/eu\/poland\/wp-json\/wp\/v2\/product\/5574","targetHints":{"allow":["GET"]}}],"collection":[{"href":"https:\/\/energizer.com\/eu\/poland\/wp-json\/wp\/v2\/product"}],"about":[{"href":"https:\/\/energizer.com\/eu\/poland\/wp-json\/wp\/v2\/types\/product"}],"version-history":[{"count":7,"href":"https:\/\/energizer.com\/eu\/poland\/wp-json\/wp\/v2\/product\/5574\/revisions"}],"predecessor-version":[{"id":10541,"href":"https:\/\/energizer.com\/eu\/poland\/wp-json\/wp\/v2\/product\/5574\/revisions\/10541"}],"wp:attachment":[{"href":"https:\/\/energizer.com\/eu\/poland\/wp-json\/wp\/v2\/media?parent=5574"}],"wp:term":[{"taxonomy":"product_brand","embeddable":true,"href":"https:\/\/energizer.com\/eu\/poland\/wp-json\/wp\/v2\/product_brand?post=5574"},{"taxonomy":"product_cat","embeddable":true,"href":"https:\/\/energizer.com\/eu\/poland\/wp-json\/wp\/v2\/product_cat?post=5574"},{"taxonomy":"product_tag","embeddable":true,"href":"https:\/\/energizer.com\/eu\/poland\/wp-json\/wp\/v2\/product_tag?post=5574"}],"curies":[{"name":"wp","href":"https:\/\/api.w.org\/{rel}","templated":true}]}}