{"id":5576,"date":"2024-05-22T14:41:12","date_gmt":"2024-05-22T14:41:12","guid":{"rendered":"https:\/\/23b13e8ab3.nxcli.io\/poland\/?post_type=product&#038;p=5576"},"modified":"2024-08-22T05:16:10","modified_gmt":"2024-08-22T05:16:10","slug":"energizer-vision-hybrid-lantern","status":"publish","type":"product","link":"https:\/\/energizer.com\/eu\/poland\/product\/energizer-vision-hybrid-lantern\/","title":{"rendered":"Energizer Vision Hybrid Lantern"},"content":{"rendered":"<ul>\n<li>Jedna latarnia hybrydowa Energizer Vision<\/li>\n<li>Latarnia Energizer zapewnia d\u0142ugotrwa\u0142e \u015bwiat\u0142o 360 stopni \u2014 idealne do aktywno\u015bci na \u015bwie\u017cym powietrzu i sytuacji awaryjnych<\/li>\n<li>Wyr\u00f3\u017cniona hybrydowa technologia zasilania umo\u017cliwia u\u017cycie jako latarki zasilanej akumulatorem lub bateri\u0105<\/li>\n<li>Latarnia LED z wyj\u015bciem USB, dzi\u0119ki kt\u00f3remu mo\u017cesz \u0142adowa\u0107 swoje urz\u0105dzenia<\/li>\n<li>Wodoodporno\u015b\u0107 IPX4 i odporno\u015b\u0107 na uderzenia do 1 metra zapewniaj\u0105 trwa\u0142o\u015b\u0107<\/li>\n<li>Zapewnia \u015bwiat\u0142o do 70 godzin w niskim trybie przy u\u017cyciu akumulator\u00f3w lub 30 godzin w niskim trybie w przypadku baterii AA<\/li>\n<\/ul>\n","protected":false},"excerpt":{"rendered":"<p>Aby uzyska\u0107 mocne, jasne \u015bwiat\u0142o, idealne do ka\u017cdego zadania, wybierz latarni\u0119 hybrydow\u0105 Energizer Vision. Ta lampa LED do o\u015bwietlenia obszaru jest nawet 10 razy ja\u015bniejsza ni\u017c standardowa technologia LED i zapewnia \u015bwiat\u0142o 360 stopni, idealne do przyg\u00f3d na \u015bwie\u017cym powietrzu. Ta \u015bwiat\u0142o LED jest wyposa\u017cone w wyj\u015bcie USB, dzi\u0119ki czemu mo\u017cesz \u0142adowa\u0107 swoje urz\u0105dzenia nawet w sytuacjach awaryjnych. Ta latarka Energizer jest r\u00f3wnie\u017c wyposa\u017cona w technologi\u0119 elastycznego zasilania hybrydowego \u2014 wystarczy j\u0105 na\u0142adowa\u0107, aby u\u017cywa\u0107 jej jako latarni z mo\u017cliwo\u015bci\u0105 ponownego \u0142adowania, lub w\u0142o\u017cy\u0107 4 akumulatorki AA, aby u\u017cywa\u0107 jej jako latarki zasilanej na baterie. Dostosuj moc \u015bwiat\u0142a za pomoc\u0105 funkcji przyciemniania lub u\u017cyj trybu o\u015bwietlenia nocnego, aby uzyska\u0107 s\u0142abo rozproszone, d\u0142ugotrwa\u0142e \u015bwiat\u0142o.<\/p>\n","protected":false},"featured_media":0,"template":"","meta":{"_acf_changed":false},"product_brand":[],"product_cat":[44],"product_tag":[],"class_list":{"0":"post-5576","1":"product","2":"type-product","3":"status-publish","5":"product_cat-area","7":"first","8":"instock","9":"shipping-taxable","10":"product-type-simple"},"acf":[],"_links":{"self":[{"href":"https:\/\/energizer.com\/eu\/poland\/wp-json\/wp\/v2\/product\/5576","targetHints":{"allow":["GET"]}}],"collection":[{"href":"https:\/\/energizer.com\/eu\/poland\/wp-json\/wp\/v2\/product"}],"about":[{"href":"https:\/\/energizer.com\/eu\/poland\/wp-json\/wp\/v2\/types\/product"}],"version-history":[{"count":7,"href":"https:\/\/energizer.com\/eu\/poland\/wp-json\/wp\/v2\/product\/5576\/revisions"}],"predecessor-version":[{"id":9879,"href":"https:\/\/energizer.com\/eu\/poland\/wp-json\/wp\/v2\/product\/5576\/revisions\/9879"}],"wp:attachment":[{"href":"https:\/\/energizer.com\/eu\/poland\/wp-json\/wp\/v2\/media?parent=5576"}],"wp:term":[{"taxonomy":"product_brand","embeddable":true,"href":"https:\/\/energizer.com\/eu\/poland\/wp-json\/wp\/v2\/product_brand?post=5576"},{"taxonomy":"product_cat","embeddable":true,"href":"https:\/\/energizer.com\/eu\/poland\/wp-json\/wp\/v2\/product_cat?post=5576"},{"taxonomy":"product_tag","embeddable":true,"href":"https:\/\/energizer.com\/eu\/poland\/wp-json\/wp\/v2\/product_tag?post=5576"}],"curies":[{"name":"wp","href":"https:\/\/api.w.org\/{rel}","templated":true}]}}