{"id":6707,"date":"2024-05-29T10:49:59","date_gmt":"2024-05-29T10:49:59","guid":{"rendered":"https:\/\/23b13e8ab3.nxcli.io\/poland\/?post_type=product&#038;p=6707"},"modified":"2024-12-26T10:20:54","modified_gmt":"2024-12-26T10:20:54","slug":"energizer-ultimate-lithium-coin-cr2032","status":"publish","type":"product","link":"https:\/\/energizer.com\/eu\/poland\/product\/energizer-ultimate-lithium-coin-cr2032\/","title":{"rendered":"ENERGIZER\u00ae ULTIMATE LITHIUM COIN \u2013 CR2032"},"content":{"rendered":"<ul>\n<li>Pastylkowe baterie litowe Energizer CR2032<\/li>\n<li>Nasze najd\u0142u\u017cej dzia\u0142aj\u0105ce baterie pastylkowe 2032 wytrzymuj\u0105 do 12 lat przechowywania, zapewniaj\u0105c niezawodne zasilanie, gdy jest ono najbardziej potrzebne<\/li>\n<li>Wyposa\u017cone w pierwsz\u0105 na \u015bwiecie ochron\u0119 3w1 Child Shield z trzema poziomami zabezpiecze\u0144: ostrzeganiem kolorem, gorzk\u0105 pow\u0142ok\u0105 i opakowaniem zabezpieczonym przed dzie\u0107mi.<\/li>\n<li>Technologia ostrzegania kolorem barwi usta na niebiesko w kilka sekund po kontakcie baterii ze \u015blin\u0105, aby wskaza\u0107 na mo\u017cliwe po\u0142kni\u0119cie.<\/li>\n<li>Nietoksyczna gorzka pow\u0142oka zniech\u0119ca do po\u0142kni\u0119cia<\/li>\n<li>Opakowanie zabezpieczone przed dzie\u0107mi jest naprawd\u0119 trudne do otwarcia<\/li>\n<li>Dzia\u0142a w ekstremalnych temperaturach od -30 do +60 stopni Cejsiusza, zapewniaj\u0105c niezawodn\u0105 moc nawet w najtrudniejszych warunkach.<\/li>\n<li>Idealne do u\u017cytku jako baterie do pilot\u00f3w i urz\u0105dze\u0144 medycznych; r\u00f3wnie\u017c idealne \u017ar\u00f3d\u0142o zasilania dla systemu bezkluczykowego, zabawek i gier.<\/li>\n<\/ul>\n","protected":false},"excerpt":{"rendered":"<p>Wykorzystaj w pe\u0142ni swoje najpotrzebniejsze urz\u0105dzenia dzi\u0119ki niezawodnej, d\u0142u\u017cszej \u017cywotno\u015bci, jakiej mo\u017cesz oczekiwa\u0107 od Energizer. Zaopatrz si\u0119 w baterie Energizer CR2032 do zegark\u00f3w i urz\u0105dze\u0144 elektronicznych do noszenia, a tak\u017ce do pilot\u00f3w, czujnik\u00f3w alarmowych i wag. Te baterie s\u0105 r\u00f3wnie\u017c doskona\u0142ym wyborem, je\u015bli potrzebujesz nowej baterii do kluczyka samochodowego. Ka\u017cda bateria litowa Energizer CR2032 zachowuje moc do 10 lat podczas przechowywania i mo\u017ce wytrzyma\u0107 temperatury od -30\u00ba do 60\u00baC. Opr\u00f3cz rozmiaru 2032 (lub KECR2032), gama baterii Energizer obejmuje r\u00f3wnie\u017c baterie 2025, 2016 czy LR44\/A76, dzi\u0119ki czemu \u0142atwo jest znale\u017a\u0107 niezawodne zasilanie w potrzebnym rozmiarze.<\/p>\n","protected":false},"featured_media":0,"template":"","meta":{"_acf_changed":false},"product_brand":[],"product_cat":[58],"product_tag":[],"class_list":{"0":"post-6707","1":"product","2":"type-product","3":"status-publish","5":"product_cat-specialty","7":"first","8":"instock","9":"shipping-taxable","10":"product-type-simple"},"acf":[],"_links":{"self":[{"href":"https:\/\/energizer.com\/eu\/poland\/wp-json\/wp\/v2\/product\/6707","targetHints":{"allow":["GET"]}}],"collection":[{"href":"https:\/\/energizer.com\/eu\/poland\/wp-json\/wp\/v2\/product"}],"about":[{"href":"https:\/\/energizer.com\/eu\/poland\/wp-json\/wp\/v2\/types\/product"}],"version-history":[{"count":22,"href":"https:\/\/energizer.com\/eu\/poland\/wp-json\/wp\/v2\/product\/6707\/revisions"}],"predecessor-version":[{"id":11312,"href":"https:\/\/energizer.com\/eu\/poland\/wp-json\/wp\/v2\/product\/6707\/revisions\/11312"}],"wp:attachment":[{"href":"https:\/\/energizer.com\/eu\/poland\/wp-json\/wp\/v2\/media?parent=6707"}],"wp:term":[{"taxonomy":"product_brand","embeddable":true,"href":"https:\/\/energizer.com\/eu\/poland\/wp-json\/wp\/v2\/product_brand?post=6707"},{"taxonomy":"product_cat","embeddable":true,"href":"https:\/\/energizer.com\/eu\/poland\/wp-json\/wp\/v2\/product_cat?post=6707"},{"taxonomy":"product_tag","embeddable":true,"href":"https:\/\/energizer.com\/eu\/poland\/wp-json\/wp\/v2\/product_tag?post=6707"}],"curies":[{"name":"wp","href":"https:\/\/api.w.org\/{rel}","templated":true}]}}