{"id":7792,"date":"2024-05-31T04:52:54","date_gmt":"2024-05-31T04:52:54","guid":{"rendered":"https:\/\/23b13e8ab3.nxcli.io\/poland\/?post_type=product&#038;p=7792"},"modified":"2024-11-22T05:48:44","modified_gmt":"2024-11-22T05:48:44","slug":"energizer-electronics-batteries-cr2032","status":"publish","type":"product","link":"https:\/\/energizer.com\/eu\/poland\/product\/energizer-electronics-batteries-cr2032\/","title":{"rendered":"BATERIE ENERGIZER\u00ae DO URZ\u0104DZE\u0143 ELEKTRONICZNYCH \u2013 CR2032"},"content":{"rendered":"<p> \tLitowe baterie pastylkowe Energizer CR2032 <\/p>\n<p> \tWystarczaj\u0105 na d\u0142ugo: Baterie litowe utrzymuj\u0105 energi\u0119 nawet przez 10 lat przechowywania, dzi\u0119ki czemu s\u0105 zawsze gotowe, gdy ich potrzebujesz<\/p>\n<p> \tMoc, kt\u00f3rej mo\u017cesz zaufa\u0107: Zapewniaj\u0105 d\u0142ugotrwa\u0142e i niezawodne dzia\u0142anie w urz\u0105dzeniach specjalistycznych, takich jak czujniki t\u0119tna, piloty i piloty do samochod\u00f3w, systemy dost\u0119pu bezkluczykowego, monitory poziomu glukozy i wagi<\/p>\n<p> \tBezpieczne\u0144stwo: Baterie pastylkowe Energizer maj\u0105 opakowanie zabezpieczone przed dot\u0119pem dzieci<\/p>\n<p> \tNiezawodno\u015b\u0107: Te baterie litowe Energizer CR2032 dzia\u0142aj\u0105 w ekstremalnych temperaturach, wytrzymuj\u0105c temperatury od -30\u00b0 do 60\u00b0 C<\/p>\n<p> \tInnowacje Energizera: Od tw\u00f3rc\u00f3w najd\u0142u\u017cej dzia\u0142aj\u0105cej baterii AA na \u015bwiecie, Energizer Ultimate Lithium<\/p>\n","protected":false},"excerpt":{"rendered":"<p>Wykorzystaj w pe\u0142ni swoje najpotrzebniejsze urz\u0105dzenia dzi\u0119ki niezawodnej, d\u0142u\u017cszej \u017cywotno\u015bci, jakiej mo\u017cesz oczekiwa\u0107 od Energizer. Zaopatrz si\u0119 w baterie CR2032 Energizer do zegark\u00f3w i urz\u0105dze\u0144 do noszenia, a tak\u017ce baterie do brelok\u00f3w, pilot\u00f3w, czujnik\u00f3w alarmowych i wag. Ten zestaw baterii jest r\u00f3wnie\u017c doskona\u0142ym wyborem, je\u015bli potrzebujesz nowej baterii do kluczyka samochodowego. Ka\u017cda bateria litowa Energizer CR2032 zachowuje moc do 10 lat podczas przechowywania i mo\u017ce wytrzyma\u0107 temperatury od -30\u00ba do 60\u00baC &#8211; s\u0105 zawsze gotowe, gdy jeste\u015b. Opr\u00f3cz rozmiaru 2032 (lub KECR2032), gama baterii Energizer obejmuje r\u00f3wnie\u017c baterie 2025, 2016 i LR44\/A76, dzi\u0119ki czemu \u0142atwo jest znale\u017a\u0107 niezawodne zasilanie w potrzebnym rozmiarze.<\/p>\n","protected":false},"featured_media":0,"template":"","meta":{"_acf_changed":false},"product_brand":[],"product_cat":[58],"product_tag":[],"class_list":{"0":"post-7792","1":"product","2":"type-product","3":"status-publish","5":"product_cat-specialty","7":"first","8":"instock","9":"shipping-taxable","10":"product-type-simple"},"acf":[],"_links":{"self":[{"href":"https:\/\/energizer.com\/eu\/poland\/wp-json\/wp\/v2\/product\/7792","targetHints":{"allow":["GET"]}}],"collection":[{"href":"https:\/\/energizer.com\/eu\/poland\/wp-json\/wp\/v2\/product"}],"about":[{"href":"https:\/\/energizer.com\/eu\/poland\/wp-json\/wp\/v2\/types\/product"}],"version-history":[{"count":14,"href":"https:\/\/energizer.com\/eu\/poland\/wp-json\/wp\/v2\/product\/7792\/revisions"}],"predecessor-version":[{"id":11070,"href":"https:\/\/energizer.com\/eu\/poland\/wp-json\/wp\/v2\/product\/7792\/revisions\/11070"}],"wp:attachment":[{"href":"https:\/\/energizer.com\/eu\/poland\/wp-json\/wp\/v2\/media?parent=7792"}],"wp:term":[{"taxonomy":"product_brand","embeddable":true,"href":"https:\/\/energizer.com\/eu\/poland\/wp-json\/wp\/v2\/product_brand?post=7792"},{"taxonomy":"product_cat","embeddable":true,"href":"https:\/\/energizer.com\/eu\/poland\/wp-json\/wp\/v2\/product_cat?post=7792"},{"taxonomy":"product_tag","embeddable":true,"href":"https:\/\/energizer.com\/eu\/poland\/wp-json\/wp\/v2\/product_tag?post=7792"}],"curies":[{"name":"wp","href":"https:\/\/api.w.org\/{rel}","templated":true}]}}