{"id":10031,"date":"2024-08-20T09:10:47","date_gmt":"2024-08-20T09:10:47","guid":{"rendered":"https:\/\/23b13e8ab3.nxcli.io\/spain\/?post_type=product&#038;p=10031"},"modified":"2024-08-22T07:34:56","modified_gmt":"2024-08-22T07:34:56","slug":"energizer-recharge-power-plus-c","status":"publish","type":"product","link":"https:\/\/energizer.com\/eu\/spain\/product\/energizer-recharge-power-plus-c\/","title":{"rendered":"ENERGIZER\u00ae RECHARGE POWER PLUS \u2013 C"},"content":{"rendered":"<ul>\n<li>Paquete de 2 pilas Energizer Accu Recharge Power Plus C<\/li>\n<li>Larga Duraci\u00f3n: Cada carga proporciona energ\u00eda de larga duraci\u00f3n para tus dispositivos de uso diario<\/li>\n<li>Energ\u00eda Confiable: Pilas recargables ideales para dispositivos cotidianos y de alta tecnolog\u00eda, como radios port\u00e1tiles, juguetes y linternas<\/li>\n<li>Protecci\u00f3n Contra Fugas: Las pilas recargables Energizer est\u00e1n dise\u00f1adas para proteger sus dispositivos esenciales de fugas da\u00f1inas en condiciones de uso normales<\/li>\n<li>Recargable: Cada bater\u00eda se puede cargar cientos de veces, con hasta 3 a\u00f1os de vida \u00fatil de la bater\u00eda<\/li>\n<li>Elegida por los Consumidores: Energizer es la marca de pilas recargables No. 1 del mundo, seg\u00fan datos de los puntos de venta<\/li>\n<li>Innovaci\u00f3n Energizer: La primera pila C recargable del mundo fabricada con un 7% de material reciclado<\/li>\n<li>Embalajes 100% Reciclables: Los Embalajes Energizer son 100% reciclables, apoyan la silvicultura responsable y no contienen pl\u00e1stico, excepto los precintos de algunos embalajes<\/li>\n<\/ul>\n","protected":false},"excerpt":{"rendered":"<p>Saque el m\u00e1ximo partido a sus dispositivos cotidianos con la fiable potencia de las pilas Energizer Accu Recharge Power Plus C. Abast\u00e9zcase de pilas para c\u00e1maras, juguetes y radios port\u00e1tiles, as\u00ed como de pilas recargables para linternas. Siempre listas cuando usted lo est\u00e9, estas pilas C de Energizer vienen completamente cargadas. Cada pila puede recargarse cientos de veces, con una duraci\u00f3n de hasta 3 a\u00f1os en condiciones de uso normales. Cargue sus pilas con el cargador de pilas Energizer C para alimentar los dispositivos que m\u00e1s le gustan. Cada pila C recargable est\u00e1 dise\u00f1ada para proteger sus dispositivos esenciales de fugas da\u00f1inas en condiciones de uso normales. La gama Energizer Accu Recharge Power Plus tambi\u00e9n incluye pilas AA, AAA, D y 9V, por lo que es f\u00e1cil encontrar energ\u00eda fiable en el tama\u00f1o que necesita. Energizer entiende lo importante que es cuidar nuestro planeta y sus espacios verdes. Por eso estas pilas se venden en envases 100% reciclables y sin pl\u00e1stico* que apoyan la silvicultura responsable. Tenga en cuenta que el paquete de pilas Energizer que reciba puede variar del que se muestra, dependiendo del inventario de la tienda. Gracias por su paciencia durante la transici\u00f3n al embalaje reciclable. *Excluidos los precintos de algunos embalajes<\/p>\n","protected":false},"featured_media":0,"comment_status":"open","ping_status":"closed","template":"","meta":{"_acf_changed":false},"product_brand":[],"product_cat":[31],"product_tag":[],"class_list":{"0":"post-10031","1":"product","2":"type-product","3":"status-publish","5":"product_cat-energizer-recharge","7":"first","8":"instock","9":"shipping-taxable","10":"product-type-simple"},"acf":[],"_links":{"self":[{"href":"https:\/\/energizer.com\/eu\/spain\/wp-json\/wp\/v2\/product\/10031","targetHints":{"allow":["GET"]}}],"collection":[{"href":"https:\/\/energizer.com\/eu\/spain\/wp-json\/wp\/v2\/product"}],"about":[{"href":"https:\/\/energizer.com\/eu\/spain\/wp-json\/wp\/v2\/types\/product"}],"replies":[{"embeddable":true,"href":"https:\/\/energizer.com\/eu\/spain\/wp-json\/wp\/v2\/comments?post=10031"}],"version-history":[{"count":1,"href":"https:\/\/energizer.com\/eu\/spain\/wp-json\/wp\/v2\/product\/10031\/revisions"}],"predecessor-version":[{"id":10032,"href":"https:\/\/energizer.com\/eu\/spain\/wp-json\/wp\/v2\/product\/10031\/revisions\/10032"}],"wp:attachment":[{"href":"https:\/\/energizer.com\/eu\/spain\/wp-json\/wp\/v2\/media?parent=10031"}],"wp:term":[{"taxonomy":"product_brand","embeddable":true,"href":"https:\/\/energizer.com\/eu\/spain\/wp-json\/wp\/v2\/product_brand?post=10031"},{"taxonomy":"product_cat","embeddable":true,"href":"https:\/\/energizer.com\/eu\/spain\/wp-json\/wp\/v2\/product_cat?post=10031"},{"taxonomy":"product_tag","embeddable":true,"href":"https:\/\/energizer.com\/eu\/spain\/wp-json\/wp\/v2\/product_tag?post=10031"}],"curies":[{"name":"wp","href":"https:\/\/api.w.org\/{rel}","templated":true}]}}