{"id":3316,"date":"2024-05-13T08:15:24","date_gmt":"2024-05-13T08:15:24","guid":{"rendered":"http:\/\/64.91.246.76\/~energizer\/?post_type=product&#038;p=3316"},"modified":"2024-08-22T08:06:28","modified_gmt":"2024-08-22T08:06:28","slug":"energizer-alkaline-power-d","status":"publish","type":"product","link":"https:\/\/energizer.com\/eu\/spain\/product\/energizer-alkaline-power-d\/","title":{"rendered":"ENERGIZER\u00ae ALKALINE POWER &#8211; D"},"content":{"rendered":"<ul>\n<li>Pilas Energizer Alkaline Power D<\/li>\n<li>Larga Duraci\u00f3n: Energ\u00eda fiable para que tus dispositivos sigan funcionando<\/li>\n<li>Energ\u00eda Confiable: Pilas alcalinas D para los art\u00edculos cotidianos m\u00e1s demandados, como timbres, juguetes, linternas, radios port\u00e1tiles y mucho m\u00e1s<\/li>\n<li>Confiables: Estas pilas alcalinas Energizer tienen una vida \u00fatil de hasta 7 a\u00f1os, por lo que siempre estar\u00e1n listas cuando las necesite<\/li>\n<li>Innovaci\u00f3n Energizer: De los creadores de la pila AA m\u00e1s duradera del mundo, Energizer Ultimate Lithium<\/li>\n<\/ul>\n","protected":false},"excerpt":{"rendered":"<p>Saque el m\u00e1ximo partido a sus dispositivos esenciales con la energ\u00eda confiable y duradera que cabe esperar de Energizer. Aprovisi\u00f3nese de pilas alcalinas Energizer D para las luces, as\u00ed como de pilas para linternas y alarmas de seguridad. Las pilas Energizer Alkaline Power D mantienen la energ\u00eda hasta 7 a\u00f1os. Con Energizer, la energ\u00eda estar\u00e1 lista cuando usted lo est\u00e9. La gama Energizer Alkaline Power tambi\u00e9n incluye pilas AA, AAA, C y 9V, por lo que es f\u00e1cil encontrar energ\u00eda confiable en el tama\u00f1o que necesita.<\/p>\n","protected":false},"featured_media":0,"comment_status":"open","ping_status":"closed","template":"","meta":{"_acf_changed":false},"product_brand":[],"product_cat":[57],"product_tag":[],"class_list":{"0":"post-3316","1":"product","2":"type-product","3":"status-publish","5":"product_cat-alkaline-power","7":"first","8":"instock","9":"shipping-taxable","10":"product-type-simple"},"acf":[],"_links":{"self":[{"href":"https:\/\/energizer.com\/eu\/spain\/wp-json\/wp\/v2\/product\/3316","targetHints":{"allow":["GET"]}}],"collection":[{"href":"https:\/\/energizer.com\/eu\/spain\/wp-json\/wp\/v2\/product"}],"about":[{"href":"https:\/\/energizer.com\/eu\/spain\/wp-json\/wp\/v2\/types\/product"}],"replies":[{"embeddable":true,"href":"https:\/\/energizer.com\/eu\/spain\/wp-json\/wp\/v2\/comments?post=3316"}],"version-history":[{"count":11,"href":"https:\/\/energizer.com\/eu\/spain\/wp-json\/wp\/v2\/product\/3316\/revisions"}],"predecessor-version":[{"id":10186,"href":"https:\/\/energizer.com\/eu\/spain\/wp-json\/wp\/v2\/product\/3316\/revisions\/10186"}],"wp:attachment":[{"href":"https:\/\/energizer.com\/eu\/spain\/wp-json\/wp\/v2\/media?parent=3316"}],"wp:term":[{"taxonomy":"product_brand","embeddable":true,"href":"https:\/\/energizer.com\/eu\/spain\/wp-json\/wp\/v2\/product_brand?post=3316"},{"taxonomy":"product_cat","embeddable":true,"href":"https:\/\/energizer.com\/eu\/spain\/wp-json\/wp\/v2\/product_cat?post=3316"},{"taxonomy":"product_tag","embeddable":true,"href":"https:\/\/energizer.com\/eu\/spain\/wp-json\/wp\/v2\/product_tag?post=3316"}],"curies":[{"name":"wp","href":"https:\/\/api.w.org\/{rel}","templated":true}]}}